{"id":10689,"date":"2024-03-26T15:57:45","date_gmt":"2024-03-26T13:57:45","guid":{"rendered":"https:\/\/nuoretjaosallisuus.fi\/digital-delaktighet-och-digitalt-inflytande\/"},"modified":"2024-03-26T16:03:14","modified_gmt":"2024-03-26T14:03:14","slug":"digital-delaktighet-och-digitalt-inflytande","status":"publish","type":"page","link":"https:\/\/nuoretjaosallisuus.fi\/sv\/digital-delaktighet-och-digitalt-inflytande\/","title":{"rendered":"Digital delaktighet och digitalt inflytande"},"content":{"rendered":"\n<p><\/p>\n\n<p><\/p>\n\n<p>Digital delaktighet handlar om att engagera sig i samh\u00e4llet med hj\u00e4lp av digitala verktyg, applikationer och tj\u00e4nster p\u00e5 ett individuellt l\u00e4mpligt s\u00e4tt. Detta \u00f6ppnar upp f\u00f6r plats- och tidsoberoende, lika m\u00f6jligheter att delta och att utnyttja tj\u00e4nster och att delta i samh\u00e4llsdebatten och annan verksamhet. <\/p>\n\n<p>Lika m\u00f6jligheter f\u00f6r delaktighet f\u00f6rverkligas dock inte automatiskt. Huruvida den digitala delaktigheten f\u00f6rverkligas p\u00e5 ett j\u00e4mlikt s\u00e4tt p\u00e5verkas bland annat av de digitala tj\u00e4nsternas tillg\u00e4nglighet, till exempel av vilka typer av teknologier eller digitala tj\u00e4nster som finns tillg\u00e4ngliga och hur de fungerar. Lika viktigt \u00e4r att de unga f\u00e5r en upplevelse av delaktighet i digitala milj\u00f6er och tj\u00e4nster och att dessa passar ungdomarnas olika behov och livssituationer. \u00c4ven ungdomarnas kunskaper, f\u00e4rdigheter, kompetenser och motivation att anv\u00e4nda sig av digitala tj\u00e4nster eller delta i delaktighetsprocesser \u00e4r centrala. V\u00e4sentligt \u00e4r att ungdomarna f\u00e5r en upplevelse av att kunna p\u00e5verka i det digitala samh\u00e4llet. <\/p>\n\n<p>Fr\u00e4mjandet av den digitala delaktigheten ska ha sin utg\u00e5ngspunkt i att f\u00f6rebygga ungdomarnas digitala oj\u00e4mlikhet. Yrkesutbildade personer som arbetar med ungdomar ska g\u00e4rna identifiera hindren som de digitala milj\u00f6erna eventuellt medf\u00f6r och str\u00e4va efter att f\u00f6rebygga dem. Det \u00e4r viktigt att ungdomarna har p\u00e5litliga och trygga platser och plattformar i digitala milj\u00f6er. De ska erbjudas motiverande och l\u00e4tthanterliga digitala kanaler f\u00f6r att uttrycka sina \u00e5sikter och diskutera samh\u00e4llsfr\u00e5gor och saker som de \u00e4r intresserade av och f\u00f6r att f\u00e5 positiva upplevelser av delaktighet. En s\u00e5dan plattform \u00e4r till exempel E-Panelen som justitieministeriet lanserade v\u00e5ren 2022. D\u00e4r har barn och unga m\u00f6jlighet att delta i diskussioner om olika aktuella \u00e4mnen. Tj\u00e4nsten har som syfte att vara en p\u00e5litlig och trygg plattform f\u00f6r barn och unga att diskutera saker som de \u00e4r intresserade av och som \u00e4r viktiga f\u00f6r dem. <\/p>\n\n<p><\/p>\n\n<h2 class=\"wp-block-heading\">E-Panelen<\/h2>\n\n<p>E-Panelen \u00e4r en webbtj\u00e4nst av justitieministeriet d\u00e4r ungdomar kan delta i diskussioner om olika aktuella \u00e4mnen. Syftet med tj\u00e4nsten \u00e4r att ge alla unga under 29 \u00e5r lika m\u00f6jligheter att g\u00f6ra sin r\u00f6st h\u00f6rd i samh\u00e4llsfr\u00e5gor. Deltagarna i E-panelen diskuterar ett p\u00e5 f\u00f6rhand \u00f6verenskommet tema under 1\u20133 veckor. Diskussionen f\u00f6rs skriftligt under pseudonym p\u00e5 ett internt, slutet diskussionsforum i tj\u00e4nsten. P\u00e5 det s\u00e4ttet tryggas en p\u00e5litlig och trygg milj\u00f6 f\u00f6r diskussioner. <\/p>\n\n<p>Diskussionen leds och \u00f6vervakas av en utbildad moderator som ser till att diskussionen f\u00f6rl\u00f6per tryggt och smidigt. Till slut utformas ett slututtalande om diskussionstemat som publiceras i tj\u00e4nsten. Slututtalandet kan delges till akt\u00f6rer som beh\u00f6ver h\u00f6ra de ungas r\u00f6st. Paneler kan arrangeras av t.ex. ministerier, kommuner, v\u00e4lf\u00e4rdsomr\u00e5den, andra myndigheter eller frivilligorganisationer. Anv\u00e4ndningen av tj\u00e4nsten \u00e4r avgiftsfri b\u00e5de f\u00f6r arrang\u00f6rerna och deltagarna.  <\/p>\n\n<p><\/p>\n\n<h2 class=\"wp-block-heading\">Tillg\u00e5ng till E-Panelen <\/h2>\n\n<p>Du f\u00e5r tillg\u00e5ng till E-Panelen genom att g\u00e5 sj\u00e4lvstudiekursen \u201dE-Panelen som en metod f\u00f6r barn och ungas digitala delaktighet och inflytande\u201d d\u00e4r du p\u00e5 egen hand s\u00e4tter dig in i anv\u00e4ndningen av E-Panelen. Efter kursen f\u00e5r deltagarna m\u00f6jlighet att best\u00e4lla anv\u00e4ndarnamn och l\u00f6senord till E-Panelen f\u00f6r sin organisation. Den som g\u00e5tt kursen kan efter att ha f\u00e5tt anv\u00e4ndarnamn och l\u00f6senord skapa nya paneler och utbilda moderatorer till E-Panelen.  <\/p>\n\n<p><\/p>\n\n<h2 class=\"wp-block-heading\">Exempel p\u00e5 diskussioner i E-Panelen och deras syften <\/h2>\n\n<p>Diskussioner i E-Panelen kan arrangeras och deras slututtalanden anv\u00e4ndas i m\u00e5nga olika syften. Diskussionsresultaten kan ha ett f\u00f6rutbest\u00e4mt syfte eller m\u00e5l, eller s\u00e5 kan m\u00e5let vara att h\u00f6ra ungdomarnas tankar om olika saker. <\/p>\n\n<p>Nedan har vi samlat exempel p\u00e5 diskussioner i E-Panelen och deras arrang\u00f6rer. <\/p>\n\n<ul class=\"wp-block-list\">\n<li><strong><span class=\"TextRun MacChromeBold SCXW84137436 BCX0\" lang=\"SV-SE\" xml:lang=\"SV-SE\" data-contrast=\"auto\"><span class=\"NormalTextRun SCXW84137436 BCX0\">Ungdoms<\/span><span class=\"NormalTextRun SCXW84137436 BCX0\">inriktade<\/span><span class=\"NormalTextRun SCXW84137436 BCX0\"> E-Paneler<\/span><span class=\"NormalTextRun SCXW84137436 BCX0\">: <\/span><\/span><\/strong><span class=\"TextRun SCXW84137436 BCX0\" lang=\"SV-SE\" xml:lang=\"SV-SE\" data-contrast=\"auto\"><span class=\"NormalTextRun SCXW84137436 BCX0\">i <\/span><span class=\"NormalTextRun SCXW84137436 BCX0\">ungdomsinriktade<\/span> <span class=\"NormalTextRun SCXW84137436 BCX0\">E-Paneler kommer temat fr\u00e5n ungdomarna sj\u00e4lva eller r\u00f6r deras liv. Temat kan ocks\u00e5 komma fr\u00e5n en <\/span><span class=\"NormalTextRun SCXW84137436 BCX0\">samarbetspartner s\u00e5som en organisation eller <span class=\"NormalTextRun SCXW30910273 BCX0\">en forskningsorganisation.<\/span> <span class=\"NormalTextRun SCXW30910273 BCX0\">Ungdomsinriktade<\/span><span class=\"NormalTextRun SCXW30910273 BCX0\"> E-Paneler arrangeras av <\/span><span class=\"NormalTextRun ContextualSpellingAndGrammarErrorV2Themed SCXW30910273 BCX0\">R\u00f6da Korsets<\/span><span class=\"NormalTextRun SCXW30910273 BCX0\"> Ungas <\/span><span class=\"NormalTextRun SpellingErrorV2Themed SCXW30910273 BCX0\">skyddshus<\/span> <span class=\"NormalTextRun SCXW30910273 BCX0\">vars <\/span><span class=\"NormalTextRun SCXW30910273 BCX0\">frivilliga ocks\u00e5 modererar diskussionerna. De Ungas <\/span><span class=\"NormalTextRun SpellingErrorV2Themed SCXW30910273 BCX0\">skyddshus<\/span> <span class=\"NormalTextRun SCXW30910273 BCX0\">bidrar till att kommunicera om paneler och att utarbeta slututtalanden <\/span><span class=\"NormalTextRun SCXW30910273 BCX0\">samt <\/span><span class=\"NormalTextRun SCXW30910273 BCX0\">f\u00f6r fram panelernas budskap till akt\u00f6rer som beh\u00f6ver h\u00f6ra de ungas r\u00f6st<\/span><span class=\"NormalTextRun SCXW30910273 BCX0\">.<\/span><\/span><\/span><\/li>\n\n\n\n<li><span class=\"TextRun MacChromeBold SCXW66170534 BCX0\" lang=\"SV-SE\" xml:lang=\"SV-SE\" data-contrast=\"auto\"><strong><span class=\"NormalTextRun SCXW66170534 BCX0\">Kommuninriktade E-Paneler<\/span><\/strong><span class=\"NormalTextRun SCXW66170534 BCX0\"><strong>:<\/strong> <\/span><\/span><span class=\"TextRun SCXW66170534 BCX0\" lang=\"SV-SE\" xml:lang=\"SV-SE\" data-contrast=\"auto\"><span class=\"NormalTextRun SCXW66170534 BCX0\">kommuner kan h\u00f6ra <\/span><span class=\"NormalTextRun SCXW66170534 BCX0\">unga i E-Paneler till exempel kring kommunens utveckling och de ungas \u00f6nskem\u00e5l. <\/span><span class=\"NormalTextRun SCXW66170534 BCX0\">I kommunpaneler har man <\/span><span class=\"NormalTextRun SCXW66170534 BCX0\">bland annat<\/span><span class=\"NormalTextRun SCXW66170534 BCX0\"> samlat ungas tankar <\/span><span class=\"NormalTextRun SCXW66170534 BCX0\">om tryggh<\/span><span class=\"NormalTextRun SCXW66170534 BCX0\">eten i hemkommunens centrum. Kommunerna st\u00e5r f\u00f6r genomf\u00f6randet av sina paneler,<\/span><span class=\"NormalTextRun SCXW66170534 BCX0\"> f\u00f6r kommunikationen till de unga och f\u00f6r utarbetandet av slututtalandet<\/span><span class=\"NormalTextRun SCXW66170534 BCX0\">.<\/span><\/span><span class=\"EOP SCXW66170534 BCX0\" data-ccp-props=\"{&quot;201341983&quot;:0,&quot;335559739&quot;:160,&quot;335559740&quot;:259}\">\u00a0<\/span><\/li>\n\n\n\n<li><strong><span class=\"TextRun MacChromeBold SCXW105340371 BCX0\" lang=\"SV-SE\" xml:lang=\"SV-SE\" data-contrast=\"auto\"><span class=\"NormalTextRun SCXW105340371 BCX0\">E-Paneler <\/span><span class=\"NormalTextRun SCXW105340371 BCX0\">anordnade av v\u00e4lf\u00e4rdsomr\u00e5den<\/span><span class=\"NormalTextRun SCXW105340371 BCX0\">: <\/span><\/span><\/strong><span class=\"TextRun SCXW105340371 BCX0\" lang=\"SV-SE\" xml:lang=\"SV-SE\" data-contrast=\"auto\"><span class=\"NormalTextRun SCXW105340371 BCX0\">v\u00e4lf\u00e4rdsomr\u00e5dena kan engagera och h\u00f6ra unga till exempel kring <\/span><span class=\"NormalTextRun SCXW105340371 BCX0\">v\u00e4lf\u00e4rdsstrategin i sitt omr\u00e5de. <\/span><span class=\"NormalTextRun SCXW105340371 BCX0\">Det \u00e4r projektet <\/span><span class=\"NormalTextRun SCXW105340371 BCX0\">Mot ungdomsv\u00e4lf\u00e4rdsomr\u00e5den<\/span><span class=\"NormalTextRun SCXW105340371 BCX0\"> (2022\u20132024) som ansvarar f\u00f6r v\u00e4lf\u00e4rdsomr\u00e5denas paneler och utbildar omr\u00e5dena i att anv\u00e4nda E-Paneler. <\/span><span class=\"NormalTextRun SCXW105340371 BCX0\">V\u00e4lf\u00e4rdsomr\u00e5dena st\u00e5r f\u00f6r att leda diskussionerna och <\/span><span class=\"NormalTextRun SCXW105340371 BCX0\">f\u00f6r <\/span><span class=\"NormalTextRun SCXW105340371 BCX0\">att bjuda in ungdomar till sina paneler.<\/span><span class=\"NormalTextRun SCXW105340371 BCX0\"> Du kan l\u00e4sa mer om v\u00e4lf\u00e4rdsomr\u00e5denas erfarenheter av E-Panelen<\/span> <\/span><a class=\"Hyperlink SCXW105340371 BCX0\" href=\"https:\/\/nuoretjaosallisuus.fi\/digiraati-apuna-nuorten-kuulemisessa-lue-opit-hyvinvointialueiden-kokeiluista\/\" target=\"_blank\" rel=\"noreferrer noopener\"><span class=\"TextRun Underlined SCXW105340371 BCX0\" lang=\"SV-SE\" xml:lang=\"SV-SE\" data-contrast=\"none\"><span class=\"NormalTextRun SCXW105340371 BCX0\" data-ccp-charstyle=\"Hyperlink\">h\u00e4r<\/span><\/span><\/a><span class=\"TextRun SCXW105340371 BCX0\" lang=\"SV-SE\" xml:lang=\"SV-SE\" data-contrast=\"auto\"><span class=\"NormalTextRun SCXW105340371 BCX0\">.\u00a0<\/span><\/span><span class=\"EOP SCXW105340371 BCX0\" data-ccp-props=\"{&quot;201341983&quot;:0,&quot;335559739&quot;:160,&quot;335559740&quot;:259}\">\u00a0<\/span><\/li>\n\n\n\n<li><strong><span class=\"TextRun MacChromeBold SCXW182659505 BCX0\" lang=\"SV-SE\" xml:lang=\"SV-SE\" data-contrast=\"auto\"><span class=\"NormalTextRun SCXW182659505 BCX0\">E-Paneler anordnade av ministerier och andra myndigheter<\/span><span class=\"NormalTextRun SCXW182659505 BCX0\">: <\/span><\/span><\/strong><span class=\"TextRun SCXW182659505 BCX0\" lang=\"SV-SE\" xml:lang=\"SV-SE\" data-contrast=\"auto\"><span class=\"NormalTextRun SCXW182659505 BCX0\">ministerier och andra tj\u00e4nsteinnehavare <\/span><span class=\"NormalTextRun SCXW182659505 BCX0\">kan engagera unga till exempel genom att h\u00f6ra dem<\/span><span class=\"NormalTextRun SCXW182659505 BCX0\"> kring <\/span><span class=\"NormalTextRun SCXW182659505 BCX0\">lagberedningsprojekt<\/span><span class=\"NormalTextRun SCXW182659505 BCX0\"> eller andra samh\u00e4llsfr\u00e5gor som \u00e4r aktuella f\u00f6r unga.<\/span><span class=\"NormalTextRun SCXW182659505 BCX0\"> Det \u00e4r <\/span><span class=\"NormalTextRun SpellingErrorV2Themed SCXW182659505 BCX0\">Nuorten<\/span> <span class=\"NormalTextRun SpellingErrorV2Themed SCXW182659505 BCX0\">Akatemia<\/span> <span class=\"NormalTextRun SCXW182659505 BCX0\">som ansvarar f\u00f6r att st\u00f6tta ministerierna med att b\u00f6rja anv\u00e4nda <\/span><span class=\"NormalTextRun SCXW182659505 BCX0\">E-Panelen och <\/span><span class=\"NormalTextRun SCXW182659505 BCX0\">med <\/span><span class=\"NormalTextRun SCXW182659505 BCX0\">att genomf\u00f6ra E-paneler, <\/span><span class=\"NormalTextRun SpellingErrorV2Themed SCXW182659505 BCX0\">facilitera<\/span><span class=\"NormalTextRun SCXW182659505 BCX0\"> dem och kommunicera om dem.<\/span> <span class=\"NormalTextRun SCXW182659505 BCX0\">Arrang\u00f6ren st\u00e5r f\u00f6r utarbetandet av slututtalandet<\/span><span class=\"NormalTextRun SCXW182659505 BCX0\">.<\/span><\/span><span class=\"EOP SCXW182659505 BCX0\" data-ccp-props=\"{&quot;201341983&quot;:0,&quot;335559739&quot;:160,&quot;335559740&quot;:259}\">\u00a0<\/span><\/li>\n<\/ul>\n\n<p><\/p>\n\n<h3 class=\"wp-block-heading\">Kontaktpersoner vid fr\u00e5gor om E-Panelen: <\/h3>\n\n<p><\/p>\n\n<p><span class=\"TextRun SCXW212265887 BCX0\" lang=\"SV-SE\" xml:lang=\"SV-SE\" data-contrast=\"auto\"><span class=\"NormalTextRun SCXW212265887 BCX0\">V\u00e4lf\u00e4rdsomr\u00e5den: Ella Rouhe, <a href=\"mailto:ella.rouhe@nuortenakatemia.fi\">ella.rouhe@nuortenakatemia.fi<\/a>, 050 324 4699<\/span><\/span><\/p>\n\n<p>Organisationer: Satu Rantak\u00e4rkk\u00e4, <a href=\"mailto:satu.rantakarkka@redcross.fi\">satu.rantakarkka@redcross.fi<\/a>, 040 677 2636<\/p>\n\n<p><span style=\"color: initial; font-family: -apple-system, BlinkMacSystemFont, 'Segoe UI', Roboto, Oxygen-Sans, Ubuntu, Cantarell, 'Helvetica Neue', sans-serif;\"><span class=\"NormalTextRun SCXW181262420 BCX0\">Ministerier och andra akt\u00f6rer<\/span><span class=\"NormalTextRun SCXW181262420 BCX0\">:<\/span> Mikko S\u00e4\u00e4skilahti, <\/span><a href=\"mailto:mikko.saaskilahti@nuortenakatemia.fi\">mikko.saaskilahti@nuortenakatemia.fi<\/a>, 0400 297 820<\/p>\n","protected":false},"excerpt":{"rendered":"<p>Digital delaktighet handlar om att engagera sig i samh\u00e4llet med hj\u00e4lp av digitala verktyg, applikationer och tj\u00e4nster p\u00e5 ett individuellt l\u00e4mpligt s\u00e4tt. Detta \u00f6ppnar upp f\u00f6r plats- och tidsoberoende, lika m\u00f6jligheter att delta och att utnyttja tj\u00e4nster och att delta i samh\u00e4llsdebatten och annan verksamhet. Lika m\u00f6jligheter f\u00f6r delaktighet f\u00f6rverkligas dock inte automatiskt. Huruvida den &hellip; <a href=\"https:\/\/nuoretjaosallisuus.fi\/sv\/digital-delaktighet-och-digitalt-inflytande\/\" class=\"more-link\">Lue lis\u00e4\u00e4<span class=\"screen-reader-text\"> &#8221;Digital delaktighet och digitalt inflytande&#8221;<\/span><\/a><\/p>\n","protected":false},"author":38,"featured_media":0,"parent":0,"menu_order":0,"comment_status":"closed","ping_status":"closed","template":"","meta":{"_acf_changed":false,"_relevanssi_hide_post":"","_relevanssi_hide_content":"","_relevanssi_pin_for_all":"","_relevanssi_pin_keywords":"","_relevanssi_unpin_keywords":"","_relevanssi_related_keywords":"","_relevanssi_related_include_ids":"","_relevanssi_related_exclude_ids":"","_relevanssi_related_no_append":"","_relevanssi_related_not_related":"","_relevanssi_related_posts":"","_relevanssi_noindex_reason":"","_eb_attr":"","footnotes":""},"class_list":["post-10689","page","type-page","status-publish","hentry"],"acf":[],"yoast_head":"<!-- This site is optimized with the Yoast SEO plugin v27.4 - https:\/\/yoast.com\/product\/yoast-seo-wordpress\/ -->\n<title>Digital delaktighet och digitalt inflytande - Ungas delaktighet<\/title>\n<meta name=\"robots\" content=\"index, follow, max-snippet:-1, max-image-preview:large, max-video-preview:-1\" \/>\n<link rel=\"canonical\" href=\"https:\/\/nuoretjaosallisuus.fi\/sv\/digital-delaktighet-och-digitalt-inflytande\/\" \/>\n<meta property=\"og:locale\" content=\"sv_SE\" \/>\n<meta property=\"og:type\" content=\"article\" \/>\n<meta property=\"og:title\" content=\"Digital delaktighet och digitalt inflytande - Ungas delaktighet\" \/>\n<meta property=\"og:description\" content=\"Digital delaktighet handlar om att engagera sig i samh\u00e4llet med hj\u00e4lp av digitala verktyg, applikationer och tj\u00e4nster p\u00e5 ett individuellt l\u00e4mpligt s\u00e4tt. Detta \u00f6ppnar upp f\u00f6r plats- och tidsoberoende, lika m\u00f6jligheter att delta och att utnyttja tj\u00e4nster och att delta i samh\u00e4llsdebatten och annan verksamhet. Lika m\u00f6jligheter f\u00f6r delaktighet f\u00f6rverkligas dock inte automatiskt. Huruvida den &hellip; Lue lis\u00e4\u00e4 &quot;Digital delaktighet och digitalt inflytande&quot;\" \/>\n<meta property=\"og:url\" content=\"https:\/\/nuoretjaosallisuus.fi\/sv\/digital-delaktighet-och-digitalt-inflytande\/\" \/>\n<meta property=\"og:site_name\" content=\"Ungas delaktighet\" \/>\n<meta property=\"article:modified_time\" content=\"2024-03-26T14:03:14+00:00\" \/>\n<meta name=\"twitter:card\" content=\"summary_large_image\" \/>\n<meta name=\"twitter:label1\" content=\"Ber\u00e4knad l\u00e4stid\" \/>\n\t<meta name=\"twitter:data1\" content=\"5 minuter\" \/>\n<script type=\"application\/ld+json\" class=\"yoast-schema-graph\">{\"@context\":\"https:\\\/\\\/schema.org\",\"@graph\":[{\"@type\":\"WebPage\",\"@id\":\"https:\\\/\\\/nuoretjaosallisuus.fi\\\/sv\\\/digital-delaktighet-och-digitalt-inflytande\\\/\",\"url\":\"https:\\\/\\\/nuoretjaosallisuus.fi\\\/sv\\\/digital-delaktighet-och-digitalt-inflytande\\\/\",\"name\":\"Digital delaktighet och digitalt inflytande - Ungas delaktighet\",\"isPartOf\":{\"@id\":\"https:\\\/\\\/nuoretjaosallisuus.fi\\\/#website\"},\"datePublished\":\"2024-03-26T13:57:45+00:00\",\"dateModified\":\"2024-03-26T14:03:14+00:00\",\"inLanguage\":\"sv-SE\",\"potentialAction\":[{\"@type\":\"ReadAction\",\"target\":[\"https:\\\/\\\/nuoretjaosallisuus.fi\\\/sv\\\/digital-delaktighet-och-digitalt-inflytande\\\/\"]}]},{\"@type\":\"WebSite\",\"@id\":\"https:\\\/\\\/nuoretjaosallisuus.fi\\\/#website\",\"url\":\"https:\\\/\\\/nuoretjaosallisuus.fi\\\/\",\"name\":\"Ungas delaktighet\",\"description\":\"Onnistunutta osallisuutta nuorille\",\"potentialAction\":[{\"@type\":\"SearchAction\",\"target\":{\"@type\":\"EntryPoint\",\"urlTemplate\":\"https:\\\/\\\/nuoretjaosallisuus.fi\\\/?s={search_term_string}\"},\"query-input\":{\"@type\":\"PropertyValueSpecification\",\"valueRequired\":true,\"valueName\":\"search_term_string\"}}],\"inLanguage\":\"sv-SE\"}]}<\/script>\n<!-- \/ Yoast SEO plugin. -->","yoast_head_json":{"title":"Digital delaktighet och digitalt inflytande - Ungas delaktighet","robots":{"index":"index","follow":"follow","max-snippet":"max-snippet:-1","max-image-preview":"max-image-preview:large","max-video-preview":"max-video-preview:-1"},"canonical":"https:\/\/nuoretjaosallisuus.fi\/sv\/digital-delaktighet-och-digitalt-inflytande\/","og_locale":"sv_SE","og_type":"article","og_title":"Digital delaktighet och digitalt inflytande - Ungas delaktighet","og_description":"Digital delaktighet handlar om att engagera sig i samh\u00e4llet med hj\u00e4lp av digitala verktyg, applikationer och tj\u00e4nster p\u00e5 ett individuellt l\u00e4mpligt s\u00e4tt. Detta \u00f6ppnar upp f\u00f6r plats- och tidsoberoende, lika m\u00f6jligheter att delta och att utnyttja tj\u00e4nster och att delta i samh\u00e4llsdebatten och annan verksamhet. Lika m\u00f6jligheter f\u00f6r delaktighet f\u00f6rverkligas dock inte automatiskt. Huruvida den &hellip; Lue lis\u00e4\u00e4 \"Digital delaktighet och digitalt inflytande\"","og_url":"https:\/\/nuoretjaosallisuus.fi\/sv\/digital-delaktighet-och-digitalt-inflytande\/","og_site_name":"Ungas delaktighet","article_modified_time":"2024-03-26T14:03:14+00:00","twitter_card":"summary_large_image","twitter_misc":{"Ber\u00e4knad l\u00e4stid":"5 minuter"},"schema":{"@context":"https:\/\/schema.org","@graph":[{"@type":"WebPage","@id":"https:\/\/nuoretjaosallisuus.fi\/sv\/digital-delaktighet-och-digitalt-inflytande\/","url":"https:\/\/nuoretjaosallisuus.fi\/sv\/digital-delaktighet-och-digitalt-inflytande\/","name":"Digital delaktighet och digitalt inflytande - Ungas delaktighet","isPartOf":{"@id":"https:\/\/nuoretjaosallisuus.fi\/#website"},"datePublished":"2024-03-26T13:57:45+00:00","dateModified":"2024-03-26T14:03:14+00:00","inLanguage":"sv-SE","potentialAction":[{"@type":"ReadAction","target":["https:\/\/nuoretjaosallisuus.fi\/sv\/digital-delaktighet-och-digitalt-inflytande\/"]}]},{"@type":"WebSite","@id":"https:\/\/nuoretjaosallisuus.fi\/#website","url":"https:\/\/nuoretjaosallisuus.fi\/","name":"Ungas delaktighet","description":"Onnistunutta osallisuutta nuorille","potentialAction":[{"@type":"SearchAction","target":{"@type":"EntryPoint","urlTemplate":"https:\/\/nuoretjaosallisuus.fi\/?s={search_term_string}"},"query-input":{"@type":"PropertyValueSpecification","valueRequired":true,"valueName":"search_term_string"}}],"inLanguage":"sv-SE"}]}},"_links":{"self":[{"href":"https:\/\/nuoretjaosallisuus.fi\/sv\/wp-json\/wp\/v2\/pages\/10689","targetHints":{"allow":["GET"]}}],"collection":[{"href":"https:\/\/nuoretjaosallisuus.fi\/sv\/wp-json\/wp\/v2\/pages"}],"about":[{"href":"https:\/\/nuoretjaosallisuus.fi\/sv\/wp-json\/wp\/v2\/types\/page"}],"author":[{"embeddable":true,"href":"https:\/\/nuoretjaosallisuus.fi\/sv\/wp-json\/wp\/v2\/users\/38"}],"replies":[{"embeddable":true,"href":"https:\/\/nuoretjaosallisuus.fi\/sv\/wp-json\/wp\/v2\/comments?post=10689"}],"version-history":[{"count":4,"href":"https:\/\/nuoretjaosallisuus.fi\/sv\/wp-json\/wp\/v2\/pages\/10689\/revisions"}],"predecessor-version":[{"id":10696,"href":"https:\/\/nuoretjaosallisuus.fi\/sv\/wp-json\/wp\/v2\/pages\/10689\/revisions\/10696"}],"wp:attachment":[{"href":"https:\/\/nuoretjaosallisuus.fi\/sv\/wp-json\/wp\/v2\/media?parent=10689"}],"curies":[{"name":"wp","href":"https:\/\/api.w.org\/{rel}","templated":true}]}}