{"id":1496,"date":"2019-11-21T15:10:12","date_gmt":"2019-11-21T13:10:12","guid":{"rendered":"https:\/\/nuoretjaosallisuus.fi\/yhteystiedot\/"},"modified":"2023-02-16T14:11:04","modified_gmt":"2023-02-16T12:11:04","slug":"kontakt","status":"publish","type":"page","link":"https:\/\/nuoretjaosallisuus.fi\/sv\/kontakt\/","title":{"rendered":"Kontakt"},"content":{"rendered":"\n<h1 class=\"wp-block-heading\">Kontakta oss!<\/h1>\n\n\n\n<p>Utvecklingscentralen L\u00e4rorik, Nuorten Akatemia, Finlands Ungdomsfullm\u00e4ktiges F\u00f6rbund, Koordinaatti och R\u00f6da Korset \/ De ungas skyddshus bildar tillsammans Kompetenscentret f\u00f6r ungas delaktighet, Osallisuuden osaamiskeskus. Ta g\u00e4rna kontakt: <\/p>\n\n\n\n<h2 class=\"wp-block-heading\">Utvecklingscentralen L\u00e4rorik<\/h2>\n\n\n\n<p>Suvi Kyt\u00f6harju<br>Specialsakkunnig<br>fornamn.efternamn@opinkirjo.fi<br>+358 50 501 4300<\/p>\n\n\n\n<h2 class=\"wp-block-heading\"><strong>Nuorten Akatemia<\/strong><\/h2>\n\n\n\n<p>Mikko S\u00e4\u00e4skilahti<br>Utvecklingschef<br>fornamn.efternamn@nuortenakatemia.fi<br>+358 400 297 820<\/p>\n\n\n\n<p>Antti Ollikainen<br>Projektkoordinator<br>fornamn.efternamn@nuortenakatemia.fi<br>+358 50 3384 485<\/p>\n\n\n\n<h2 class=\"wp-block-heading\"><strong>Finlands Ungdomsfullm\u00e4ktiges F\u00f6rbund<\/strong><\/h2>\n\n\n\n<p>Susanna Ranta<br>Delaktighetssakkunnig<br>fornamn.efternamn@nuva.fi<br>+358 50 501 8134<\/p>\n\n\n\n<h2 class=\"wp-block-heading\">Koordinaatti<\/h2>\n\n\n\n<p>Pirjo Kovalainen<br>Planerare<br>fornamn.efternamn@ouka.fi<br>+358 44 703 8303<\/p>\n\n\n\n<h2 class=\"wp-block-heading\">R\u00f6da Korset \/ De ungas skyddshus<\/h2>\n\n\n\n<p>Satu Rantak\u00e4rkk\u00e4<br>fornamn.efternamn@redcross.fi<br>+358 40 677 2636<\/p>\n\n\n\n<div style=\"height:35px\" aria-hidden=\"true\" class=\"wp-block-spacer\"><\/div>\n\n\n\n<p><em>Kompetenscentret syfte \u00e4r att \u00f6ka f\u00f6rst\u00e5elsen f\u00f6r, informationen om och beredskapen till ungas delaktighet, samt fr\u00e4mja utvecklingen och realiseringen av m\u00f6jligheter till p\u00e5verkan inom den offentliga f\u00f6rvaltningen.<\/em><\/p>\n","protected":false},"excerpt":{"rendered":"<p>Kontakta oss! Utvecklingscentralen L\u00e4rorik, Nuorten Akatemia, Finlands Ungdomsfullm\u00e4ktiges F\u00f6rbund, Koordinaatti och R\u00f6da Korset \/ De ungas skyddshus bildar tillsammans Kompetenscentret f\u00f6r ungas delaktighet, Osallisuuden osaamiskeskus. Ta g\u00e4rna kontakt: Utvecklingscentralen L\u00e4rorik Suvi Kyt\u00f6harjuSpecialsakkunnigfornamn.efternamn@opinkirjo.fi+358 50 501 4300 Nuorten Akatemia Mikko S\u00e4\u00e4skilahtiUtvecklingscheffornamn.efternamn@nuortenakatemia.fi+358 400 297 820 Antti OllikainenProjektkoordinatorfornamn.efternamn@nuortenakatemia.fi+358 50 3384 485 Finlands Ungdomsfullm\u00e4ktiges F\u00f6rbund Susanna RantaDelaktighetssakkunnigfornamn.efternamn@nuva.fi+358 50 501 8134 &hellip; <a href=\"https:\/\/nuoretjaosallisuus.fi\/sv\/kontakt\/\" class=\"more-link\">Lue lis\u00e4\u00e4<span class=\"screen-reader-text\"> &#8221;Kontakt&#8221;<\/span><\/a><\/p>\n","protected":false},"author":38,"featured_media":0,"parent":0,"menu_order":0,"comment_status":"closed","ping_status":"closed","template":"","meta":{"_acf_changed":false,"_relevanssi_hide_post":"","_relevanssi_hide_content":"","_relevanssi_pin_for_all":"","_relevanssi_pin_keywords":"","_relevanssi_unpin_keywords":"","_relevanssi_related_keywords":"","_relevanssi_related_include_ids":"","_relevanssi_related_exclude_ids":"","_relevanssi_related_no_append":"","_relevanssi_related_not_related":"","_relevanssi_related_posts":"","_relevanssi_noindex_reason":"","_eb_attr":"","footnotes":""},"class_list":["post-1496","page","type-page","status-publish","hentry"],"acf":[],"yoast_head":"<!-- This site is optimized with the Yoast SEO plugin v27.4 - https:\/\/yoast.com\/product\/yoast-seo-wordpress\/ -->\n<title>Kontakt - Ungas delaktighet<\/title>\n<meta name=\"robots\" content=\"index, follow, max-snippet:-1, max-image-preview:large, max-video-preview:-1\" \/>\n<link rel=\"canonical\" href=\"https:\/\/nuoretjaosallisuus.fi\/sv\/kontakt\/\" \/>\n<meta property=\"og:locale\" content=\"sv_SE\" \/>\n<meta property=\"og:type\" content=\"article\" \/>\n<meta property=\"og:title\" content=\"Kontakt - Ungas delaktighet\" \/>\n<meta property=\"og:description\" content=\"Kontakta oss! Utvecklingscentralen L\u00e4rorik, Nuorten Akatemia, Finlands Ungdomsfullm\u00e4ktiges F\u00f6rbund, Koordinaatti och R\u00f6da Korset \/ De ungas skyddshus bildar tillsammans Kompetenscentret f\u00f6r ungas delaktighet, Osallisuuden osaamiskeskus. Ta g\u00e4rna kontakt: Utvecklingscentralen L\u00e4rorik Suvi Kyt\u00f6harjuSpecialsakkunnigfornamn.efternamn@opinkirjo.fi+358 50 501 4300 Nuorten Akatemia Mikko S\u00e4\u00e4skilahtiUtvecklingscheffornamn.efternamn@nuortenakatemia.fi+358 400 297 820 Antti OllikainenProjektkoordinatorfornamn.efternamn@nuortenakatemia.fi+358 50 3384 485 Finlands Ungdomsfullm\u00e4ktiges F\u00f6rbund Susanna RantaDelaktighetssakkunnigfornamn.efternamn@nuva.fi+358 50 501 8134 &hellip; Lue lis\u00e4\u00e4 &quot;Kontakt&quot;\" \/>\n<meta property=\"og:url\" content=\"https:\/\/nuoretjaosallisuus.fi\/sv\/kontakt\/\" \/>\n<meta property=\"og:site_name\" content=\"Ungas delaktighet\" \/>\n<meta property=\"article:modified_time\" content=\"2023-02-16T12:11:04+00:00\" \/>\n<meta name=\"twitter:card\" content=\"summary_large_image\" \/>\n<meta name=\"twitter:label1\" content=\"Ber\u00e4knad l\u00e4stid\" \/>\n\t<meta name=\"twitter:data1\" content=\"1 minut\" \/>\n<script type=\"application\/ld+json\" class=\"yoast-schema-graph\">{\"@context\":\"https:\\\/\\\/schema.org\",\"@graph\":[{\"@type\":\"WebPage\",\"@id\":\"https:\\\/\\\/nuoretjaosallisuus.fi\\\/sv\\\/kontakt\\\/\",\"url\":\"https:\\\/\\\/nuoretjaosallisuus.fi\\\/sv\\\/kontakt\\\/\",\"name\":\"Kontakt - Ungas delaktighet\",\"isPartOf\":{\"@id\":\"https:\\\/\\\/nuoretjaosallisuus.fi\\\/#website\"},\"datePublished\":\"2019-11-21T13:10:12+00:00\",\"dateModified\":\"2023-02-16T12:11:04+00:00\",\"inLanguage\":\"sv-SE\",\"potentialAction\":[{\"@type\":\"ReadAction\",\"target\":[\"https:\\\/\\\/nuoretjaosallisuus.fi\\\/sv\\\/kontakt\\\/\"]}]},{\"@type\":\"WebSite\",\"@id\":\"https:\\\/\\\/nuoretjaosallisuus.fi\\\/#website\",\"url\":\"https:\\\/\\\/nuoretjaosallisuus.fi\\\/\",\"name\":\"Ungas delaktighet\",\"description\":\"Onnistunutta osallisuutta nuorille\",\"potentialAction\":[{\"@type\":\"SearchAction\",\"target\":{\"@type\":\"EntryPoint\",\"urlTemplate\":\"https:\\\/\\\/nuoretjaosallisuus.fi\\\/?s={search_term_string}\"},\"query-input\":{\"@type\":\"PropertyValueSpecification\",\"valueRequired\":true,\"valueName\":\"search_term_string\"}}],\"inLanguage\":\"sv-SE\"}]}<\/script>\n<!-- \/ Yoast SEO plugin. -->","yoast_head_json":{"title":"Kontakt - Ungas delaktighet","robots":{"index":"index","follow":"follow","max-snippet":"max-snippet:-1","max-image-preview":"max-image-preview:large","max-video-preview":"max-video-preview:-1"},"canonical":"https:\/\/nuoretjaosallisuus.fi\/sv\/kontakt\/","og_locale":"sv_SE","og_type":"article","og_title":"Kontakt - Ungas delaktighet","og_description":"Kontakta oss! Utvecklingscentralen L\u00e4rorik, Nuorten Akatemia, Finlands Ungdomsfullm\u00e4ktiges F\u00f6rbund, Koordinaatti och R\u00f6da Korset \/ De ungas skyddshus bildar tillsammans Kompetenscentret f\u00f6r ungas delaktighet, Osallisuuden osaamiskeskus. Ta g\u00e4rna kontakt: Utvecklingscentralen L\u00e4rorik Suvi Kyt\u00f6harjuSpecialsakkunnigfornamn.efternamn@opinkirjo.fi+358 50 501 4300 Nuorten Akatemia Mikko S\u00e4\u00e4skilahtiUtvecklingscheffornamn.efternamn@nuortenakatemia.fi+358 400 297 820 Antti OllikainenProjektkoordinatorfornamn.efternamn@nuortenakatemia.fi+358 50 3384 485 Finlands Ungdomsfullm\u00e4ktiges F\u00f6rbund Susanna RantaDelaktighetssakkunnigfornamn.efternamn@nuva.fi+358 50 501 8134 &hellip; Lue lis\u00e4\u00e4 \"Kontakt\"","og_url":"https:\/\/nuoretjaosallisuus.fi\/sv\/kontakt\/","og_site_name":"Ungas delaktighet","article_modified_time":"2023-02-16T12:11:04+00:00","twitter_card":"summary_large_image","twitter_misc":{"Ber\u00e4knad l\u00e4stid":"1 minut"},"schema":{"@context":"https:\/\/schema.org","@graph":[{"@type":"WebPage","@id":"https:\/\/nuoretjaosallisuus.fi\/sv\/kontakt\/","url":"https:\/\/nuoretjaosallisuus.fi\/sv\/kontakt\/","name":"Kontakt - Ungas delaktighet","isPartOf":{"@id":"https:\/\/nuoretjaosallisuus.fi\/#website"},"datePublished":"2019-11-21T13:10:12+00:00","dateModified":"2023-02-16T12:11:04+00:00","inLanguage":"sv-SE","potentialAction":[{"@type":"ReadAction","target":["https:\/\/nuoretjaosallisuus.fi\/sv\/kontakt\/"]}]},{"@type":"WebSite","@id":"https:\/\/nuoretjaosallisuus.fi\/#website","url":"https:\/\/nuoretjaosallisuus.fi\/","name":"Ungas delaktighet","description":"Onnistunutta osallisuutta nuorille","potentialAction":[{"@type":"SearchAction","target":{"@type":"EntryPoint","urlTemplate":"https:\/\/nuoretjaosallisuus.fi\/?s={search_term_string}"},"query-input":{"@type":"PropertyValueSpecification","valueRequired":true,"valueName":"search_term_string"}}],"inLanguage":"sv-SE"}]}},"_links":{"self":[{"href":"https:\/\/nuoretjaosallisuus.fi\/sv\/wp-json\/wp\/v2\/pages\/1496","targetHints":{"allow":["GET"]}}],"collection":[{"href":"https:\/\/nuoretjaosallisuus.fi\/sv\/wp-json\/wp\/v2\/pages"}],"about":[{"href":"https:\/\/nuoretjaosallisuus.fi\/sv\/wp-json\/wp\/v2\/types\/page"}],"author":[{"embeddable":true,"href":"https:\/\/nuoretjaosallisuus.fi\/sv\/wp-json\/wp\/v2\/users\/38"}],"replies":[{"embeddable":true,"href":"https:\/\/nuoretjaosallisuus.fi\/sv\/wp-json\/wp\/v2\/comments?post=1496"}],"version-history":[{"count":15,"href":"https:\/\/nuoretjaosallisuus.fi\/sv\/wp-json\/wp\/v2\/pages\/1496\/revisions"}],"predecessor-version":[{"id":8564,"href":"https:\/\/nuoretjaosallisuus.fi\/sv\/wp-json\/wp\/v2\/pages\/1496\/revisions\/8564"}],"wp:attachment":[{"href":"https:\/\/nuoretjaosallisuus.fi\/sv\/wp-json\/wp\/v2\/media?parent=1496"}],"curies":[{"name":"wp","href":"https:\/\/api.w.org\/{rel}","templated":true}]}}