{"id":2846,"date":"2021-01-15T10:15:32","date_gmt":"2021-01-15T08:15:32","guid":{"rendered":"https:\/\/nuoretjaosallisuus.fi\/?page_id=2846"},"modified":"2021-03-19T10:18:52","modified_gmt":"2021-03-19T08:18:52","slug":"bakgrund","status":"publish","type":"page","link":"https:\/\/nuoretjaosallisuus.fi\/sv\/bakgrund\/","title":{"rendered":"Bakgrund"},"content":{"rendered":"\n<p>Kvalitetskriterierna f\u00f6r ungas delaktighet har utvecklats som en del av verksamheten vid kompetenscentren inom ungdomsarbetet, med underst\u00f6d av undervisnings- och kulturministeriet. De 12 kompetenscenter som valts ut av ministerier har till uppgift att utveckla och fr\u00e4mja kompetenser och expertis inom ungdomsomr\u00e5det genom att producera, sammanst\u00e4lla och sprida information i enlighet med ungdomslagen.<\/p>\n\n\n\n<p>Utvecklingscentralen L\u00e4rorik, Nuorten Akatemia, Koordinaatti och Finlands Ungdomsfullm\u00e4ktiges F\u00f6rbund bildar tillsammans kompetenscentret Osallisuuden osaamiskeskus. Sammanslutningens syfte \u00e4r att \u00f6ka f\u00f6rst\u00e5elsen f\u00f6r, informationen om och beredskap till ungas delaktighet. Samt fr\u00e4mja utvecklingen och realiseringen av m\u00f6jligheter till p\u00e5verkan inom den offentliga f\u00f6rvaltningen. En av kompetenscentrets uppgifter har varit att producera kvalitetskriterier f\u00f6r ungas delaktighet. Utvecklingscentralen L\u00e4rorik har haft huvudansvaret f\u00f6r kvalitetskriterierna.<\/p>\n\n\n\n<p>Ut\u00f6ver g\u00e4llande lagar och f\u00f6rordningar har vi ocks\u00e5 anv\u00e4nts oss av litteratur, och vi har samarbetat med ungdomar, kommuner och organisationer. De har hj\u00e4lpt oss i arbetet med att utveckla och kommentera kvalitetskriterierna. Bland annat f\u00f6ljande organisationer har deltagit i utvecklingsarbetet: Forskningsprojektet ALL-YOUTH \u2013 Alla unga vill best\u00e4mma \u00f6ver sitt eget liv (R\u00e5det f\u00f6r strategisk forskning vid Finlands Akademi 2018-2023), Celia, Esbo stads ungdomstj\u00e4nster, Fredrikshamns stads ungdomstj\u00e4nster, Helsingfors stads ungdomscentral, Invalidf\u00f6rbundet, Kervo stads ungdomstj\u00e4nster \/ projektet Osaamista osallisuuteen, Nuori kirkko ry, p\u00e5verkansgruppen f\u00f6r unga vuxna Navi, Nuorten Suomi ry, justitieministeriet, Ule\u00e5borgs stads ungdomstj\u00e4nster, Takf\u00f6rbundet f\u00f6r Finlands ungdomsomr\u00e5de Allianssi, gymnasieelever vid Tampereen Reaalilyseo, Tusby kommun och medlemmar av ungdomsfullm\u00e4ktige som deltagit i evenemang som ordnats av Finlands Ungdomsfullm\u00e4ktiges F\u00f6rbund runt om i Finland.<\/p>\n\n\n\n<h3 class=\"wp-block-heading\">K\u00e4llor<\/h3>\n\n\n\n<p>Gretschel, Anu &amp; Kiilakoski, Tomi (2012). Demokratian oppitunti: Lasten ja nuorten kunta 2010-luvun alussa. Nuorisotutkimusverkosto: Helsinki.<\/p>\n\n\n\n<p>Gretschel, Anu &amp; Kiilakoski, Tomi (toim.) (2007). Lasten ja nuorten kunta. Julkaisuja 77. Nuorisotutkimusseura: Helsinki.<\/p>\n\n\n\n<p>Hipp, Tiia ym. (2018). Nuorten \u00e4\u00e4nen pit\u00e4\u00e4 kuulua! Nuorten osallisuus p\u00e4\u00e4t\u00f6ksenteossa. Lastensuojelun Keskusliiton verkkojulkaisu 6\/2018.<\/p>\n\n\n\n<p>Wilenius-Rouvinen, P\u00e4ivi (2014). \u201dKohti osallisuutta \u2013 mik\u00e4 est\u00e4\u00e4, mik\u00e4 mahdollistaa\u201d. Teoksessa J\u00e4ms\u00e9n, Arja &amp; Pyykk\u00f6nen, Anne (toim.) Osallisuuden j\u00e4ljill\u00e4. Pohjois-Karjalan Sosiaaliturvayhdistys ry: Joensuu.<\/p>\n\n\n\n<p><a href=\"https:\/\/www.finlex.fi\/sv\/laki\/ajantasa\/1999\/19990731\">Finlands grundlag (Finlex)<\/a><\/p>\n\n\n\n<p><a href=\"https:\/\/unicef.se\/barnkonventionen\/las-texten\">FN:s konvention om barnets r\u00e4ttigheter (Unicef)<\/a><\/p>\n\n\n\n<p><a href=\"https:\/\/www.finlex.fi\/sv\/laki\/alkup\/2018\/20180714\">Gymnasielag (Finlex)<\/a><\/p>\n\n\n\n<p><a href=\"https:\/\/www.finlex.fi\/sv\/laki\/alkup\/2015\/20150410\">Kommunallag (Finlex)<\/a><\/p>\n\n\n\n<p><a href=\"https:\/\/www.finlex.fi\/sv\/laki\/alkup\/2017\/20170531\">Lag om yrkesutbildning (Finlex)<\/a><\/p>\n\n\n\n<p><a href=\"https:\/\/www.finlex.fi\/sv\/laki\/smur\/2016\/20161285\">Ungdomslag (Finlex)<\/a><\/p>\n","protected":false},"excerpt":{"rendered":"<p>Kvalitetskriterierna f\u00f6r ungas delaktighet har utvecklats som en del av verksamheten vid kompetenscentren inom ungdomsarbetet, med underst\u00f6d av undervisnings- och kulturministeriet. De 12 kompetenscenter som valts ut av ministerier har till uppgift att utveckla och fr\u00e4mja kompetenser och expertis inom ungdomsomr\u00e5det genom att producera, sammanst\u00e4lla och sprida information i enlighet med ungdomslagen. Utvecklingscentralen L\u00e4rorik, Nuorten &hellip; <a href=\"https:\/\/nuoretjaosallisuus.fi\/sv\/bakgrund\/\" class=\"more-link\">Lue lis\u00e4\u00e4<span class=\"screen-reader-text\"> &#8221;Bakgrund&#8221;<\/span><\/a><\/p>\n","protected":false},"author":38,"featured_media":0,"parent":0,"menu_order":0,"comment_status":"closed","ping_status":"closed","template":"","meta":{"_acf_changed":false,"_relevanssi_hide_post":"","_relevanssi_hide_content":"","_relevanssi_pin_for_all":"","_relevanssi_pin_keywords":"","_relevanssi_unpin_keywords":"","_relevanssi_related_keywords":"","_relevanssi_related_include_ids":"","_relevanssi_related_exclude_ids":"","_relevanssi_related_no_append":"","_relevanssi_related_not_related":"","_relevanssi_related_posts":"","_relevanssi_noindex_reason":"","_eb_attr":"","footnotes":""},"class_list":["post-2846","page","type-page","status-publish","hentry"],"acf":[],"yoast_head":"<!-- This site is optimized with the Yoast SEO plugin v27.4 - https:\/\/yoast.com\/product\/yoast-seo-wordpress\/ -->\n<title>Bakgrund - Ungas delaktighet<\/title>\n<meta name=\"robots\" content=\"index, follow, max-snippet:-1, max-image-preview:large, max-video-preview:-1\" \/>\n<link rel=\"canonical\" href=\"https:\/\/nuoretjaosallisuus.fi\/sv\/bakgrund\/\" \/>\n<meta property=\"og:locale\" content=\"sv_SE\" \/>\n<meta property=\"og:type\" content=\"article\" \/>\n<meta property=\"og:title\" content=\"Bakgrund - Ungas delaktighet\" \/>\n<meta property=\"og:description\" content=\"Kvalitetskriterierna f\u00f6r ungas delaktighet har utvecklats som en del av verksamheten vid kompetenscentren inom ungdomsarbetet, med underst\u00f6d av undervisnings- och kulturministeriet. De 12 kompetenscenter som valts ut av ministerier har till uppgift att utveckla och fr\u00e4mja kompetenser och expertis inom ungdomsomr\u00e5det genom att producera, sammanst\u00e4lla och sprida information i enlighet med ungdomslagen. Utvecklingscentralen L\u00e4rorik, Nuorten &hellip; Lue lis\u00e4\u00e4 &quot;Bakgrund&quot;\" \/>\n<meta property=\"og:url\" content=\"https:\/\/nuoretjaosallisuus.fi\/sv\/bakgrund\/\" \/>\n<meta property=\"og:site_name\" content=\"Ungas delaktighet\" \/>\n<meta property=\"article:modified_time\" content=\"2021-03-19T08:18:52+00:00\" \/>\n<meta name=\"twitter:card\" content=\"summary_large_image\" \/>\n<meta name=\"twitter:label1\" content=\"Ber\u00e4knad l\u00e4stid\" \/>\n\t<meta name=\"twitter:data1\" content=\"2 minuter\" \/>\n<script type=\"application\/ld+json\" class=\"yoast-schema-graph\">{\"@context\":\"https:\\\/\\\/schema.org\",\"@graph\":[{\"@type\":\"WebPage\",\"@id\":\"https:\\\/\\\/nuoretjaosallisuus.fi\\\/sv\\\/bakgrund\\\/\",\"url\":\"https:\\\/\\\/nuoretjaosallisuus.fi\\\/sv\\\/bakgrund\\\/\",\"name\":\"Bakgrund - Ungas delaktighet\",\"isPartOf\":{\"@id\":\"https:\\\/\\\/nuoretjaosallisuus.fi\\\/#website\"},\"datePublished\":\"2021-01-15T08:15:32+00:00\",\"dateModified\":\"2021-03-19T08:18:52+00:00\",\"inLanguage\":\"sv-SE\",\"potentialAction\":[{\"@type\":\"ReadAction\",\"target\":[\"https:\\\/\\\/nuoretjaosallisuus.fi\\\/sv\\\/bakgrund\\\/\"]}]},{\"@type\":\"WebSite\",\"@id\":\"https:\\\/\\\/nuoretjaosallisuus.fi\\\/#website\",\"url\":\"https:\\\/\\\/nuoretjaosallisuus.fi\\\/\",\"name\":\"Ungas delaktighet\",\"description\":\"Onnistunutta osallisuutta nuorille\",\"potentialAction\":[{\"@type\":\"SearchAction\",\"target\":{\"@type\":\"EntryPoint\",\"urlTemplate\":\"https:\\\/\\\/nuoretjaosallisuus.fi\\\/?s={search_term_string}\"},\"query-input\":{\"@type\":\"PropertyValueSpecification\",\"valueRequired\":true,\"valueName\":\"search_term_string\"}}],\"inLanguage\":\"sv-SE\"}]}<\/script>\n<!-- \/ Yoast SEO plugin. -->","yoast_head_json":{"title":"Bakgrund - Ungas delaktighet","robots":{"index":"index","follow":"follow","max-snippet":"max-snippet:-1","max-image-preview":"max-image-preview:large","max-video-preview":"max-video-preview:-1"},"canonical":"https:\/\/nuoretjaosallisuus.fi\/sv\/bakgrund\/","og_locale":"sv_SE","og_type":"article","og_title":"Bakgrund - Ungas delaktighet","og_description":"Kvalitetskriterierna f\u00f6r ungas delaktighet har utvecklats som en del av verksamheten vid kompetenscentren inom ungdomsarbetet, med underst\u00f6d av undervisnings- och kulturministeriet. De 12 kompetenscenter som valts ut av ministerier har till uppgift att utveckla och fr\u00e4mja kompetenser och expertis inom ungdomsomr\u00e5det genom att producera, sammanst\u00e4lla och sprida information i enlighet med ungdomslagen. Utvecklingscentralen L\u00e4rorik, Nuorten &hellip; Lue lis\u00e4\u00e4 \"Bakgrund\"","og_url":"https:\/\/nuoretjaosallisuus.fi\/sv\/bakgrund\/","og_site_name":"Ungas delaktighet","article_modified_time":"2021-03-19T08:18:52+00:00","twitter_card":"summary_large_image","twitter_misc":{"Ber\u00e4knad l\u00e4stid":"2 minuter"},"schema":{"@context":"https:\/\/schema.org","@graph":[{"@type":"WebPage","@id":"https:\/\/nuoretjaosallisuus.fi\/sv\/bakgrund\/","url":"https:\/\/nuoretjaosallisuus.fi\/sv\/bakgrund\/","name":"Bakgrund - Ungas delaktighet","isPartOf":{"@id":"https:\/\/nuoretjaosallisuus.fi\/#website"},"datePublished":"2021-01-15T08:15:32+00:00","dateModified":"2021-03-19T08:18:52+00:00","inLanguage":"sv-SE","potentialAction":[{"@type":"ReadAction","target":["https:\/\/nuoretjaosallisuus.fi\/sv\/bakgrund\/"]}]},{"@type":"WebSite","@id":"https:\/\/nuoretjaosallisuus.fi\/#website","url":"https:\/\/nuoretjaosallisuus.fi\/","name":"Ungas delaktighet","description":"Onnistunutta osallisuutta nuorille","potentialAction":[{"@type":"SearchAction","target":{"@type":"EntryPoint","urlTemplate":"https:\/\/nuoretjaosallisuus.fi\/?s={search_term_string}"},"query-input":{"@type":"PropertyValueSpecification","valueRequired":true,"valueName":"search_term_string"}}],"inLanguage":"sv-SE"}]}},"_links":{"self":[{"href":"https:\/\/nuoretjaosallisuus.fi\/sv\/wp-json\/wp\/v2\/pages\/2846","targetHints":{"allow":["GET"]}}],"collection":[{"href":"https:\/\/nuoretjaosallisuus.fi\/sv\/wp-json\/wp\/v2\/pages"}],"about":[{"href":"https:\/\/nuoretjaosallisuus.fi\/sv\/wp-json\/wp\/v2\/types\/page"}],"author":[{"embeddable":true,"href":"https:\/\/nuoretjaosallisuus.fi\/sv\/wp-json\/wp\/v2\/users\/38"}],"replies":[{"embeddable":true,"href":"https:\/\/nuoretjaosallisuus.fi\/sv\/wp-json\/wp\/v2\/comments?post=2846"}],"version-history":[{"count":13,"href":"https:\/\/nuoretjaosallisuus.fi\/sv\/wp-json\/wp\/v2\/pages\/2846\/revisions"}],"predecessor-version":[{"id":4313,"href":"https:\/\/nuoretjaosallisuus.fi\/sv\/wp-json\/wp\/v2\/pages\/2846\/revisions\/4313"}],"wp:attachment":[{"href":"https:\/\/nuoretjaosallisuus.fi\/sv\/wp-json\/wp\/v2\/media?parent=2846"}],"curies":[{"name":"wp","href":"https:\/\/api.w.org\/{rel}","templated":true}]}}