{"id":2864,"date":"2021-01-15T11:00:17","date_gmt":"2021-01-15T09:00:17","guid":{"rendered":"https:\/\/nuoretjaosallisuus.fi\/?page_id=2864"},"modified":"2025-06-18T13:03:19","modified_gmt":"2025-06-18T10:03:19","slug":"verktyg-for-att-omsatta-delaktighet-i-praktiken","status":"publish","type":"page","link":"https:\/\/nuoretjaosallisuus.fi\/sv\/verktyg-for-att-omsatta-delaktighet-i-praktiken\/","title":{"rendered":"Verktyg f\u00f6r att oms\u00e4tta delaktighet i praktiken"},"content":{"rendered":"\n<p>M\u00e5let \u00e4r att s\u00e5 m\u00e5nga ungdomar som m\u00f6jligt ska kunna delta och p\u00e5verka. F\u00f6r att detta ska bli verklighet \u00e4r det viktigt att uppmuntra unga till delaktighet och erbjuda olika s\u00e4tt och kanaler f\u00f6r deltagande. Alla s\u00e4tt att engagera ungdomar ska \u00e4nd\u00e5 ske p\u00e5 ett s\u00e5dant s\u00e4tt att de f\u00f6rst\u00e5r vad som kan uppn\u00e5s. Deltagarna ska ges en verklighetstrogen bild av hurdana m\u00f6jligheter de har att delta \u2013 i vilket skede \u00e4rendet \u00e4r, hur beredningen framskrider, enligt vilken tidsplan och vem som fattar det slutliga beslutet. Deltagarna ska ocks\u00e5 informeras om resultaten av deras deltagande och p\u00e5verkan, g\u00e4rna med motiveringar.<\/p>\n\n\n\n<p>Det finns inte ett r\u00e4tt s\u00e4tt att h\u00f6ra ungdomar, utan man ska str\u00e4va efter att finna det mest l\u00e4mpliga s\u00e4ttet att engagera dem fr\u00e5n fall till fall. Det \u00e4r ocks\u00e5 bra att h\u00e5lla i minnet att alla s\u00e4tt att st\u00e4rka delaktigheten f\u00f6r ungdomar i behov av s\u00e4rskilt st\u00f6d ocks\u00e5 fungerar f\u00f6r alla ungdomar.<\/p>\n\n\n<div class=\"material-block\">\n    <div class=\"icon-container\"><i class=\"fal fa-file\"><\/i><\/div>\n    <div class=\"file-info\">\n                <h3><a href=\"https:\/\/www.punainenristi.fi\/globalassets\/6.-tyomme--paasivu\/nuorten-turvatalo\/digiraati\/pamfletti-verkkoon-sv.pdf?_gl=1*hl61lt*_up*MQ..*_ga*MjIyNjg3NzMzLjE3MTY4OTAwODk.*_ga_FMVLRNR4HM*MTcxNjg5MDA4OC4xLjAuMTcxNjg5MDA4OC4wLjAuMA..\">H\u00d6R DE UNGAS R\u00d6ST! \u2013 26 \u00f6nskningar fr\u00e5n de unga till beslutfattare<\/a><\/h3>\n                <p><\/p>\n    <\/div>\n<\/div>\n\n<div class=\"material-block\">\n    <div class=\"icon-container\"><i class=\"fal fa-solid fa-seedling\"><\/i><\/div>\n    <div class=\"file-info\">\n                <h3><a href=\"https:\/\/nuva.fi\/wp-content\/uploads\/2024\/02\/De-unga-gor-skillnad_v2_web-1.pdf\">De unga g\u00f6r skillnad \u2013 Ungas l\u00f6sningar p\u00e5 samh\u00e4llsproblem<\/a><\/h3>\n                <p><\/p>\n    <\/div>\n<\/div>\n\n<div class=\"material-block\">\n    <div class=\"icon-container\"><i class=\"fal fa-solid fa-hand-holding-heart\"><\/i><\/div>\n    <div class=\"file-info\">\n                <h3><a href=\"https:\/\/nuva.fi\/osallisuuden-menetelmapankki\/\">Delaktighetsmetodbanken (p\u00e5 finska)<\/a><\/h3>\n                <p><\/p>\n    <\/div>\n<\/div>\n\n<div class=\"material-block\">\n    <div class=\"icon-container\"><i class=\"fal fa-lightbulb-on\"><\/i><\/div>\n    <div class=\"file-info\">\n                <h3><a href=\"https:\/\/digiraati.fi\/?lang=sv\">Digiraati &#8211; E-panelen<\/a><\/h3>\n                <p>I webbtj\u00e4nsten e-Panelen kan ungdomar delta genom att f\u00f6rbereda paneldiskussioner, moderera dem samt p\u00e5verka och kommunicera om olika fr\u00e5gor. Kom och diskutera tillsammans!<\/p>\n    <\/div>\n<\/div>\n\n<div class=\"material-block\">\n    <div class=\"icon-container\"><i class=\"fal fal fa-users\"><\/i><\/div>\n    <div class=\"file-info\">\n                <h3><a href=\"https:\/\/raddabarnen.ax\/app\/uploads\/2019\/06\/att-hora-barn.pdf\">Att h\u00f6ra barn och unga &#8211; metoder f\u00f6r gruppdiskussioner<\/a><\/h3>\n                <p>R\u00e4dda barnen \u00c5lands manual Att h\u00f6ra barn och unga tar upp olika metoder man kan anv\u00e4nda f\u00f6r att diskutera i grupp med barn och unga kring olika teman.<\/p>\n    <\/div>\n<\/div>\n\n<div class=\"material-block\">\n    <div class=\"icon-container\"><i class=\"fal fal fa-tally\"><\/i><\/div>\n    <div class=\"file-info\">\n                <h3><a href=\"https:\/\/www.lskl.fi\/julkaisut\/lasten-osallistumisen-etiikka\/\">Lasten osallistumisen etiikka: Lapset ja nuoret palveluiden kehitt\u00e4jin\u00e4<\/a><\/h3>\n                <p>En broschyr (p\u00e5 finska) utgiven av Centralf\u00f6rbundet f\u00f6r Barnskydd med tio centrala etiska principer som st\u00f6d f\u00f6r experter som planerar och utvecklar sin verksamhet med barn och ungdomar.<\/p>\n    <\/div>\n<\/div>\n\n<div class=\"material-block\">\n    <div class=\"icon-container\"><i class=\"fal fal fa-toolbox\"><\/i><\/div>\n    <div class=\"file-info\">\n                <h3><a href=\"https:\/\/nuoretjaosallisuus.fi\/wp-content\/uploads\/2020\/03\/Tyo%CC%88pajat-Nuoret-haluavat-vaikuttaa.pdf\">Nuoret haluavat vaikuttaa: keinoja ja v\u00e4lineit\u00e4 ty\u00f6n tueksi, ty\u00f6pajan tuotokset (pdf) (p\u00e5 finska)<\/a><\/h3>\n                <p>N\u00e4tverket Osallisuuden vahvistajat (ung. F\u00f6rst\u00e4rkare av delaktighet) genomf\u00f6rde en workshop under evenemanget Nuori 2020, de riksomfattande dagarna f\u00f6r pedagogik och ungdomsarbete. I workshoppen fick deltagarna fundera \u00f6ver vilka verktyg f\u00f6r p\u00e5verkan som redan finns tillhands och hurdana verktyg som saknas. Materialet \u00e4r sammanst\u00e4llt enligt de tankar som lyftes fram i workshoppens gruppdiskussioner.<\/p>\n    <\/div>\n<\/div>\n\n<div class=\"material-block\">\n    <div class=\"icon-container\"><i class=\"fal fal fa-toolbox\"><\/i><\/div>\n    <div class=\"file-info\">\n                <h3><a href=\"https:\/\/nuoretjaosallisuus.fi\/wp-content\/uploads\/2020\/03\/Nuoret-ja-osallisuus-kyselyn-tulokset.pdf\">Nuoret haluavat vaikuttaa: keinoja ja v\u00e4lineit\u00e4 ty\u00f6n tueksi, ty\u00f6pajan tuotokset (pdf) (p\u00e5 finska)<\/a><\/h3>\n                <p>Osallisuuden vahvistajat-n\u00e4tverkets enk\u00e4t till dem som arbetar med ungdomar. Resultaten visar vilka metoder och verktyg som anv\u00e4nds f\u00f6r att st\u00e4rka de ungas delaktighet.<\/p>\n    <\/div>\n<\/div>\n\n<div class=\"material-block\">\n    <div class=\"icon-container\"><i class=\"fal fa-universal-access\"><\/i><\/div>\n    <div class=\"file-info\">\n                <h3><a href=\"https:\/\/www.tillganglighetskrav.fi\/\">Tillg\u00e4nglighetskrav.fi<\/a><\/h3>\n                <p>En webbplats som administreras av Regionf\u00f6rvaltningsverket i S\u00f6dra Finland med information och anvisningar om tillg\u00e4nglighet. Regionf\u00f6rvaltningsverket i S\u00f6dra Finland \u00f6vervakar hur tillg\u00e4nglighetskraven f\u00f6r webbtj\u00e4nster efterf\u00f6ljs i Finland.<\/p>\n    <\/div>\n<\/div>\n\n<div class=\"material-block\">\n    <div class=\"icon-container\"><i class=\"fal fa-universal-access\"><\/i><\/div>\n    <div class=\"file-info\">\n                <h3><a href=\"https:\/\/www.saavutettavasti.fi\/\">Saavutettavasti.fi (p\u00e5 finska)<\/a><\/h3>\n                <p>En webbplats som administreras av Celia och som inneh\u00e5ller omfattande konkreta anvisningar f\u00f6r hur man g\u00f6r webbinneh\u00e5ll och kommunikation tillg\u00e4ngligt. H\u00e4r kan du l\u00e4sa mera om bland annat hur dokument som publiceras p\u00e5 webbplatser i Word-, PDF- eller PowerPoint-format kan g\u00f6ras tillg\u00e4ngliga. Webbplatsen riktar sig till den offentliga sektorn.<\/p>\n    <\/div>\n<\/div>\n\n<div class=\"material-block\">\n    <div class=\"icon-container\"><i class=\"fal fal fa-map-marker-question\"><\/i><\/div>\n    <div class=\"file-info\">\n                <h3><a href=\"https:\/\/nuoretjaosallisuus.fi\/wp-content\/uploads\/2019\/11\/Mistanuorialoytyy.pdf\">Mist\u00e4 niit\u00e4 nuoria l\u00f6ytyy (pdf) (p\u00e5 finska)<\/a><\/h3>\n                <p>En handbok av Nuorten Suomi, Utvecklingscentralen L\u00e4rorik och projektet All Youth med praktiska tips f\u00f6r var man kan n\u00e5 ungdomar och vad som \u00e4r bra att beakta med tanke p\u00e5 ungas delaktighet.<\/p>\n    <\/div>\n<\/div>\n\n<div class=\"material-block\">\n    <div class=\"icon-container\"><i class=\"fal fa-layer-group\"><\/i><\/div>\n    <div class=\"file-info\">\n                <h3><a href=\"https:\/\/www.alli.fi\/nuorisoalan-toimijoille\/demokratiakasvatus-ja-osallisuus\">Osallisuus.fi<\/a><\/h3>\n                <p>Finlands Ungdomssamarbete Allians rf ber\u00e4ttar p\u00e5 sin webbplats (p\u00e5 finska) om ungas delaktighet och p\u00e5verkansm\u00f6jligheter. Du kan best\u00e4lla utbildningar, l\u00e4sa mera om n\u00e4tverk f\u00f6r delaktighet och f\u00e5 hj\u00e4lp av experter.<\/p>\n    <\/div>\n<\/div>\n\n<div class=\"material-block\">\n    <div class=\"icon-container\"><i class=\"fal fal fa-clock\"><\/i><\/div>\n    <div class=\"file-info\">\n                <h3><a href=\"https:\/\/www.theseus.fi\/bitstream\/handle\/10024\/167441\/Vuosikello_2019_MillaRuuska.pdf?sequence=3&#038;isAllowed=y\">\u00c5rsklocka f\u00f6r planering av ungdomsarbetets sommarverksamhet (p\u00e5 finska)<\/a><\/h3>\n                <p>En modell som engagerar ungdomar att delta i planeringen. De unga f\u00e5r m\u00e5ngsidiga m\u00f6jligheter att p\u00e5verka verksamhetens inneh\u00e5ll. \u00c5rsklockan kan ocks\u00e5 till\u00e4mpas p\u00e5 annan \u00e4n sommarveksamhet.<\/p>\n    <\/div>\n<\/div>\n\n<div class=\"material-block\">\n    <div class=\"icon-container\"><i class=\"fal fal fa-child\"><\/i><\/div>\n    <div class=\"file-info\">\n                <h3><a href=\"https:\/\/www.pelastakaalapset.fi\/lapsilta-opittua\/tyoskentele-lapsen-kanssa\/\">Ty\u00f6skentele lapsen kanssa (p\u00e5 finska)<\/a><\/h3>\n                <p>R\u00e4dda Barnen rf:s st\u00f6dmaterial f\u00f6r att arbeta med barn. Materialet inneh\u00e5ller bl.a. anvisningar f\u00f6r hur man planerar m\u00f6ten med barn, hur man l\u00e4r k\u00e4nna ett barn och hur man f\u00e5r fram barnets erfarenheter, och f\u00f6r utv\u00e4rdering av verksamheten.<\/p>\n    <\/div>\n<\/div>\n\n<div class=\"material-block\">\n    <div class=\"icon-container\"><i class=\"fal fal fa-draw-circle\"><\/i><\/div>\n    <div class=\"file-info\">\n                <h3><a href=\"https:\/\/www.pelastakaalapset.fi\/lapsikeskeinen-palvelumuotoilu\/\">Lapsikeskeinen palvelumuotoilu (p\u00e5 finska)<\/a><\/h3>\n                <p>R\u00e4dda Barnen rf:s material om hur man kan genomf\u00f6ra en process f\u00f6r tj\u00e4nstedesign tillsammans med barn.<\/p>\n    <\/div>\n<\/div>\n\n<div class=\"material-block\">\n    <div class=\"icon-container\"><i class=\"fal fal fa-comment-minus\"><\/i><\/div>\n    <div class=\"file-info\">\n                <h3><a href=\"https:\/\/koordinaatti.fi\/system\/files\/2020-01\/rumstavla-for-webbsvarande.pdf\">Rumstavla f\u00f6r webbsvarande<\/a><\/h3>\n                <p>Ungdomsinformationscentralen Koordinaattis informationstavla \u00e4r avsedd f\u00f6r att anv\u00e4ndas som st\u00f6d f\u00f6r hur man svarar ungdomar p\u00e5 webben, men den kan till\u00e4mpas i allt expertarbete d\u00e4r man m\u00f6ter ungdomar i digitala milj\u00f6er.<\/p>\n    <\/div>\n<\/div>\n\n<div class=\"material-block\">\n    <div class=\"icon-container\"><i class=\"fal fal fa-clipboard\"><\/i><\/div>\n    <div class=\"file-info\">\n                <h3><a href=\"https:\/\/www.pori.fi\/paatoksenteko\/osallistu-ja-vaikuta\/osallisuus-ja-vuorovaikutusmalli\">Osallistumisen muistiinpanopohja (anteckningsmall f\u00f6r deltagande, p\u00e5 finska)<\/a><\/h3>\n                <p>Bj\u00f6rneborgs stads anteckningsmall f\u00f6r delaktighet och v\u00e4xelverkan. Dokumentmallen inneh\u00e5ller konkreta fr\u00e5gor som ska besvaras om bland annat vem deltagandet riktar sig till, vad syftet med deltagandet \u00e4r, hur det genomf\u00f6rs och vad man l\u00e4rde sig av deltagandet.<\/p>\n    <\/div>\n<\/div>\n\n<div class=\"material-block\">\n    <div class=\"icon-container\"><i class=\"fal fal fa-folder-open\"><\/i><\/div>\n    <div class=\"file-info\">\n                <h3><a href=\"https:\/\/www.mahis.info\/ohjaajalle\/materiaalit\/\">Nuorten toimijuus<\/a><\/h3>\n                <p>Nuorten Akatemias Mahis-material (p\u00e5 finska) ber\u00e4ttar om hur handledare kan beakta och fr\u00e4mja ungas delaktighet. Materialet inneh\u00e5ller praktiska tips om hur ungdomar kan genomf\u00f6ra egna projekt och informera om dessa.<\/p>\n    <\/div>\n<\/div>\n\n<div class=\"material-block\">\n    <div class=\"icon-container\"><i class=\"fal fal fa-chalkboard-teacher\"><\/i><\/div>\n    <div class=\"file-info\">\n                <h3><a href=\"http:\/\/www.nuva.fi\/koulutus\">Utbildningar f\u00f6r ungdomsfullm\u00e4ktige och deras handledare<\/a><\/h3>\n                <p>Finlands Ungdomsfullm\u00e4ktiges F\u00f6rbund rf ordnar utbildningar f\u00f6r s\u00e5v\u00e4l aktiva ungdomar som f\u00f6r vuxna som arbetar med ungdomar.<\/p>\n    <\/div>\n<\/div>\n\n<div class=\"material-block\">\n    <div class=\"icon-container\"><i class=\"fal fal fa-info-square\"><\/i><\/div>\n    <div class=\"file-info\">\n                <h3><a href=\"https:\/\/avoinhallinto.fi\/kokemuksia\/osallisuus\/lasten-ja-nuorten-kuulemisesta\/\">Handbok f\u00f6r \u00f6ppen f\u00f6rvaltning: Faktakort<\/a><\/h3>\n                <p>Faktakorten inneh\u00e5ller nyttig information om att h\u00f6ra barn och unga.<\/p>\n    <\/div>\n<\/div>\n\n<div class=\"material-block\">\n    <div class=\"icon-container\"><i class=\"fal fal fa-book\"><\/i><\/div>\n    <div class=\"file-info\">\n                <h3><a href=\"http:\/\/www.nuva.fi\/oppaat\">Nuvalaisen k\u00e4sikirja<\/a><\/h3>\n                <p>En handbok (p\u00e5 finska) f\u00f6r medlemmar av ungdomsfullm\u00e4ktige. Handbokens syfte \u00e4r att st\u00f6da p\u00e5verkansarbetet p\u00e5 lokal niv\u00e5. Den inneh\u00e5ller r\u00e5d och anvisningar f\u00f6r all verksamhet inom ungdomsfullm\u00e4ktige fr\u00e5n verksamhetens grunder och lagliga grund till m\u00f6tesanvisningar och internationell verksamhet.<\/p>\n    <\/div>\n<\/div>\n\n<div class=\"material-block\">\n    <div class=\"icon-container\"><i class=\"fal fal fa-users-class\"><\/i><\/div>\n    <div class=\"file-info\">\n                <h3><a href=\"https:\/\/omaoppilaskunta.fi\/pa-svenska\/\">OmaOppilaskunta.fi<\/a><\/h3>\n                <p>En webbplats som administreras av Utvecklingscentralen L\u00e4rorik och inneh\u00e5ller en verktygsl\u00e5da f\u00f6r utveckling av elevk\u00e5rers verksamhet och delaktighet.<\/p>\n    <\/div>\n<\/div>\n\n<div class=\"material-block\">\n    <div class=\"icon-container\"><i class=\"fal fal fa-lightbulb\"><\/i><\/div>\n    <div class=\"file-info\">\n                <h3><a href=\"https:\/\/docplayer.fi\/43614538-Mika-tulevaisuusverstas-on.html\">Mik\u00e4 tulevaisuusverstas on? (p\u00e5 finska)<\/a><\/h3>\n                <p>Opinpaja Oy:s presentation om hur man ordnar en framtidsworkshop. Framtidsworkshoppen \u00e4r ett verktyg som kan anv\u00e4ndas n\u00e4r man vill ta med barn och ungdomar i planerings- eller utvecklingsarbete.<\/p>\n    <\/div>\n<\/div>\n\n<div class=\"material-block\">\n    <div class=\"icon-container\"><i class=\"fal fal fa-chalkboard\"><\/i><\/div>\n    <div class=\"file-info\">\n                <h3><a href=\"https:\/\/www.sitra.fi\/julkaisut\/seitseman-oppituntia-nuorten-osallisuudesta\/#seitseman-oppituntia\">Seitsem\u00e4n oppituntia nuorten osallisuudesta (p\u00e5 finska)<\/a><\/h3>\n                <p>En publikation av Sitra om ungas delaktighet. Sitras inl\u00e4rningsdagbok \u00e4r avsedd f\u00f6r beslutsfattare, sakkunniga och alla som letar efter s\u00e4tt att \u00f6ka ungas delaktighet och st\u00e4rka deras r\u00f6st i fr\u00e5gor som g\u00e4ller dem.<\/p>\n    <\/div>\n<\/div>\n\n<div class=\"material-block\">\n    <div class=\"icon-container\"><i class=\"fal fal fa-scroll\"><\/i><\/div>\n    <div class=\"file-info\">\n                <h3><a href=\"https:\/\/nuoretjaosallisuus.fi\/wp-content\/uploads\/2021\/01\/Osallisuus-kuuluu-kaikille-innokyla%CC%88.pdf\">Osallisuus kuuluu kaikille \u2013 Innokyl\u00e4n innovaatiokatsaus (pdf) (p\u00e5 finska)<\/a><\/h3>\n                <p>En rapport av Institutet f\u00f6r h\u00e4lsa och v\u00e4lf\u00e4rd THL som presenterar metoder f\u00f6r att \u00f6ka delaktighet. \u00d6versikten presenterar ocks\u00e5 ett par modeller som \u00e4r riktade till ungdomar.<\/p>\n    <\/div>\n<\/div>\n\n<div class=\"material-block\">\n    <div class=\"icon-container\"><i class=\"fal fal fa-hand-holding-heart\"><\/i><\/div>\n    <div class=\"file-info\">\n                <h3><a href=\"https:\/\/www.julkari.fi\/handle\/10024\/136560\">Nuorten osallisuus, ty\u00f6el\u00e4m\u00e4valmiudet ja hyvinvointi: Hyvi\u00e4 k\u00e4yt\u00e4nt\u00f6j\u00e4, tietoa ja vaikutuksia (p\u00e5 finska)<\/a><\/h3>\n                <p>En sammanst\u00e4llning av Arbetsh\u00e4lsoinstitutet som bl.a. inneh\u00e5ller metoder f\u00f6r att \u00f6ka ungas delaktighet med hj\u00e4lp av konst.<\/p>\n    <\/div>\n<\/div>\n\n<div class=\"material-block\">\n    <div class=\"icon-container\"><i class=\"fal fa-paint-brush\"><\/i><\/div>\n    <div class=\"file-info\">\n                <h3><a href=\"https:\/\/nuoretjaosallisuus.fi\/wp-content\/uploads\/2021\/01\/Nuorten-osallisuus-ja-vaikuttaminen-kulttuurisessa-nuorisotyo%CC%88ssa%CC%88.pdf\">Nuorten osallisuus ja vaikuttaminen kulttuurisessa nuorisoty\u00f6ss\u00e4 (pdf) (p\u00e5 finska)<\/a><\/h3>\n                <p>En publikation av Helsingfors stads ungdomscentral. Publikationen \u00e4r utarbetad med tanke p\u00e5 ungdomsledare f\u00f6r att f\u00f6rtydliga och f\u00f6renhetliga begreppen delaktighet och p\u00e5verkan g\u00e4llande ungdomsarbete. <\/p>\n    <\/div>\n<\/div>\n\n<div class=\"material-block\">\n    <div class=\"icon-container\"><i class=\"fal fal fa-globe-stand\"><\/i><\/div>\n    <div class=\"file-info\">\n                <h3><a href=\"https:\/\/nuoretjaosallisuus.fi\/wp-content\/uploads\/2021\/01\/Vaikuta-menetelma%CC%88opas-taksva%CC%88rkki.pdf\">Vaikuta! -menetelm\u00e4opas nuorten n\u00e4k\u00f6iseen vaikuttamiseen ja yhteiskunnalliseen osallistumiseen (pdf) (p\u00e5 finska)<\/a><\/h3>\n                <p>Dagsverke rf:s handbok Vaikuta! tillhandah\u00e5ller verktyg och id\u00e9er f\u00f6r ungdomars p\u00e5verkansarbete och hur man bygger upp en h\u00e5llbar framtid genom att b\u00f6rja i sin n\u00e4rmilj\u00f6.<\/p>\n    <\/div>\n<\/div>","protected":false},"excerpt":{"rendered":"<p>M\u00e5let \u00e4r att s\u00e5 m\u00e5nga ungdomar som m\u00f6jligt ska kunna delta och p\u00e5verka. F\u00f6r att detta ska bli verklighet \u00e4r det viktigt att uppmuntra unga till delaktighet och erbjuda olika s\u00e4tt och kanaler f\u00f6r deltagande. Alla s\u00e4tt att engagera ungdomar ska \u00e4nd\u00e5 ske p\u00e5 ett s\u00e5dant s\u00e4tt att de f\u00f6rst\u00e5r vad som kan uppn\u00e5s. Deltagarna &hellip; <a href=\"https:\/\/nuoretjaosallisuus.fi\/sv\/verktyg-for-att-omsatta-delaktighet-i-praktiken\/\" class=\"more-link\">Lue lis\u00e4\u00e4<span class=\"screen-reader-text\"> &#8221;Verktyg f\u00f6r att oms\u00e4tta delaktighet i praktiken&#8221;<\/span><\/a><\/p>\n","protected":false},"author":38,"featured_media":0,"parent":0,"menu_order":0,"comment_status":"closed","ping_status":"closed","template":"","meta":{"_acf_changed":false,"_relevanssi_hide_post":"","_relevanssi_hide_content":"","_relevanssi_pin_for_all":"","_relevanssi_pin_keywords":"","_relevanssi_unpin_keywords":"","_relevanssi_related_keywords":"","_relevanssi_related_include_ids":"","_relevanssi_related_exclude_ids":"","_relevanssi_related_no_append":"","_relevanssi_related_not_related":"","_relevanssi_related_posts":"8346,7838,9397,9296,6872,7765","_relevanssi_noindex_reason":"","_eb_attr":"","footnotes":""},"class_list":["post-2864","page","type-page","status-publish","hentry"],"acf":[],"yoast_head":"<!-- This site is optimized with the Yoast SEO plugin v27.4 - https:\/\/yoast.com\/product\/yoast-seo-wordpress\/ -->\n<title>Verktyg f\u00f6r att oms\u00e4tta delaktighet i praktiken - Ungas delaktighet<\/title>\n<meta name=\"description\" content=\"M\u00e5let \u00e4r att s\u00e5 m\u00e5nga ungdomar som m\u00f6jligt ska kunna delta och p\u00e5verka. F\u00f6r att detta ska bli verklighet \u00e4r det viktigt att uppmuntra unga till delaktighet och erbjuda olika s\u00e4tt och kanaler f\u00f6r deltagande.\" \/>\n<meta name=\"robots\" content=\"index, follow, max-snippet:-1, max-image-preview:large, max-video-preview:-1\" \/>\n<link rel=\"canonical\" href=\"https:\/\/nuoretjaosallisuus.fi\/sv\/verktyg-for-att-omsatta-delaktighet-i-praktiken\/\" \/>\n<meta property=\"og:locale\" content=\"sv_SE\" \/>\n<meta property=\"og:type\" content=\"article\" \/>\n<meta property=\"og:title\" content=\"Verktyg f\u00f6r att oms\u00e4tta delaktighet i praktiken - Ungas delaktighet\" \/>\n<meta property=\"og:description\" content=\"M\u00e5let \u00e4r att s\u00e5 m\u00e5nga ungdomar som m\u00f6jligt ska kunna delta och p\u00e5verka. F\u00f6r att detta ska bli verklighet \u00e4r det viktigt att uppmuntra unga till delaktighet och erbjuda olika s\u00e4tt och kanaler f\u00f6r deltagande.\" \/>\n<meta property=\"og:url\" content=\"https:\/\/nuoretjaosallisuus.fi\/sv\/verktyg-for-att-omsatta-delaktighet-i-praktiken\/\" \/>\n<meta property=\"og:site_name\" content=\"Ungas delaktighet\" \/>\n<meta property=\"article:modified_time\" content=\"2025-06-18T10:03:19+00:00\" \/>\n<meta name=\"twitter:card\" content=\"summary_large_image\" \/>\n<meta name=\"twitter:label1\" content=\"Ber\u00e4knad l\u00e4stid\" \/>\n\t<meta name=\"twitter:data1\" content=\"1 minut\" \/>\n<script type=\"application\/ld+json\" class=\"yoast-schema-graph\">{\"@context\":\"https:\\\/\\\/schema.org\",\"@graph\":[{\"@type\":\"WebPage\",\"@id\":\"https:\\\/\\\/nuoretjaosallisuus.fi\\\/sv\\\/verktyg-for-att-omsatta-delaktighet-i-praktiken\\\/\",\"url\":\"https:\\\/\\\/nuoretjaosallisuus.fi\\\/sv\\\/verktyg-for-att-omsatta-delaktighet-i-praktiken\\\/\",\"name\":\"Verktyg f\u00f6r att oms\u00e4tta delaktighet i praktiken - Ungas delaktighet\",\"isPartOf\":{\"@id\":\"https:\\\/\\\/nuoretjaosallisuus.fi\\\/#website\"},\"datePublished\":\"2021-01-15T09:00:17+00:00\",\"dateModified\":\"2025-06-18T10:03:19+00:00\",\"description\":\"M\u00e5let \u00e4r att s\u00e5 m\u00e5nga ungdomar som m\u00f6jligt ska kunna delta och p\u00e5verka. F\u00f6r att detta ska bli verklighet \u00e4r det viktigt att uppmuntra unga till delaktighet och erbjuda olika s\u00e4tt och kanaler f\u00f6r deltagande.\",\"inLanguage\":\"sv-SE\",\"potentialAction\":[{\"@type\":\"ReadAction\",\"target\":[\"https:\\\/\\\/nuoretjaosallisuus.fi\\\/sv\\\/verktyg-for-att-omsatta-delaktighet-i-praktiken\\\/\"]}]},{\"@type\":\"WebSite\",\"@id\":\"https:\\\/\\\/nuoretjaosallisuus.fi\\\/#website\",\"url\":\"https:\\\/\\\/nuoretjaosallisuus.fi\\\/\",\"name\":\"Ungas delaktighet\",\"description\":\"Onnistunutta osallisuutta nuorille\",\"potentialAction\":[{\"@type\":\"SearchAction\",\"target\":{\"@type\":\"EntryPoint\",\"urlTemplate\":\"https:\\\/\\\/nuoretjaosallisuus.fi\\\/?s={search_term_string}\"},\"query-input\":{\"@type\":\"PropertyValueSpecification\",\"valueRequired\":true,\"valueName\":\"search_term_string\"}}],\"inLanguage\":\"sv-SE\"}]}<\/script>\n<!-- \/ Yoast SEO plugin. -->","yoast_head_json":{"title":"Verktyg f\u00f6r att oms\u00e4tta delaktighet i praktiken - Ungas delaktighet","description":"M\u00e5let \u00e4r att s\u00e5 m\u00e5nga ungdomar som m\u00f6jligt ska kunna delta och p\u00e5verka. F\u00f6r att detta ska bli verklighet \u00e4r det viktigt att uppmuntra unga till delaktighet och erbjuda olika s\u00e4tt och kanaler f\u00f6r deltagande.","robots":{"index":"index","follow":"follow","max-snippet":"max-snippet:-1","max-image-preview":"max-image-preview:large","max-video-preview":"max-video-preview:-1"},"canonical":"https:\/\/nuoretjaosallisuus.fi\/sv\/verktyg-for-att-omsatta-delaktighet-i-praktiken\/","og_locale":"sv_SE","og_type":"article","og_title":"Verktyg f\u00f6r att oms\u00e4tta delaktighet i praktiken - Ungas delaktighet","og_description":"M\u00e5let \u00e4r att s\u00e5 m\u00e5nga ungdomar som m\u00f6jligt ska kunna delta och p\u00e5verka. F\u00f6r att detta ska bli verklighet \u00e4r det viktigt att uppmuntra unga till delaktighet och erbjuda olika s\u00e4tt och kanaler f\u00f6r deltagande.","og_url":"https:\/\/nuoretjaosallisuus.fi\/sv\/verktyg-for-att-omsatta-delaktighet-i-praktiken\/","og_site_name":"Ungas delaktighet","article_modified_time":"2025-06-18T10:03:19+00:00","twitter_card":"summary_large_image","twitter_misc":{"Ber\u00e4knad l\u00e4stid":"1 minut"},"schema":{"@context":"https:\/\/schema.org","@graph":[{"@type":"WebPage","@id":"https:\/\/nuoretjaosallisuus.fi\/sv\/verktyg-for-att-omsatta-delaktighet-i-praktiken\/","url":"https:\/\/nuoretjaosallisuus.fi\/sv\/verktyg-for-att-omsatta-delaktighet-i-praktiken\/","name":"Verktyg f\u00f6r att oms\u00e4tta delaktighet i praktiken - Ungas delaktighet","isPartOf":{"@id":"https:\/\/nuoretjaosallisuus.fi\/#website"},"datePublished":"2021-01-15T09:00:17+00:00","dateModified":"2025-06-18T10:03:19+00:00","description":"M\u00e5let \u00e4r att s\u00e5 m\u00e5nga ungdomar som m\u00f6jligt ska kunna delta och p\u00e5verka. F\u00f6r att detta ska bli verklighet \u00e4r det viktigt att uppmuntra unga till delaktighet och erbjuda olika s\u00e4tt och kanaler f\u00f6r deltagande.","inLanguage":"sv-SE","potentialAction":[{"@type":"ReadAction","target":["https:\/\/nuoretjaosallisuus.fi\/sv\/verktyg-for-att-omsatta-delaktighet-i-praktiken\/"]}]},{"@type":"WebSite","@id":"https:\/\/nuoretjaosallisuus.fi\/#website","url":"https:\/\/nuoretjaosallisuus.fi\/","name":"Ungas delaktighet","description":"Onnistunutta osallisuutta nuorille","potentialAction":[{"@type":"SearchAction","target":{"@type":"EntryPoint","urlTemplate":"https:\/\/nuoretjaosallisuus.fi\/?s={search_term_string}"},"query-input":{"@type":"PropertyValueSpecification","valueRequired":true,"valueName":"search_term_string"}}],"inLanguage":"sv-SE"}]}},"_links":{"self":[{"href":"https:\/\/nuoretjaosallisuus.fi\/sv\/wp-json\/wp\/v2\/pages\/2864","targetHints":{"allow":["GET"]}}],"collection":[{"href":"https:\/\/nuoretjaosallisuus.fi\/sv\/wp-json\/wp\/v2\/pages"}],"about":[{"href":"https:\/\/nuoretjaosallisuus.fi\/sv\/wp-json\/wp\/v2\/types\/page"}],"author":[{"embeddable":true,"href":"https:\/\/nuoretjaosallisuus.fi\/sv\/wp-json\/wp\/v2\/users\/38"}],"replies":[{"embeddable":true,"href":"https:\/\/nuoretjaosallisuus.fi\/sv\/wp-json\/wp\/v2\/comments?post=2864"}],"version-history":[{"count":16,"href":"https:\/\/nuoretjaosallisuus.fi\/sv\/wp-json\/wp\/v2\/pages\/2864\/revisions"}],"predecessor-version":[{"id":10951,"href":"https:\/\/nuoretjaosallisuus.fi\/sv\/wp-json\/wp\/v2\/pages\/2864\/revisions\/10951"}],"wp:attachment":[{"href":"https:\/\/nuoretjaosallisuus.fi\/sv\/wp-json\/wp\/v2\/media?parent=2864"}],"curies":[{"name":"wp","href":"https:\/\/api.w.org\/{rel}","templated":true}]}}