{"id":2917,"date":"2021-01-15T09:26:53","date_gmt":"2021-01-15T07:26:53","guid":{"rendered":"https:\/\/nuoretjaosallisuus.fi\/?page_id=2917"},"modified":"2022-12-27T15:46:24","modified_gmt":"2022-12-27T13:46:24","slug":"kriterium-7","status":"publish","type":"page","link":"https:\/\/nuoretjaosallisuus.fi\/sv\/kriterium-7\/","title":{"rendered":"Kriterium 7: M\u00e5ngsidiga m\u00f6jligheter f\u00f6r ungdomar till delaktighet och p\u00e5verkan"},"content":{"rendered":"\n<p>Ungdomar har olika \u00f6nskem\u00e5l, intressen, resurser och f\u00f6ruts\u00e4ttningar till att delta, precis som vuxna. I fr\u00e5ga om ungas delaktighet och m\u00f6jligheter till att p\u00e5verka \u00e4r det viktigt att fundera p\u00e5 hurdana s\u00e4tt att medverka som passar dem, och att v\u00e4lja s\u00e4tten att p\u00e5verka enligt det. S\u00e4tten att delta och p\u00e5verka ska ocks\u00e5 vara flexibla, s\u00e5 att de l\u00e4mnar utrymme f\u00f6r ungdomarna att sj\u00e4lva vara aktiva och komma med id\u00e9er.<\/p>\n\n\n\n<p><strong>Att \u00f6verv\u00e4ga:<\/strong><\/p>\n\n\n\n<ul class=\"wp-block-list\">\n<li><em>Jag utvecklar tillsammans med ungdomarna olika s\u00e4tt att delta och p\u00e5verka som passar dem.<\/em><\/li>\n\n\n\n<li><em>Jag drar nytta av milj\u00f6er&nbsp;&nbsp;som \u00e4r bekanta f\u00f6r ungdomarna och d\u00e4r de redan \u00e4r n\u00e4rvarande.<\/em><\/li>\n\n\n\n<li><em>Jag anv\u00e4nder olika former av deltagande&nbsp;&nbsp;p\u00e5 ett m\u00e5ngsidigt s\u00e4tt n\u00e4r jag g\u00f6r unga delaktiga.<\/em><\/li>\n\n\n\n<li><em>Initiativkanalerna&nbsp;&nbsp;i v\u00e5r kommun \u00e4r anpassade f\u00f6r ungdomar.<\/em><\/li>\n\n\n\n<li><em>Ungdomar har m\u00f6jlighet att delta i planeringen av ekonomin&nbsp;&nbsp;inom v\u00e5r kommun.<\/em><\/li>\n<\/ul>\n","protected":false},"excerpt":{"rendered":"<p>Ungdomar har olika \u00f6nskem\u00e5l, intressen, resurser och f\u00f6ruts\u00e4ttningar till att delta, precis som vuxna. I fr\u00e5ga om ungas delaktighet och m\u00f6jligheter till att p\u00e5verka \u00e4r det viktigt att fundera p\u00e5 hurdana s\u00e4tt att medverka som passar dem, och att v\u00e4lja s\u00e4tten att p\u00e5verka enligt det. S\u00e4tten att delta och p\u00e5verka ska ocks\u00e5 vara flexibla, s\u00e5 &hellip; <a href=\"https:\/\/nuoretjaosallisuus.fi\/sv\/kriterium-7\/\" class=\"more-link\">Lue lis\u00e4\u00e4<span class=\"screen-reader-text\"> &#8221;Kriterium 7: M\u00e5ngsidiga m\u00f6jligheter f\u00f6r ungdomar till delaktighet och p\u00e5verkan&#8221;<\/span><\/a><\/p>\n","protected":false},"author":38,"featured_media":0,"parent":0,"menu_order":0,"comment_status":"closed","ping_status":"closed","template":"","meta":{"_acf_changed":false,"_relevanssi_hide_post":"","_relevanssi_hide_content":"","_relevanssi_pin_for_all":"","_relevanssi_pin_keywords":"","_relevanssi_unpin_keywords":"","_relevanssi_related_keywords":"","_relevanssi_related_include_ids":"","_relevanssi_related_exclude_ids":"","_relevanssi_related_no_append":"","_relevanssi_related_not_related":"","_relevanssi_related_posts":"","_relevanssi_noindex_reason":"","_eb_attr":"","footnotes":""},"class_list":["post-2917","page","type-page","status-publish","hentry"],"acf":[],"yoast_head":"<!-- This site is optimized with the Yoast SEO plugin v27.4 - https:\/\/yoast.com\/product\/yoast-seo-wordpress\/ -->\n<title>Kriterium 7: M\u00e5ngsidiga m\u00f6jligheter f\u00f6r ungdomar till delaktighet och p\u00e5verkan - Ungas delaktighet<\/title>\n<meta name=\"description\" content=\"Ungdomar har olika \u00f6nskem\u00e5l intressen resurser och f\u00f6ruts\u00e4ttningar till att delta precis som vuxna. I fr\u00e5ga om ungas delaktighet och m\u00f6jligheter till att p\u00e5verka \u00e4r det viktigt att fundera p\u00e5 hurdana s\u00e4tt att medverka som passar dem och att v\u00e4lja s\u00e4tten att p\u00e5verka enligt det.\" \/>\n<meta name=\"robots\" content=\"index, follow, max-snippet:-1, max-image-preview:large, max-video-preview:-1\" \/>\n<link rel=\"canonical\" href=\"https:\/\/nuoretjaosallisuus.fi\/sv\/kriterium-7\/\" \/>\n<meta property=\"og:locale\" content=\"sv_SE\" \/>\n<meta property=\"og:type\" content=\"article\" \/>\n<meta property=\"og:title\" content=\"Kriterium 7: M\u00e5ngsidiga m\u00f6jligheter f\u00f6r ungdomar till delaktighet och p\u00e5verkan - Ungas delaktighet\" \/>\n<meta property=\"og:description\" content=\"Ungdomar har olika \u00f6nskem\u00e5l intressen resurser och f\u00f6ruts\u00e4ttningar till att delta precis som vuxna. I fr\u00e5ga om ungas delaktighet och m\u00f6jligheter till att p\u00e5verka \u00e4r det viktigt att fundera p\u00e5 hurdana s\u00e4tt att medverka som passar dem och att v\u00e4lja s\u00e4tten att p\u00e5verka enligt det.\" \/>\n<meta property=\"og:url\" content=\"https:\/\/nuoretjaosallisuus.fi\/sv\/kriterium-7\/\" \/>\n<meta property=\"og:site_name\" content=\"Ungas delaktighet\" \/>\n<meta property=\"article:modified_time\" content=\"2022-12-27T13:46:24+00:00\" \/>\n<meta name=\"twitter:card\" content=\"summary_large_image\" \/>\n<meta name=\"twitter:label1\" content=\"Ber\u00e4knad l\u00e4stid\" \/>\n\t<meta name=\"twitter:data1\" content=\"1 minut\" \/>\n<script type=\"application\/ld+json\" class=\"yoast-schema-graph\">{\"@context\":\"https:\\\/\\\/schema.org\",\"@graph\":[{\"@type\":\"WebPage\",\"@id\":\"https:\\\/\\\/nuoretjaosallisuus.fi\\\/sv\\\/kriterium-7\\\/\",\"url\":\"https:\\\/\\\/nuoretjaosallisuus.fi\\\/sv\\\/kriterium-7\\\/\",\"name\":\"Kriterium 7: M\u00e5ngsidiga m\u00f6jligheter f\u00f6r ungdomar till delaktighet och p\u00e5verkan - Ungas delaktighet\",\"isPartOf\":{\"@id\":\"https:\\\/\\\/nuoretjaosallisuus.fi\\\/#website\"},\"datePublished\":\"2021-01-15T07:26:53+00:00\",\"dateModified\":\"2022-12-27T13:46:24+00:00\",\"description\":\"Ungdomar har olika \u00f6nskem\u00e5l intressen resurser och f\u00f6ruts\u00e4ttningar till att delta precis som vuxna. I fr\u00e5ga om ungas delaktighet och m\u00f6jligheter till att p\u00e5verka \u00e4r det viktigt att fundera p\u00e5 hurdana s\u00e4tt att medverka som passar dem och att v\u00e4lja s\u00e4tten att p\u00e5verka enligt det.\",\"inLanguage\":\"sv-SE\",\"potentialAction\":[{\"@type\":\"ReadAction\",\"target\":[\"https:\\\/\\\/nuoretjaosallisuus.fi\\\/sv\\\/kriterium-7\\\/\"]}]},{\"@type\":\"WebSite\",\"@id\":\"https:\\\/\\\/nuoretjaosallisuus.fi\\\/#website\",\"url\":\"https:\\\/\\\/nuoretjaosallisuus.fi\\\/\",\"name\":\"Ungas delaktighet\",\"description\":\"Onnistunutta osallisuutta nuorille\",\"potentialAction\":[{\"@type\":\"SearchAction\",\"target\":{\"@type\":\"EntryPoint\",\"urlTemplate\":\"https:\\\/\\\/nuoretjaosallisuus.fi\\\/?s={search_term_string}\"},\"query-input\":{\"@type\":\"PropertyValueSpecification\",\"valueRequired\":true,\"valueName\":\"search_term_string\"}}],\"inLanguage\":\"sv-SE\"}]}<\/script>\n<!-- \/ Yoast SEO plugin. -->","yoast_head_json":{"title":"Kriterium 7: M\u00e5ngsidiga m\u00f6jligheter f\u00f6r ungdomar till delaktighet och p\u00e5verkan - Ungas delaktighet","description":"Ungdomar har olika \u00f6nskem\u00e5l intressen resurser och f\u00f6ruts\u00e4ttningar till att delta precis som vuxna. I fr\u00e5ga om ungas delaktighet och m\u00f6jligheter till att p\u00e5verka \u00e4r det viktigt att fundera p\u00e5 hurdana s\u00e4tt att medverka som passar dem och att v\u00e4lja s\u00e4tten att p\u00e5verka enligt det.","robots":{"index":"index","follow":"follow","max-snippet":"max-snippet:-1","max-image-preview":"max-image-preview:large","max-video-preview":"max-video-preview:-1"},"canonical":"https:\/\/nuoretjaosallisuus.fi\/sv\/kriterium-7\/","og_locale":"sv_SE","og_type":"article","og_title":"Kriterium 7: M\u00e5ngsidiga m\u00f6jligheter f\u00f6r ungdomar till delaktighet och p\u00e5verkan - Ungas delaktighet","og_description":"Ungdomar har olika \u00f6nskem\u00e5l intressen resurser och f\u00f6ruts\u00e4ttningar till att delta precis som vuxna. I fr\u00e5ga om ungas delaktighet och m\u00f6jligheter till att p\u00e5verka \u00e4r det viktigt att fundera p\u00e5 hurdana s\u00e4tt att medverka som passar dem och att v\u00e4lja s\u00e4tten att p\u00e5verka enligt det.","og_url":"https:\/\/nuoretjaosallisuus.fi\/sv\/kriterium-7\/","og_site_name":"Ungas delaktighet","article_modified_time":"2022-12-27T13:46:24+00:00","twitter_card":"summary_large_image","twitter_misc":{"Ber\u00e4knad l\u00e4stid":"1 minut"},"schema":{"@context":"https:\/\/schema.org","@graph":[{"@type":"WebPage","@id":"https:\/\/nuoretjaosallisuus.fi\/sv\/kriterium-7\/","url":"https:\/\/nuoretjaosallisuus.fi\/sv\/kriterium-7\/","name":"Kriterium 7: M\u00e5ngsidiga m\u00f6jligheter f\u00f6r ungdomar till delaktighet och p\u00e5verkan - Ungas delaktighet","isPartOf":{"@id":"https:\/\/nuoretjaosallisuus.fi\/#website"},"datePublished":"2021-01-15T07:26:53+00:00","dateModified":"2022-12-27T13:46:24+00:00","description":"Ungdomar har olika \u00f6nskem\u00e5l intressen resurser och f\u00f6ruts\u00e4ttningar till att delta precis som vuxna. I fr\u00e5ga om ungas delaktighet och m\u00f6jligheter till att p\u00e5verka \u00e4r det viktigt att fundera p\u00e5 hurdana s\u00e4tt att medverka som passar dem och att v\u00e4lja s\u00e4tten att p\u00e5verka enligt det.","inLanguage":"sv-SE","potentialAction":[{"@type":"ReadAction","target":["https:\/\/nuoretjaosallisuus.fi\/sv\/kriterium-7\/"]}]},{"@type":"WebSite","@id":"https:\/\/nuoretjaosallisuus.fi\/#website","url":"https:\/\/nuoretjaosallisuus.fi\/","name":"Ungas delaktighet","description":"Onnistunutta osallisuutta nuorille","potentialAction":[{"@type":"SearchAction","target":{"@type":"EntryPoint","urlTemplate":"https:\/\/nuoretjaosallisuus.fi\/?s={search_term_string}"},"query-input":{"@type":"PropertyValueSpecification","valueRequired":true,"valueName":"search_term_string"}}],"inLanguage":"sv-SE"}]}},"_links":{"self":[{"href":"https:\/\/nuoretjaosallisuus.fi\/sv\/wp-json\/wp\/v2\/pages\/2917","targetHints":{"allow":["GET"]}}],"collection":[{"href":"https:\/\/nuoretjaosallisuus.fi\/sv\/wp-json\/wp\/v2\/pages"}],"about":[{"href":"https:\/\/nuoretjaosallisuus.fi\/sv\/wp-json\/wp\/v2\/types\/page"}],"author":[{"embeddable":true,"href":"https:\/\/nuoretjaosallisuus.fi\/sv\/wp-json\/wp\/v2\/users\/38"}],"replies":[{"embeddable":true,"href":"https:\/\/nuoretjaosallisuus.fi\/sv\/wp-json\/wp\/v2\/comments?post=2917"}],"version-history":[{"count":11,"href":"https:\/\/nuoretjaosallisuus.fi\/sv\/wp-json\/wp\/v2\/pages\/2917\/revisions"}],"predecessor-version":[{"id":8055,"href":"https:\/\/nuoretjaosallisuus.fi\/sv\/wp-json\/wp\/v2\/pages\/2917\/revisions\/8055"}],"wp:attachment":[{"href":"https:\/\/nuoretjaosallisuus.fi\/sv\/wp-json\/wp\/v2\/media?parent=2917"}],"curies":[{"name":"wp","href":"https:\/\/api.w.org\/{rel}","templated":true}]}}