{"id":2925,"date":"2021-01-15T09:46:26","date_gmt":"2021-01-15T07:46:26","guid":{"rendered":"https:\/\/nuoretjaosallisuus.fi\/?page_id=2925"},"modified":"2021-03-08T14:15:14","modified_gmt":"2021-03-08T12:15:14","slug":"kriterium-10-kommunen-samarbetar-med-olika-organisationer-for-att-utveckla-ungas-delaktighet","status":"publish","type":"page","link":"https:\/\/nuoretjaosallisuus.fi\/sv\/kriterium-10-kommunen-samarbetar-med-olika-organisationer-for-att-utveckla-ungas-delaktighet\/","title":{"rendered":"Kriterium 10: Kommunen samarbetar med olika organisationer f\u00f6r att utveckla ungas delaktighet"},"content":{"rendered":"\n<p>Ungas delaktighet f\u00f6ruts\u00e4tter samarbete. N\u00e4tverkande och nyttjande av yrkeskunskaper inneb\u00e4r f\u00f6rutom samarbete inom den offentliga sektorn \u00e4ven partnerskap med f\u00f6retag och akt\u00f6rer inom den tredje sektorn. Ungdomar kan till exempel via organisationer och f\u00f6reningar delta i samh\u00e4llets verksamhet och i hobbyn. Utveckling av samarbetet mellan olika organisationer kr\u00e4ver m\u00e5lmedvetenhet. I praktiken betyder det att man m\u00e5ste komma \u00f6verens om exempelvis hur man vill utveckla samarbetet och nyttja redan befintlig expertis.<\/p>\n\n\n\n<p><strong>Att \u00f6verv\u00e4ga:<\/strong><\/p>\n\n\n\n<ul class=\"wp-block-list\"><li><em>Jag drar nytta av expertis som finns inom olika organisationer f\u00f6r att ge ungdomar m\u00f6jlighet att bli h\u00f6rda och st\u00e4rka deras akt\u00f6rskap.<\/em><\/li><li><em>V\u00e5r kommun har byggt upp ett m\u00e5linriktat samarbete med olika organisationer f\u00f6r att f\u00f6rb\u00e4ttra ungas delaktighet.<\/em><\/li><li><em>Vi har kommit \u00f6verens om v\u00e5r kommuns och organisationernas roller i utvecklingsarbetet.<\/em><\/li><\/ul>\n","protected":false},"excerpt":{"rendered":"<p>Ungas delaktighet f\u00f6ruts\u00e4tter samarbete. N\u00e4tverkande och nyttjande av yrkeskunskaper inneb\u00e4r f\u00f6rutom samarbete inom den offentliga sektorn \u00e4ven partnerskap med f\u00f6retag och akt\u00f6rer inom den tredje sektorn. Ungdomar kan till exempel via organisationer och f\u00f6reningar delta i samh\u00e4llets verksamhet och i hobbyn. Utveckling av samarbetet mellan olika organisationer kr\u00e4ver m\u00e5lmedvetenhet. I praktiken betyder det att man &hellip; <a href=\"https:\/\/nuoretjaosallisuus.fi\/sv\/kriterium-10-kommunen-samarbetar-med-olika-organisationer-for-att-utveckla-ungas-delaktighet\/\" class=\"more-link\">Lue lis\u00e4\u00e4<span class=\"screen-reader-text\"> &#8221;Kriterium 10: Kommunen samarbetar med olika organisationer f\u00f6r att utveckla ungas delaktighet&#8221;<\/span><\/a><\/p>\n","protected":false},"author":38,"featured_media":0,"parent":0,"menu_order":0,"comment_status":"closed","ping_status":"closed","template":"","meta":{"_acf_changed":false,"_relevanssi_hide_post":"","_relevanssi_hide_content":"","_relevanssi_pin_for_all":"","_relevanssi_pin_keywords":"","_relevanssi_unpin_keywords":"","_relevanssi_related_keywords":"","_relevanssi_related_include_ids":"","_relevanssi_related_exclude_ids":"","_relevanssi_related_no_append":"","_relevanssi_related_not_related":"","_relevanssi_related_posts":"","_relevanssi_noindex_reason":"","_eb_attr":"","footnotes":""},"class_list":["post-2925","page","type-page","status-publish","hentry"],"acf":[],"yoast_head":"<!-- This site is optimized with the Yoast SEO plugin v27.4 - https:\/\/yoast.com\/product\/yoast-seo-wordpress\/ -->\n<title>Kriterium 10: Kommunen samarbetar med olika organisationer f\u00f6r att utveckla ungas delaktighet - Ungas delaktighet<\/title>\n<meta name=\"robots\" content=\"index, follow, max-snippet:-1, max-image-preview:large, max-video-preview:-1\" \/>\n<link rel=\"canonical\" href=\"https:\/\/nuoretjaosallisuus.fi\/sv\/kriterium-10-kommunen-samarbetar-med-olika-organisationer-for-att-utveckla-ungas-delaktighet\/\" \/>\n<meta property=\"og:locale\" content=\"sv_SE\" \/>\n<meta property=\"og:type\" content=\"article\" \/>\n<meta property=\"og:title\" content=\"Kriterium 10: Kommunen samarbetar med olika organisationer f\u00f6r att utveckla ungas delaktighet - Ungas delaktighet\" \/>\n<meta property=\"og:description\" content=\"Ungas delaktighet f\u00f6ruts\u00e4tter samarbete. N\u00e4tverkande och nyttjande av yrkeskunskaper inneb\u00e4r f\u00f6rutom samarbete inom den offentliga sektorn \u00e4ven partnerskap med f\u00f6retag och akt\u00f6rer inom den tredje sektorn. Ungdomar kan till exempel via organisationer och f\u00f6reningar delta i samh\u00e4llets verksamhet och i hobbyn. Utveckling av samarbetet mellan olika organisationer kr\u00e4ver m\u00e5lmedvetenhet. I praktiken betyder det att man &hellip; Lue lis\u00e4\u00e4 &quot;Kriterium 10: Kommunen samarbetar med olika organisationer f\u00f6r att utveckla ungas delaktighet&quot;\" \/>\n<meta property=\"og:url\" content=\"https:\/\/nuoretjaosallisuus.fi\/sv\/kriterium-10-kommunen-samarbetar-med-olika-organisationer-for-att-utveckla-ungas-delaktighet\/\" \/>\n<meta property=\"og:site_name\" content=\"Ungas delaktighet\" \/>\n<meta property=\"article:modified_time\" content=\"2021-03-08T12:15:14+00:00\" \/>\n<meta name=\"twitter:card\" content=\"summary_large_image\" \/>\n<meta name=\"twitter:label1\" content=\"Ber\u00e4knad l\u00e4stid\" \/>\n\t<meta name=\"twitter:data1\" content=\"1 minut\" \/>\n<script type=\"application\/ld+json\" class=\"yoast-schema-graph\">{\"@context\":\"https:\\\/\\\/schema.org\",\"@graph\":[{\"@type\":\"WebPage\",\"@id\":\"https:\\\/\\\/nuoretjaosallisuus.fi\\\/sv\\\/kriterium-10-kommunen-samarbetar-med-olika-organisationer-for-att-utveckla-ungas-delaktighet\\\/\",\"url\":\"https:\\\/\\\/nuoretjaosallisuus.fi\\\/sv\\\/kriterium-10-kommunen-samarbetar-med-olika-organisationer-for-att-utveckla-ungas-delaktighet\\\/\",\"name\":\"Kriterium 10: Kommunen samarbetar med olika organisationer f\u00f6r att utveckla ungas delaktighet - Ungas delaktighet\",\"isPartOf\":{\"@id\":\"https:\\\/\\\/nuoretjaosallisuus.fi\\\/#website\"},\"datePublished\":\"2021-01-15T07:46:26+00:00\",\"dateModified\":\"2021-03-08T12:15:14+00:00\",\"inLanguage\":\"sv-SE\",\"potentialAction\":[{\"@type\":\"ReadAction\",\"target\":[\"https:\\\/\\\/nuoretjaosallisuus.fi\\\/sv\\\/kriterium-10-kommunen-samarbetar-med-olika-organisationer-for-att-utveckla-ungas-delaktighet\\\/\"]}]},{\"@type\":\"WebSite\",\"@id\":\"https:\\\/\\\/nuoretjaosallisuus.fi\\\/#website\",\"url\":\"https:\\\/\\\/nuoretjaosallisuus.fi\\\/\",\"name\":\"Ungas delaktighet\",\"description\":\"Onnistunutta osallisuutta nuorille\",\"potentialAction\":[{\"@type\":\"SearchAction\",\"target\":{\"@type\":\"EntryPoint\",\"urlTemplate\":\"https:\\\/\\\/nuoretjaosallisuus.fi\\\/?s={search_term_string}\"},\"query-input\":{\"@type\":\"PropertyValueSpecification\",\"valueRequired\":true,\"valueName\":\"search_term_string\"}}],\"inLanguage\":\"sv-SE\"}]}<\/script>\n<!-- \/ Yoast SEO plugin. -->","yoast_head_json":{"title":"Kriterium 10: Kommunen samarbetar med olika organisationer f\u00f6r att utveckla ungas delaktighet - Ungas delaktighet","robots":{"index":"index","follow":"follow","max-snippet":"max-snippet:-1","max-image-preview":"max-image-preview:large","max-video-preview":"max-video-preview:-1"},"canonical":"https:\/\/nuoretjaosallisuus.fi\/sv\/kriterium-10-kommunen-samarbetar-med-olika-organisationer-for-att-utveckla-ungas-delaktighet\/","og_locale":"sv_SE","og_type":"article","og_title":"Kriterium 10: Kommunen samarbetar med olika organisationer f\u00f6r att utveckla ungas delaktighet - Ungas delaktighet","og_description":"Ungas delaktighet f\u00f6ruts\u00e4tter samarbete. N\u00e4tverkande och nyttjande av yrkeskunskaper inneb\u00e4r f\u00f6rutom samarbete inom den offentliga sektorn \u00e4ven partnerskap med f\u00f6retag och akt\u00f6rer inom den tredje sektorn. Ungdomar kan till exempel via organisationer och f\u00f6reningar delta i samh\u00e4llets verksamhet och i hobbyn. Utveckling av samarbetet mellan olika organisationer kr\u00e4ver m\u00e5lmedvetenhet. I praktiken betyder det att man &hellip; Lue lis\u00e4\u00e4 \"Kriterium 10: Kommunen samarbetar med olika organisationer f\u00f6r att utveckla ungas delaktighet\"","og_url":"https:\/\/nuoretjaosallisuus.fi\/sv\/kriterium-10-kommunen-samarbetar-med-olika-organisationer-for-att-utveckla-ungas-delaktighet\/","og_site_name":"Ungas delaktighet","article_modified_time":"2021-03-08T12:15:14+00:00","twitter_card":"summary_large_image","twitter_misc":{"Ber\u00e4knad l\u00e4stid":"1 minut"},"schema":{"@context":"https:\/\/schema.org","@graph":[{"@type":"WebPage","@id":"https:\/\/nuoretjaosallisuus.fi\/sv\/kriterium-10-kommunen-samarbetar-med-olika-organisationer-for-att-utveckla-ungas-delaktighet\/","url":"https:\/\/nuoretjaosallisuus.fi\/sv\/kriterium-10-kommunen-samarbetar-med-olika-organisationer-for-att-utveckla-ungas-delaktighet\/","name":"Kriterium 10: Kommunen samarbetar med olika organisationer f\u00f6r att utveckla ungas delaktighet - Ungas delaktighet","isPartOf":{"@id":"https:\/\/nuoretjaosallisuus.fi\/#website"},"datePublished":"2021-01-15T07:46:26+00:00","dateModified":"2021-03-08T12:15:14+00:00","inLanguage":"sv-SE","potentialAction":[{"@type":"ReadAction","target":["https:\/\/nuoretjaosallisuus.fi\/sv\/kriterium-10-kommunen-samarbetar-med-olika-organisationer-for-att-utveckla-ungas-delaktighet\/"]}]},{"@type":"WebSite","@id":"https:\/\/nuoretjaosallisuus.fi\/#website","url":"https:\/\/nuoretjaosallisuus.fi\/","name":"Ungas delaktighet","description":"Onnistunutta osallisuutta nuorille","potentialAction":[{"@type":"SearchAction","target":{"@type":"EntryPoint","urlTemplate":"https:\/\/nuoretjaosallisuus.fi\/?s={search_term_string}"},"query-input":{"@type":"PropertyValueSpecification","valueRequired":true,"valueName":"search_term_string"}}],"inLanguage":"sv-SE"}]}},"_links":{"self":[{"href":"https:\/\/nuoretjaosallisuus.fi\/sv\/wp-json\/wp\/v2\/pages\/2925","targetHints":{"allow":["GET"]}}],"collection":[{"href":"https:\/\/nuoretjaosallisuus.fi\/sv\/wp-json\/wp\/v2\/pages"}],"about":[{"href":"https:\/\/nuoretjaosallisuus.fi\/sv\/wp-json\/wp\/v2\/types\/page"}],"author":[{"embeddable":true,"href":"https:\/\/nuoretjaosallisuus.fi\/sv\/wp-json\/wp\/v2\/users\/38"}],"replies":[{"embeddable":true,"href":"https:\/\/nuoretjaosallisuus.fi\/sv\/wp-json\/wp\/v2\/comments?post=2925"}],"version-history":[{"count":6,"href":"https:\/\/nuoretjaosallisuus.fi\/sv\/wp-json\/wp\/v2\/pages\/2925\/revisions"}],"predecessor-version":[{"id":3441,"href":"https:\/\/nuoretjaosallisuus.fi\/sv\/wp-json\/wp\/v2\/pages\/2925\/revisions\/3441"}],"wp:attachment":[{"href":"https:\/\/nuoretjaosallisuus.fi\/sv\/wp-json\/wp\/v2\/media?parent=2925"}],"curies":[{"name":"wp","href":"https:\/\/api.w.org\/{rel}","templated":true}]}}