{"id":2930,"date":"2021-01-15T09:27:38","date_gmt":"2021-01-15T07:27:38","guid":{"rendered":"https:\/\/nuoretjaosallisuus.fi\/?page_id=2930"},"modified":"2022-12-27T15:53:25","modified_gmt":"2022-12-27T13:53:25","slug":"kriterium-12-informationen-som-riktas-till-ungdomar-motsvarar-deras-onskemal-och-behov","status":"publish","type":"page","link":"https:\/\/nuoretjaosallisuus.fi\/sv\/kriterium-12-informationen-som-riktas-till-ungdomar-motsvarar-deras-onskemal-och-behov\/","title":{"rendered":"Kriterium 12: Informationen som riktas till ungdomar motsvarar deras \u00f6nskem\u00e5l och behov"},"content":{"rendered":"\n<p>Kommunens information ang\u00e5ende m\u00f6jligheter att delta n\u00e5r oftast bara de mest aktiva ungdomarna. D\u00e4rf\u00f6r l\u00f6nar det sig att planera och genomf\u00f6ra informationen i samarbete med ungdomar. Resultatet blir ofta bra n\u00e4r ungdomar kommunicerar med andra ungdomar. Man m\u00e5ste kunna v\u00e4lja r\u00e4tta kanal, uttrycka saker p\u00e5 ett begripligt s\u00e4tt och planera inneh\u00e5ll s\u00e5 att de intresserar ungdomar och svarar p\u00e5 deras behov. Information \u00e4r av st\u00f6rsta vikt med tanke p\u00e5 delaktigheten, f\u00f6r utan kunskap kan man inte agera och p\u00e5verka. F\u00f6r att informationen ska n\u00e5 s\u00e5 m\u00e5nga ungdomar i kommunen som m\u00f6jligt, m\u00e5ste man f\u00e4sta uppm\u00e4rksamhet vid tillg\u00e5ngen till information.<\/p>\n\n\n\n<p><strong>Att \u00f6verv\u00e4ga:<\/strong><\/p>\n\n\n\n<ul class=\"wp-block-list\">\n<li><em>Vi kommunicerar med ungdomar p\u00e5 platser och i milj\u00f6er&nbsp;&nbsp;som \u00e4r bekanta f\u00f6r dem.<\/em><\/li>\n\n\n\n<li><em>Informationen som riktas till ungdomar \u00e4r interaktiv.<\/em><\/li>\n\n\n\n<li><em>Spr\u00e5ket i kommunikationen \u00e4r tydligt och begripligt f\u00f6r m\u00e5nga ungdomar med olika bakgrund i fr\u00e5ga om inneh\u00e5ll, vokabul\u00e4r och struktur.<\/em><\/li>\n\n\n\n<li><em>Som st\u00f6d f\u00f6r texterna finns ocks\u00e5 andra kommunikationsformer, t.ex. bilder, videor eller infografer.<\/em><\/li>\n\n\n\n<li><em>De tillg\u00e4nglighetskrav&nbsp;&nbsp;som regleras i lagen har beaktats i v\u00e5r kommuns webbtj\u00e4nster och mobila applikationer.<\/em><\/li>\n\n\n\n<li><em>Vi har utv\u00e4rderat kommunens webbsidor och deras tillg\u00e4nglighet och anv\u00e4ndarv\u00e4nlighet tillsammans med ungdomar.<\/em><\/li>\n\n\n\n<li><em>Vi tar med ungdomar i planeringen och genomf\u00f6randet av information i kommunens olika informationskanaler.<\/em><\/li>\n<\/ul>\n","protected":false},"excerpt":{"rendered":"<p>Kommunens information ang\u00e5ende m\u00f6jligheter att delta n\u00e5r oftast bara de mest aktiva ungdomarna. D\u00e4rf\u00f6r l\u00f6nar det sig att planera och genomf\u00f6ra informationen i samarbete med ungdomar. Resultatet blir ofta bra n\u00e4r ungdomar kommunicerar med andra ungdomar. Man m\u00e5ste kunna v\u00e4lja r\u00e4tta kanal, uttrycka saker p\u00e5 ett begripligt s\u00e4tt och planera inneh\u00e5ll s\u00e5 att de intresserar &hellip; <a href=\"https:\/\/nuoretjaosallisuus.fi\/sv\/kriterium-12-informationen-som-riktas-till-ungdomar-motsvarar-deras-onskemal-och-behov\/\" class=\"more-link\">Lue lis\u00e4\u00e4<span class=\"screen-reader-text\"> &#8221;Kriterium 12: Informationen som riktas till ungdomar motsvarar deras \u00f6nskem\u00e5l och behov&#8221;<\/span><\/a><\/p>\n","protected":false},"author":38,"featured_media":0,"parent":0,"menu_order":0,"comment_status":"closed","ping_status":"closed","template":"","meta":{"_acf_changed":false,"_relevanssi_hide_post":"","_relevanssi_hide_content":"","_relevanssi_pin_for_all":"","_relevanssi_pin_keywords":"","_relevanssi_unpin_keywords":"","_relevanssi_related_keywords":"","_relevanssi_related_include_ids":"","_relevanssi_related_exclude_ids":"","_relevanssi_related_no_append":"","_relevanssi_related_not_related":"","_relevanssi_related_posts":"","_relevanssi_noindex_reason":"","_eb_attr":"","footnotes":""},"class_list":["post-2930","page","type-page","status-publish","hentry"],"acf":[],"yoast_head":"<!-- This site is optimized with the Yoast SEO plugin v27.4 - https:\/\/yoast.com\/product\/yoast-seo-wordpress\/ -->\n<title>Kriterium 12: Informationen som riktas till ungdomar motsvarar deras \u00f6nskem\u00e5l och behov - Ungas delaktighet<\/title>\n<meta name=\"robots\" content=\"index, follow, max-snippet:-1, max-image-preview:large, max-video-preview:-1\" \/>\n<link rel=\"canonical\" href=\"https:\/\/nuoretjaosallisuus.fi\/sv\/kriterium-12-informationen-som-riktas-till-ungdomar-motsvarar-deras-onskemal-och-behov\/\" \/>\n<meta property=\"og:locale\" content=\"sv_SE\" \/>\n<meta property=\"og:type\" content=\"article\" \/>\n<meta property=\"og:title\" content=\"Kriterium 12: Informationen som riktas till ungdomar motsvarar deras \u00f6nskem\u00e5l och behov - Ungas delaktighet\" \/>\n<meta property=\"og:description\" content=\"Kommunens information ang\u00e5ende m\u00f6jligheter att delta n\u00e5r oftast bara de mest aktiva ungdomarna. D\u00e4rf\u00f6r l\u00f6nar det sig att planera och genomf\u00f6ra informationen i samarbete med ungdomar. Resultatet blir ofta bra n\u00e4r ungdomar kommunicerar med andra ungdomar. Man m\u00e5ste kunna v\u00e4lja r\u00e4tta kanal, uttrycka saker p\u00e5 ett begripligt s\u00e4tt och planera inneh\u00e5ll s\u00e5 att de intresserar &hellip; Lue lis\u00e4\u00e4 &quot;Kriterium 12: Informationen som riktas till ungdomar motsvarar deras \u00f6nskem\u00e5l och behov&quot;\" \/>\n<meta property=\"og:url\" content=\"https:\/\/nuoretjaosallisuus.fi\/sv\/kriterium-12-informationen-som-riktas-till-ungdomar-motsvarar-deras-onskemal-och-behov\/\" \/>\n<meta property=\"og:site_name\" content=\"Ungas delaktighet\" \/>\n<meta property=\"article:modified_time\" content=\"2022-12-27T13:53:25+00:00\" \/>\n<meta name=\"twitter:card\" content=\"summary_large_image\" \/>\n<meta name=\"twitter:label1\" content=\"Ber\u00e4knad l\u00e4stid\" \/>\n\t<meta name=\"twitter:data1\" content=\"2 minuter\" \/>\n<script type=\"application\/ld+json\" class=\"yoast-schema-graph\">{\"@context\":\"https:\\\/\\\/schema.org\",\"@graph\":[{\"@type\":\"WebPage\",\"@id\":\"https:\\\/\\\/nuoretjaosallisuus.fi\\\/sv\\\/kriterium-12-informationen-som-riktas-till-ungdomar-motsvarar-deras-onskemal-och-behov\\\/\",\"url\":\"https:\\\/\\\/nuoretjaosallisuus.fi\\\/sv\\\/kriterium-12-informationen-som-riktas-till-ungdomar-motsvarar-deras-onskemal-och-behov\\\/\",\"name\":\"Kriterium 12: Informationen som riktas till ungdomar motsvarar deras \u00f6nskem\u00e5l och behov - Ungas delaktighet\",\"isPartOf\":{\"@id\":\"https:\\\/\\\/nuoretjaosallisuus.fi\\\/#website\"},\"datePublished\":\"2021-01-15T07:27:38+00:00\",\"dateModified\":\"2022-12-27T13:53:25+00:00\",\"inLanguage\":\"sv-SE\",\"potentialAction\":[{\"@type\":\"ReadAction\",\"target\":[\"https:\\\/\\\/nuoretjaosallisuus.fi\\\/sv\\\/kriterium-12-informationen-som-riktas-till-ungdomar-motsvarar-deras-onskemal-och-behov\\\/\"]}]},{\"@type\":\"WebSite\",\"@id\":\"https:\\\/\\\/nuoretjaosallisuus.fi\\\/#website\",\"url\":\"https:\\\/\\\/nuoretjaosallisuus.fi\\\/\",\"name\":\"Ungas delaktighet\",\"description\":\"Onnistunutta osallisuutta nuorille\",\"potentialAction\":[{\"@type\":\"SearchAction\",\"target\":{\"@type\":\"EntryPoint\",\"urlTemplate\":\"https:\\\/\\\/nuoretjaosallisuus.fi\\\/?s={search_term_string}\"},\"query-input\":{\"@type\":\"PropertyValueSpecification\",\"valueRequired\":true,\"valueName\":\"search_term_string\"}}],\"inLanguage\":\"sv-SE\"}]}<\/script>\n<!-- \/ Yoast SEO plugin. -->","yoast_head_json":{"title":"Kriterium 12: Informationen som riktas till ungdomar motsvarar deras \u00f6nskem\u00e5l och behov - Ungas delaktighet","robots":{"index":"index","follow":"follow","max-snippet":"max-snippet:-1","max-image-preview":"max-image-preview:large","max-video-preview":"max-video-preview:-1"},"canonical":"https:\/\/nuoretjaosallisuus.fi\/sv\/kriterium-12-informationen-som-riktas-till-ungdomar-motsvarar-deras-onskemal-och-behov\/","og_locale":"sv_SE","og_type":"article","og_title":"Kriterium 12: Informationen som riktas till ungdomar motsvarar deras \u00f6nskem\u00e5l och behov - Ungas delaktighet","og_description":"Kommunens information ang\u00e5ende m\u00f6jligheter att delta n\u00e5r oftast bara de mest aktiva ungdomarna. D\u00e4rf\u00f6r l\u00f6nar det sig att planera och genomf\u00f6ra informationen i samarbete med ungdomar. Resultatet blir ofta bra n\u00e4r ungdomar kommunicerar med andra ungdomar. Man m\u00e5ste kunna v\u00e4lja r\u00e4tta kanal, uttrycka saker p\u00e5 ett begripligt s\u00e4tt och planera inneh\u00e5ll s\u00e5 att de intresserar &hellip; Lue lis\u00e4\u00e4 \"Kriterium 12: Informationen som riktas till ungdomar motsvarar deras \u00f6nskem\u00e5l och behov\"","og_url":"https:\/\/nuoretjaosallisuus.fi\/sv\/kriterium-12-informationen-som-riktas-till-ungdomar-motsvarar-deras-onskemal-och-behov\/","og_site_name":"Ungas delaktighet","article_modified_time":"2022-12-27T13:53:25+00:00","twitter_card":"summary_large_image","twitter_misc":{"Ber\u00e4knad l\u00e4stid":"2 minuter"},"schema":{"@context":"https:\/\/schema.org","@graph":[{"@type":"WebPage","@id":"https:\/\/nuoretjaosallisuus.fi\/sv\/kriterium-12-informationen-som-riktas-till-ungdomar-motsvarar-deras-onskemal-och-behov\/","url":"https:\/\/nuoretjaosallisuus.fi\/sv\/kriterium-12-informationen-som-riktas-till-ungdomar-motsvarar-deras-onskemal-och-behov\/","name":"Kriterium 12: Informationen som riktas till ungdomar motsvarar deras \u00f6nskem\u00e5l och behov - Ungas delaktighet","isPartOf":{"@id":"https:\/\/nuoretjaosallisuus.fi\/#website"},"datePublished":"2021-01-15T07:27:38+00:00","dateModified":"2022-12-27T13:53:25+00:00","inLanguage":"sv-SE","potentialAction":[{"@type":"ReadAction","target":["https:\/\/nuoretjaosallisuus.fi\/sv\/kriterium-12-informationen-som-riktas-till-ungdomar-motsvarar-deras-onskemal-och-behov\/"]}]},{"@type":"WebSite","@id":"https:\/\/nuoretjaosallisuus.fi\/#website","url":"https:\/\/nuoretjaosallisuus.fi\/","name":"Ungas delaktighet","description":"Onnistunutta osallisuutta nuorille","potentialAction":[{"@type":"SearchAction","target":{"@type":"EntryPoint","urlTemplate":"https:\/\/nuoretjaosallisuus.fi\/?s={search_term_string}"},"query-input":{"@type":"PropertyValueSpecification","valueRequired":true,"valueName":"search_term_string"}}],"inLanguage":"sv-SE"}]}},"_links":{"self":[{"href":"https:\/\/nuoretjaosallisuus.fi\/sv\/wp-json\/wp\/v2\/pages\/2930","targetHints":{"allow":["GET"]}}],"collection":[{"href":"https:\/\/nuoretjaosallisuus.fi\/sv\/wp-json\/wp\/v2\/pages"}],"about":[{"href":"https:\/\/nuoretjaosallisuus.fi\/sv\/wp-json\/wp\/v2\/types\/page"}],"author":[{"embeddable":true,"href":"https:\/\/nuoretjaosallisuus.fi\/sv\/wp-json\/wp\/v2\/users\/38"}],"replies":[{"embeddable":true,"href":"https:\/\/nuoretjaosallisuus.fi\/sv\/wp-json\/wp\/v2\/comments?post=2930"}],"version-history":[{"count":10,"href":"https:\/\/nuoretjaosallisuus.fi\/sv\/wp-json\/wp\/v2\/pages\/2930\/revisions"}],"predecessor-version":[{"id":8031,"href":"https:\/\/nuoretjaosallisuus.fi\/sv\/wp-json\/wp\/v2\/pages\/2930\/revisions\/8031"}],"wp:attachment":[{"href":"https:\/\/nuoretjaosallisuus.fi\/sv\/wp-json\/wp\/v2\/media?parent=2930"}],"curies":[{"name":"wp","href":"https:\/\/api.w.org\/{rel}","templated":true}]}}