{"id":2939,"date":"2021-01-14T13:23:50","date_gmt":"2021-01-14T11:23:50","guid":{"rendered":"https:\/\/nuoretjaosallisuus.fi\/?page_id=2939"},"modified":"2022-02-14T13:55:02","modified_gmt":"2022-02-14T11:55:02","slug":"forskning-och-information-om-ungas-delaktighet","status":"publish","type":"page","link":"https:\/\/nuoretjaosallisuus.fi\/sv\/forskning-och-information-om-ungas-delaktighet\/","title":{"rendered":"Forskning och information om ungas delaktighet"},"content":{"rendered":"\n<p>F\u00f6r att uppmuntra och f\u00f6rplikta kommunerna att delaktigg\u00f6ra ungdomar beh\u00f6vs information och unders\u00f6kningar om temat. Nedanf\u00f6r finns det sammans\u00e4ttning av forskningsartiklar, avhandlingar, rapporter och utredningar om temat.<\/p>\n\n\n\n<p>P\u00e5 den h\u00e4r webbplatsen avses med ungdomar alla under 29 \u00e5r, i enlighet med ungdomslagen.<\/p>\n\n\n\n<h2 class=\"wp-block-heading\" id=\"rapporter\">Rapporter<\/h2>\n\n\n<div class=\"material-block\">\n    <div class=\"icon-container\"><i class=\"fal fa-search\"><\/i><\/div>\n    <div class=\"file-info\">\n                <h3><a href=\"https:\/\/julkaisut.valtioneuvosto.fi\/handle\/10024\/162410\">Deltagande och delaktighet: Del 1: Utg\u00e5ngspunkterna f\u00f6r delaktighet i den nationella barnstrategin<\/a><\/h3>\n                <p>I denna utredning bed\u00f6ms forskningsinformationen om barns och ungas delaktighet, och v\u00e4sentliga observationer om detta samlas ihop f\u00f6r beredningen av den nationella barnstrategin. Enligt utredningen ska delaktigheten beaktas som ett centralt v\u00e4rde i samh\u00e4llsdebatten och beslutsfattandet.<\/p>\n    <\/div>\n<\/div>\n\n<div class=\"material-block\">\n    <div class=\"icon-container\"><i class=\"fal fa-book\"><\/i><\/div>\n    <div class=\"file-info\">\n                <h3><a href=\"https:\/\/julkaisut.valtioneuvosto.fi\/handle\/10024\/161561\">F\u00f6ruts\u00e4ttningar f\u00f6r uppv\u00e4xt, l\u00e4rande och delaktighet f\u00f6r alla<\/a><\/h3>\n                <p>En rapport av undervisnings- och kulturministeriet och social- och h\u00e4lsov\u00e5rdsministeriet som grundar sig p\u00e5 bakgrundsmaterial f\u00f6r beredningen av Barnstrategin. Rapportens fem temaomr\u00e5den \u00e4r m\u00e4nskliga relationer, l\u00e4rande, trygghet, h\u00e4lsa och delaktighet. Sammanst\u00e4llningen best\u00e5r av de viktigaste forskningsresultaten som cirka hundra forskare och forskargrupper har lyft fram samt \u00e5tg\u00e4rdsrekommendationer som grundar sig p\u00e5 dessa.<\/p>\n    <\/div>\n<\/div>\n\n<div class=\"material-block\">\n    <div class=\"icon-container\"><i class=\"fal fa-search\"><\/i><\/div>\n    <div class=\"file-info\">\n                <h3><a href=\"https:\/\/norden.diva-portal.org\/smash\/get\/diva2:1388732\/FULLTEXT01.pdf\">Nabo \u2013 ungas r\u00f6ster om social inkludering i Finland<\/a><\/h3>\n                <p>Nordiska ministerr\u00e5dets projekt Nabo fokuserade under \u00e5ren 2018\u20132020 p\u00e5 nordiska ungdomars upplevelse av social inkludering. Rapporten beskriver intervjuer som gjorts med unga i Finland g\u00e4llande deras upplevelser av inkludering, j\u00e4mlikhet och delaktighet. <\/p>\n    <\/div>\n<\/div>\n\n<div class=\"material-block\">\n    <div class=\"icon-container\"><i class=\"fal fa-book-open\"><\/i><\/div>\n    <div class=\"file-info\">\n                <h3><a href=\"https:\/\/nuoretjaosallisuus.fi\/wp-content\/uploads\/2021\/03\/nuoret-luupin-alla-osallisuudesta-hyvinvointiin-2012.pdf\">Nuoret luupin alla 2012 \u2013 Osallisuudesta hyvinvointiin (pdf)<\/a><\/h3>\n                <p>Forskningsrapport framst\u00e4lld av projektet Nuoret luupin alla (ung. Ungdomar under lupp).<\/p>\n    <\/div>\n<\/div>\n\n<div class=\"material-block\">\n    <div class=\"icon-container\"><i class=\"fal fa-search\"><\/i><\/div>\n    <div class=\"file-info\">\n                <h3><a href=\"https:\/\/www.theseus.fi\/bitstream\/handle\/10024\/133266\/Puheenvuoro_11_978-952-493-298-1.pdf\">Nuorten osallisuuden edist\u00e4minen \u2013 Selvitysmiehen raportti (pdf)<\/a><\/h3>\n                <p>Professor Heikki Hiilamos utredning om fr\u00e4mjande av ungas delaktighet.<\/p>\n    <\/div>\n<\/div>\n\n<div class=\"material-block\">\n    <div class=\"icon-container\"><i class=\"fal fa-book-open\"><\/i><\/div>\n    <div class=\"file-info\">\n                <h3><a href=\"https:\/\/www.lskl.fi\/julkaisut\/nuorten-aanen-pitaa-kuulua\/\">Nuorten \u00e4\u00e4nen pit\u00e4\u00e4 kuulua!<\/a><\/h3>\n                <p>En rapport av Centralf\u00f6rbundet f\u00f6r Barnskydd som redog\u00f6r f\u00f6r ungdomars \u00e5sikter, hur de upplever sina m\u00f6jligheter att delta och p\u00e5verka gemensamma fr\u00e5gor.<\/p>\n    <\/div>\n<\/div>\n\n<div class=\"material-block\">\n    <div class=\"icon-container\"><i class=\"fal fa-book\"><\/i><\/div>\n    <div class=\"file-info\">\n                <h3><a href=\"https:\/\/jyx.jyu.fi\/handle\/123456789\/51783\">Tavoitteena aito osallisuus: Tarkastelussa Suomen ensimm\u00e4inen deliberatiivinen nuorisoraati<\/a><\/h3>\n                <p>Forskningsrapport i tidskriften Kansalaisyhteiskunta om genomf\u00f6randet av ett deliberativt ungdomsr\u00e5d f\u00f6r studerande p\u00e5 andra stadiet.<\/p>\n    <\/div>\n<\/div>\n\n<div class=\"material-block\">\n    <div class=\"icon-container\"><i class=\"fal fa-book-open\"><\/i><\/div>\n    <div class=\"file-info\">\n                <h3><a href=\"https:\/\/www.theseus.fi\/bitstream\/handle\/10024\/167000\/DIAK_Puheenvuoro_21_verkko.pdf?sequence=2&#038;isAllowed=y\">Tio ber\u00e4ttelser om unga och st\u00f6dbehov: Ungdomars id\u00e9er f\u00f6r utveckling av tj\u00e4nster<\/a><\/h3>\n                <p>Slutrapporten f\u00f6r yrkesh\u00f6gskolan Diakonias projekt Nuorten kevyet palvelupolut \u2013 3X10D (ung. Ungdomars smidiga tj\u00e4nstestigar) presenterar ungdomars \u00e5sikter om hur man p\u00e5 ett b\u00e4ttre s\u00e4tt kunde lyssna p\u00e5 de unga n\u00e4r man utvecklar tj\u00e4nster f\u00f6r dem. Ungdomarnas \u00f6nskem\u00e5l kan sammanfattas med tre ord: bem\u00f6ta, lyssna och uppmuntra.<\/p>\n    <\/div>\n<\/div>\n\n\n<h2 class=\"wp-block-heading\" id=\"enkat-undersokningar\">Enk\u00e4t unders\u00f6kningar<\/h2>\n\n\n<div class=\"material-block\">\n    <div class=\"icon-container\"><i class=\"fal fa-search\"><\/i><\/div>\n    <div class=\"file-info\">\n                <h3><a href=\"https:\/\/thl.fi\/fi\/tutkimus-ja-kehittaminen\/tutkimukset-ja-hankkeet\/kouluterveyskysely\">Enk\u00e4ten H\u00e4lsa i skolan<\/a><\/h3>\n                <p>Institutet f\u00f6r h\u00e4lsa och v\u00e4lf\u00e4rd THL:s enk\u00e4t tar fram m\u00e5ngsidig och tillf\u00f6rlitliga data p\u00e5 landskapsniv\u00e5 och lokal niv\u00e5 om barns och ungdomars v\u00e4lm\u00e5ende, h\u00e4lsa, skolg\u00e5ng och studier, delaktighet samt hurdan hj\u00e4lp de f\u00e5r och hur tj\u00e4nsterna de f\u00e5r motsvarar deras behov.<\/p>\n    <\/div>\n<\/div>\n\n<div class=\"material-block\">\n    <div class=\"icon-container\"><i class=\"fal fa-book\"><\/i><\/div>\n    <div class=\"file-info\">\n                <h3><a href=\"https:\/\/tietoanuorista.fi\/sv\/publikationer\/\">Ungdomsbarometern<\/a><\/h3>\n                <p>Den \u00e5rliga Ungdomsbarometern m\u00e4ter v\u00e4rderingar och attityder hos finl\u00e4ndska ungdomar i \u00e5ldern 15-29. Ungdomsbarometrarna tar tag i fr\u00e5gor som \u00e4r aktuella f\u00f6r ungdomar, men vissa forskningsfr\u00e5gor \u00e5terkommer varje \u00e5r. Temat f\u00f6r 2018 var p\u00e5verkan, \u00e5r 2013 var det delaktighet och \u00e5r 2008 ungdomars f\u00f6rh\u00e5llande till kommunen och lokalt p\u00e5verkningsarbete.<\/p>\n    <\/div>\n<\/div>\n\n\n<h2 class=\"wp-block-heading\" id=\"forskningsartiklar\">Forskningsartiklar<\/h2>\n\n\n<div class=\"material-block\">\n    <div class=\"icon-container\"><i class=\"fal fa-search\"><\/i><\/div>\n    <div class=\"file-info\">\n                <h3><a href=\"https:\/\/helda.helsinki.fi\/handle\/10138\/304224\">Barns perspektiv och delaktighet som ideologisk orientering f\u00f6r sm\u00e5barnspedagogiken i Finland<\/a><\/h3>\n                <p>Jan-Erik Mansikka och Marina Lundqvist analyserar vilka uttryck f\u00f6r barns perspektiv och delaktighet som framtr\u00e4der i de finl\u00e4ndska styrdokumenten. Olika faktorer som p\u00e5verkat att delaktighet bland barn betonats senare inom sm\u00e5barnspedagogiken i Finland \u00e4n de andra nordiska l\u00e4nderna tas ocks\u00e5 upp.<\/p>\n    <\/div>\n<\/div>\n\n<div class=\"material-block\">\n    <div class=\"icon-container\"><i class=\"fal fa-book-open\"><\/i><\/div>\n    <div class=\"file-info\">\n                <h3><a href=\"https:\/\/techscience.com\/IJMHP\/v23n3\/43944\">Determinants of Positive Mental Health in Adolescents\u2013A Cross-Sectional Study on Relationships between Positive Mental Health, Self-Esteem, Character Strengths and Social Inclusion<\/a><\/h3>\n                <p>Adolescence is a crucial time period with especial vulnerability for development of mental health problems. Growing interest is focusing on the determinants of positive mental health in order to find the key concepts that could be influenced in the promotion of mental well-being of adolescents. In this study we aim to explore the relations between self-esteem, character strengths and experience of social inclusion as determinants of adolescents\u2019 positive mental health controlled for selected sociodemographic background factors. <\/p>\n    <\/div>\n<\/div>\n\n<div class=\"material-block\">\n    <div class=\"icon-container\"><i class=\"fal fa-search\"><\/i><\/div>\n    <div class=\"file-info\">\n                <h3><a href=\"https:\/\/journal.fi\/aikuiskasvatus\/article\/view\/88333\">Ohjausta osallisuuteen? Sosiaalinen ja poliittinen osallisuus ammattiin opiskelevien nuorten arjessa<\/a><\/h3>\n                <p>Forskningsartikel av Antti Maunu och Tomi Kiilakoski i tidskriften Aikuiskasvatus.<\/p>\n    <\/div>\n<\/div>\n\n<div class=\"material-block\">\n    <div class=\"icon-container\"><i class=\"fal fa-book\"><\/i><\/div>\n    <div class=\"file-info\">\n                <h3><a href=\"https:\/\/core.ac.uk\/download\/pdf\/38049465.pdf#page=32\">Suomen Lasten Parlamentti osallisuuden mahdollistajana (pdf)<\/a><\/h3>\n                <p>Forskningsartikel om Barnens parlament i Finland av Jatta Herranen och Sinikka M\u00e4ntysalo-Lamppu.<\/p>\n    <\/div>\n<\/div>\n\n<div class=\"material-block\">\n    <div class=\"icon-container\"><i class=\"fal  fa-search\"><\/i><\/div>\n    <div class=\"file-info\">\n                <h3><a href=\"https:\/\/journal.fi\/mediaviestinta\/article\/view\/77458\">Tulevaisuuden toivot \u2013 Digitaalisten medioiden k\u00e4ytt\u00f6 nuorten osallisuuden ja osaamisen l\u00e4hteen\u00e4<\/a><\/h3>\n                <p>Forskningsartikel av Suvi-Sadetta Kaarakainen och Meri-Tuulia Kaarakainen i tidskriften Media &#038; viestint\u00e4.<\/p>\n    <\/div>\n<\/div>\n\n\n<h2 class=\"wp-block-heading\" id=\"doktorsavhandlingar\">Doktorsavhandlingar<\/h2>\n\n\n<div class=\"material-block\">\n    <div class=\"icon-container\"><i class=\"fal fa-search\"><\/i><\/div>\n    <div class=\"file-info\">\n                <h3><a href=\"https:\/\/jyx.jyu.fi\/handle\/123456789\/13503\">Kunta nuorten osallisuusymp\u00e4rist\u00f6n\u00e4 \u2013 nuorten ryhm\u00e4n ja kunnan vuorovaikutussuhteen tarkastelu kolmen liikuntarakentamisprojektin laadunarvioinnin keinoin <\/a><\/h3>\n                <p>Anu Gretschel granskar i sin doktorsavhandling interaktionsrelationer mellan kommuner och ungdomar, med andra ord hur kommunen med sin verksamhet kan engagera, st\u00f6da eller f\u00f6rhindra ungdomar att delta i behandlingen av \u00e4renden som g\u00e4ller deras livsmilj\u00f6 och kommun.<\/p>\n    <\/div>\n<\/div>\n\n<div class=\"material-block\">\n    <div class=\"icon-container\"><i class=\"fal fa-book\"><\/i><\/div>\n    <div class=\"file-info\">\n                <h3><a href=\"http:\/\/jultika.oulu.fi\/Record\/isbn978-952-62-0307-2\">Osallisuusryhm\u00e4 demokratiakasvatuksen tilana: tapaustutkimus lasten ja nuorten osallisuusryhmien toiminnasta Oulussa<\/a><\/h3>\n                <p>Anu Alankos doktorsavhandling behandlar barns och ungdomars erfarenheter av regionala p\u00e5verkansgrupper i Ule\u00e5borg. Unders\u00f6kningen utreder hur man blir medlem av en grupp och av vilka orsaker, verksamhetsmodeller och p\u00e5verkningsobjekt samt delaktighetsgrupper som ett rum f\u00f6r gemensam verksamhet barn, ungdomar och vuxna emellan.<\/p>\n    <\/div>\n<\/div>\n\n<div class=\"material-block\">\n    <div class=\"icon-container\"><i class=\"fal fa-search\"><\/i><\/div>\n    <div class=\"file-info\">\n                <h3><a href=\"https:\/\/trepo.tuni.fi\/handle\/10024\/104221\">Yhteiskunnallinen osallisuus ja toimijuus: Lasten osallistuminen, kansalaisuus ja poliittisuus arjen k\u00e4yt\u00e4nt\u00f6in\u00e4<\/a><\/h3>\n                <p>Elina Stenvall unders\u00f6ker i sin doktorsavhandling hur barn upplever sina m\u00f6jligheter att delta och p\u00e5verka verksamheter n\u00e4r dessa betraktas med fokus p\u00e5 dimensioner som politik, medborgarskap och delaktighet.<\/p>\n    <\/div>\n<\/div>","protected":false},"excerpt":{"rendered":"<p>F\u00f6r att uppmuntra och f\u00f6rplikta kommunerna att delaktigg\u00f6ra ungdomar beh\u00f6vs information och unders\u00f6kningar om temat. Nedanf\u00f6r finns det sammans\u00e4ttning av forskningsartiklar, avhandlingar, rapporter och utredningar om temat. P\u00e5 den h\u00e4r webbplatsen avses med ungdomar alla under 29 \u00e5r, i enlighet med ungdomslagen. Rapporter Enk\u00e4t unders\u00f6kningar Forskningsartiklar Doktorsavhandlingar<\/p>\n","protected":false},"author":38,"featured_media":0,"parent":0,"menu_order":0,"comment_status":"closed","ping_status":"closed","template":"","meta":{"_acf_changed":false,"_relevanssi_hide_post":"","_relevanssi_hide_content":"","_relevanssi_pin_for_all":"","_relevanssi_pin_keywords":"","_relevanssi_unpin_keywords":"","_relevanssi_related_keywords":"","_relevanssi_related_include_ids":"","_relevanssi_related_exclude_ids":"","_relevanssi_related_no_append":"","_relevanssi_related_not_related":"","_relevanssi_related_posts":"","_relevanssi_noindex_reason":"","_eb_attr":"","footnotes":""},"class_list":["post-2939","page","type-page","status-publish","hentry"],"acf":[],"yoast_head":"<!-- This site is optimized with the Yoast SEO plugin v27.4 - https:\/\/yoast.com\/product\/yoast-seo-wordpress\/ -->\n<title>Forskning och information om ungas delaktighet - Ungas delaktighet<\/title>\n<meta name=\"description\" content=\"Under se senaste \u00e5ren har det gjorts m\u00e5nga unders\u00f6kningar om ungas delaktighet. F\u00f6r att uppmuntra och f\u00f6rplikta kommunerna att delaktigg\u00f6ra ungdomar beh\u00f6vs information och unders\u00f6kningar om temat.\" \/>\n<meta name=\"robots\" content=\"index, follow, max-snippet:-1, max-image-preview:large, max-video-preview:-1\" \/>\n<link rel=\"canonical\" href=\"https:\/\/nuoretjaosallisuus.fi\/sv\/forskning-och-information-om-ungas-delaktighet\/\" \/>\n<meta property=\"og:locale\" content=\"sv_SE\" \/>\n<meta property=\"og:type\" content=\"article\" \/>\n<meta property=\"og:title\" content=\"Forskning och information om ungas delaktighet - Ungas delaktighet\" \/>\n<meta property=\"og:description\" content=\"Under se senaste \u00e5ren har det gjorts m\u00e5nga unders\u00f6kningar om ungas delaktighet. F\u00f6r att uppmuntra och f\u00f6rplikta kommunerna att delaktigg\u00f6ra ungdomar beh\u00f6vs information och unders\u00f6kningar om temat.\" \/>\n<meta property=\"og:url\" content=\"https:\/\/nuoretjaosallisuus.fi\/sv\/forskning-och-information-om-ungas-delaktighet\/\" \/>\n<meta property=\"og:site_name\" content=\"Ungas delaktighet\" \/>\n<meta property=\"article:modified_time\" content=\"2022-02-14T11:55:02+00:00\" \/>\n<meta name=\"twitter:card\" content=\"summary_large_image\" \/>\n<meta name=\"twitter:label1\" content=\"Ber\u00e4knad l\u00e4stid\" \/>\n\t<meta name=\"twitter:data1\" content=\"1 minut\" \/>\n<script type=\"application\/ld+json\" class=\"yoast-schema-graph\">{\"@context\":\"https:\\\/\\\/schema.org\",\"@graph\":[{\"@type\":\"WebPage\",\"@id\":\"https:\\\/\\\/nuoretjaosallisuus.fi\\\/sv\\\/forskning-och-information-om-ungas-delaktighet\\\/\",\"url\":\"https:\\\/\\\/nuoretjaosallisuus.fi\\\/sv\\\/forskning-och-information-om-ungas-delaktighet\\\/\",\"name\":\"Forskning och information om ungas delaktighet - Ungas delaktighet\",\"isPartOf\":{\"@id\":\"https:\\\/\\\/nuoretjaosallisuus.fi\\\/#website\"},\"datePublished\":\"2021-01-14T11:23:50+00:00\",\"dateModified\":\"2022-02-14T11:55:02+00:00\",\"description\":\"Under se senaste \u00e5ren har det gjorts m\u00e5nga unders\u00f6kningar om ungas delaktighet. F\u00f6r att uppmuntra och f\u00f6rplikta kommunerna att delaktigg\u00f6ra ungdomar beh\u00f6vs information och unders\u00f6kningar om temat.\",\"inLanguage\":\"sv-SE\",\"potentialAction\":[{\"@type\":\"ReadAction\",\"target\":[\"https:\\\/\\\/nuoretjaosallisuus.fi\\\/sv\\\/forskning-och-information-om-ungas-delaktighet\\\/\"]}]},{\"@type\":\"WebSite\",\"@id\":\"https:\\\/\\\/nuoretjaosallisuus.fi\\\/#website\",\"url\":\"https:\\\/\\\/nuoretjaosallisuus.fi\\\/\",\"name\":\"Ungas delaktighet\",\"description\":\"Onnistunutta osallisuutta nuorille\",\"potentialAction\":[{\"@type\":\"SearchAction\",\"target\":{\"@type\":\"EntryPoint\",\"urlTemplate\":\"https:\\\/\\\/nuoretjaosallisuus.fi\\\/?s={search_term_string}\"},\"query-input\":{\"@type\":\"PropertyValueSpecification\",\"valueRequired\":true,\"valueName\":\"search_term_string\"}}],\"inLanguage\":\"sv-SE\"}]}<\/script>\n<!-- \/ Yoast SEO plugin. -->","yoast_head_json":{"title":"Forskning och information om ungas delaktighet - Ungas delaktighet","description":"Under se senaste \u00e5ren har det gjorts m\u00e5nga unders\u00f6kningar om ungas delaktighet. F\u00f6r att uppmuntra och f\u00f6rplikta kommunerna att delaktigg\u00f6ra ungdomar beh\u00f6vs information och unders\u00f6kningar om temat.","robots":{"index":"index","follow":"follow","max-snippet":"max-snippet:-1","max-image-preview":"max-image-preview:large","max-video-preview":"max-video-preview:-1"},"canonical":"https:\/\/nuoretjaosallisuus.fi\/sv\/forskning-och-information-om-ungas-delaktighet\/","og_locale":"sv_SE","og_type":"article","og_title":"Forskning och information om ungas delaktighet - Ungas delaktighet","og_description":"Under se senaste \u00e5ren har det gjorts m\u00e5nga unders\u00f6kningar om ungas delaktighet. F\u00f6r att uppmuntra och f\u00f6rplikta kommunerna att delaktigg\u00f6ra ungdomar beh\u00f6vs information och unders\u00f6kningar om temat.","og_url":"https:\/\/nuoretjaosallisuus.fi\/sv\/forskning-och-information-om-ungas-delaktighet\/","og_site_name":"Ungas delaktighet","article_modified_time":"2022-02-14T11:55:02+00:00","twitter_card":"summary_large_image","twitter_misc":{"Ber\u00e4knad l\u00e4stid":"1 minut"},"schema":{"@context":"https:\/\/schema.org","@graph":[{"@type":"WebPage","@id":"https:\/\/nuoretjaosallisuus.fi\/sv\/forskning-och-information-om-ungas-delaktighet\/","url":"https:\/\/nuoretjaosallisuus.fi\/sv\/forskning-och-information-om-ungas-delaktighet\/","name":"Forskning och information om ungas delaktighet - Ungas delaktighet","isPartOf":{"@id":"https:\/\/nuoretjaosallisuus.fi\/#website"},"datePublished":"2021-01-14T11:23:50+00:00","dateModified":"2022-02-14T11:55:02+00:00","description":"Under se senaste \u00e5ren har det gjorts m\u00e5nga unders\u00f6kningar om ungas delaktighet. F\u00f6r att uppmuntra och f\u00f6rplikta kommunerna att delaktigg\u00f6ra ungdomar beh\u00f6vs information och unders\u00f6kningar om temat.","inLanguage":"sv-SE","potentialAction":[{"@type":"ReadAction","target":["https:\/\/nuoretjaosallisuus.fi\/sv\/forskning-och-information-om-ungas-delaktighet\/"]}]},{"@type":"WebSite","@id":"https:\/\/nuoretjaosallisuus.fi\/#website","url":"https:\/\/nuoretjaosallisuus.fi\/","name":"Ungas delaktighet","description":"Onnistunutta osallisuutta nuorille","potentialAction":[{"@type":"SearchAction","target":{"@type":"EntryPoint","urlTemplate":"https:\/\/nuoretjaosallisuus.fi\/?s={search_term_string}"},"query-input":{"@type":"PropertyValueSpecification","valueRequired":true,"valueName":"search_term_string"}}],"inLanguage":"sv-SE"}]}},"_links":{"self":[{"href":"https:\/\/nuoretjaosallisuus.fi\/sv\/wp-json\/wp\/v2\/pages\/2939","targetHints":{"allow":["GET"]}}],"collection":[{"href":"https:\/\/nuoretjaosallisuus.fi\/sv\/wp-json\/wp\/v2\/pages"}],"about":[{"href":"https:\/\/nuoretjaosallisuus.fi\/sv\/wp-json\/wp\/v2\/types\/page"}],"author":[{"embeddable":true,"href":"https:\/\/nuoretjaosallisuus.fi\/sv\/wp-json\/wp\/v2\/users\/38"}],"replies":[{"embeddable":true,"href":"https:\/\/nuoretjaosallisuus.fi\/sv\/wp-json\/wp\/v2\/comments?post=2939"}],"version-history":[{"count":14,"href":"https:\/\/nuoretjaosallisuus.fi\/sv\/wp-json\/wp\/v2\/pages\/2939\/revisions"}],"predecessor-version":[{"id":6603,"href":"https:\/\/nuoretjaosallisuus.fi\/sv\/wp-json\/wp\/v2\/pages\/2939\/revisions\/6603"}],"wp:attachment":[{"href":"https:\/\/nuoretjaosallisuus.fi\/sv\/wp-json\/wp\/v2\/media?parent=2939"}],"curies":[{"name":"wp","href":"https:\/\/api.w.org\/{rel}","templated":true}]}}