{"id":3839,"date":"2021-03-05T15:08:12","date_gmt":"2021-03-05T13:08:12","guid":{"rendered":"https:\/\/nuoretjaosallisuus.fi\/?page_id=3839"},"modified":"2022-12-21T15:56:02","modified_gmt":"2022-12-21T13:56:02","slug":"kvalitetskriterierna-for-ungas-delaktighet","status":"publish","type":"page","link":"https:\/\/nuoretjaosallisuus.fi\/sv\/kvalitetskriterierna-for-ungas-delaktighet\/","title":{"rendered":"Kvalitetskriterierna f\u00f6r ungas delaktighet"},"content":{"rendered":"\n<p>Delaktighet \u00e4r ett begrepp med m\u00e5nga dimensioner. N\u00e4r vi tog fram dessa kvalitetskriterier fokuserade vi p\u00e5 ungdomars m\u00f6jligheter att uttrycka sina \u00e5sikter, p\u00e5verka beslut och f\u00e5 till st\u00e5nd f\u00f6r\u00e4ndring i sin n\u00e4rmaste omgivning. Delaktighet inneb\u00e4r ocks\u00e5 att unga l\u00e4r sig ta ansvar f\u00f6r andra m\u00e4nniskor och f\u00f6r omv\u00e4rlden. M\u00e5let \u00e4r att ungdomar ska k\u00e4nna sig bem\u00f6tta och att de v\u00e4xer in i rollen som aktiva akt\u00f6rer.<\/p>\n\n\n\n<p>Vi har delat in kvalitetskriterierna f\u00f6r delaktighet i fyra grupper: ungdomars upplevelser av delaktighet, ungdomar som samh\u00e4llsresurs, ungdomars m\u00f6jligheter att p\u00e5verka och att skapa f\u00f6ruts\u00e4ttningar f\u00f6r ungas delaktighet p\u00e5 kommunniv\u00e5.<\/p>\n\n\n\n<p><meta charset=\"utf-8\">Hur ska man g\u00f6ra f\u00f6r att ungdomars delaktighet ska vara meningsfullt och hur ska man st\u00e4rka det i kommunerna? Titta p\u00e5 videon. <\/p>\n\n\n\n<figure class=\"wp-block-embed is-type-video is-provider-vimeo wp-block-embed-vimeo\"><div class=\"wp-block-embed__wrapper\">\n<div class=\"oembed oembed-vimeo\">    <div class='consent-placeholder'    data-category='cookie_cat_functional'    onClick='CookieConsent.renew()'>        <img src='https:\/\/i.vimeocdn.com\/video\/1212105274-c949d166bf9e8a8a6af034af8a775edc68cf8ce034dc51e7adada2c981290fa6-d_640?region=us'>        <div class='text-and-button'>            <p class='consent-text'>Hyv\u00e4ksy toiminnalliset ev\u00e4steet katsoaksesi videon.<\/p>            <button class='button'>Muuta ev\u00e4steasetuksia<\/button>        <\/div>        <\/div>        <iframe loading=\"lazy\" title=\"Kvalitetskriterierna f\u00f6r ungas delaktighet (\u00f6vers\u00e4ttning)\" src=\"\" data-consent-src=\"https:\/\/player.vimeo.com\/video\/585736043?dnt=1&amp;app_id=122963\" data-category-consent=\"cookie_cat_functional\" width=\"840\" height=\"473\" frameborder=\"0\" allow=\"autoplay; fullscreen; picture-in-picture; clipboard-write; encrypted-media; web-share\" referrerpolicy=\"strict-origin-when-cross-origin\"><\/iframe>    <\/div>\n<\/div><\/figure>\n\n\n\n<h3 class=\"wp-block-heading\"><strong>Kvalitetskriteriekort<\/strong><\/h3>\n\n\n\n<p>Kvalitetskriterierna \u00e4r ett praktiskt verktyg som kan anv\u00e4ndas f\u00f6r att bed\u00f6ma hur ungdomars delaktighet realiseras och de har utarbetats f\u00f6r dem som arbetar med ungdomar. Du kan titta p\u00e5 korten via l\u00e4nkarna f\u00f6r de olika kvalitetskriterierna. Kvalitetskriteriekorten inneh\u00e5ller ett kriterium, en beskrivning och fr\u00e5gor till st\u00f6d f\u00f6r verksamheten.<\/p>\n\n\n\n<h5 class=\"wp-block-heading\"><strong><em>HELHET I: Ungdomars upplevelser av delaktighet<\/em><\/strong><\/h5>\n\n\n<div class=\"material-block\">\n    <div class=\"icon-container\"><i class=\"fal fal fa-comments\"><\/i><\/div>\n    <div class=\"file-info\">\n                <h3><a href=\"https:\/\/nuoretjaosallisuus.fi\/sv\/kriterium-1\/\">1. Interaktion<\/a><\/h3>\n                <p>Ungdomar bem\u00f6ts med en lyssnande inst\u00e4llning.<\/p>\n    <\/div>\n<\/div>\n\n<div class=\"material-block\">\n    <div class=\"icon-container\"><i class=\"fal fa-tachometer-average\"><\/i><\/div>\n    <div class=\"file-info\">\n                <h3><a href=\"kriterium-2-delaktigheten-vaxer-i-takt-med-att-unga-mognar\">2. \u00c5lder och utvecklingsniv\u00e5<\/a><\/h3>\n                <p>Ungdomar deltar p\u00e5 ett s\u00e4tt som \u00e4r l\u00e4mpligt f\u00f6r deras \u00e5lder och utvecklingsniv\u00e5.<\/p>\n    <\/div>\n<\/div>\n\n\n<h5 class=\"wp-block-heading\"><strong><em>HELHET II: Ungdomar som samh\u00e4llsresurs<\/em><\/strong><\/h5>\n\n\n<div class=\"material-block\">\n    <div class=\"icon-container\"><i class=\"fal fa-hand-peace\"><\/i><\/div>\n    <div class=\"file-info\">\n                <h3><a href=\"https:\/\/nuoretjaosallisuus.fi\/sv\/kriterium-3\/\">3. Frivillighet<\/a><\/h3>\n                <p>Deltagandet \u00e4r frivilligt och ungdomar uppmuntras att uttrycka sina \u00e5sikter.<\/p>\n    <\/div>\n<\/div>\n\n<div class=\"material-block\">\n    <div class=\"icon-container\"><i class=\"fal fa-exclamation-circle\"><\/i><\/div>\n    <div class=\"file-info\">\n                <h3><a href=\"https:\/\/nuoretjaosallisuus.fi\/sv\/kriterium-4\/\">4. \u00c4ndam\u00e5lsenlighet<\/a><\/h3>\n                <p>Det finns ett syfte med att delaktigg\u00f6ra ungdomar, och det \u00e4r en del av beslutsprocessen.<\/p>\n    <\/div>\n<\/div>\n\n\n<h5 class=\"wp-block-heading\"><strong><em>HELHET III: Ungdomars m\u00f6jligheter att p\u00e5verka<\/em><\/strong><\/h5>\n\n\n<div class=\"material-block\">\n    <div class=\"icon-container\"><i class=\"fal fa-equals\"><\/i><\/div>\n    <div class=\"file-info\">\n                <h3><a href=\"https:\/\/nuoretjaosallisuus.fi\/sv\/kriterium-5-ungas-deltagande-sker-pa-jamstallda-och-likvardiga-grunder\/\">5. J\u00e4mst\u00e4lldhet och likabehandling<\/a><\/h3>\n                <p>Ungas deltagande sker p\u00e5 j\u00e4mst\u00e4llda och likv\u00e4rdiga grunder.<\/p>\n    <\/div>\n<\/div>\n\n<div class=\"material-block\">\n    <div class=\"icon-container\"><i class=\"fal fa-heart\"><\/i><\/div>\n    <div class=\"file-info\">\n                <h3><a href=\"https:\/\/nuoretjaosallisuus.fi\/sv\/kriterium-6-ungdomar-paverkar-saker-och-tjanster-som-de-upplever-som-betydelsefulla\/\">6. Betydelsefullhet<\/a><\/h3>\n                <p>Ungdomar p\u00e5verkar saker och tj\u00e4nster som de upplever som betydelsefulla.<\/p>\n    <\/div>\n<\/div>\n\n<div class=\"material-block\">\n    <div class=\"icon-container\"><i class=\"fal fa-tasks\"><\/i><\/div>\n    <div class=\"file-info\">\n                <h3><a href=\"https:\/\/nuoretjaosallisuus.fi\/sv\/kriterium-7\/\">7. M\u00e5ngsidiga former<\/a><\/h3>\n                <p>M\u00e5ngsidiga m\u00f6jligheter f\u00f6r ungdomar till delaktighet och p\u00e5verkan.<\/p>\n    <\/div>\n<\/div>\n\n\n<h5 class=\"wp-block-heading\"><strong><em>HELHET IV: Skapa m\u00f6jligheter till ungas delaktighet p\u00e5 kommunniv\u00e5<\/em><\/strong><\/h5>\n\n\n<div class=\"material-block\">\n    <div class=\"icon-container\"><i class=\"fal fa-user-friends\"><\/i><\/div>\n    <div class=\"file-info\">\n                <h3><a href=\"https:\/\/nuoretjaosallisuus.fi\/sv\/kriterium-8-ungas-paverkningsgrupper-ar-en-del-av-beslutsfattandet\/\">8. Strukturer<\/a><\/h3>\n                <p>Ungas p\u00e5verkningsgrupper \u00e4r en del av beslutsfattandet.<\/p>\n    <\/div>\n<\/div>\n\n<div class=\"material-block\">\n    <div class=\"icon-container\"><i class=\"fal fa-arrows-alt\"><\/i><\/div>\n    <div class=\"file-info\">\n                <h3><a href=\"https:\/\/nuoretjaosallisuus.fi\/sv\/kriterium-9-ungas-delaktighet-kan-starkas-inom-alla-sektorer\/\">9. Alla sektorer<\/a><\/h3>\n                <p>Ungas delaktighet kan st\u00e4rkas inom alla sektorer.<\/p>\n    <\/div>\n<\/div>\n\n<div class=\"material-block\">\n    <div class=\"icon-container\"><i class=\"fal fa-handshake\"><\/i><\/div>\n    <div class=\"file-info\">\n                <h3><a href=\"https:\/\/nuoretjaosallisuus.fi\/sv\/kriterium-10-kommunen-samarbetar-med-olika-organisationer-for-att-utveckla-ungas-delaktighet\/\">10. Samarbete<\/a><\/h3>\n                <p>Kommunen samarbetar med olika organisationer f\u00f6r att utveckla ungas delaktighet.<\/p>\n    <\/div>\n<\/div>\n\n<div class=\"material-block\">\n    <div class=\"icon-container\"><i class=\"fal fa-certificate\"><\/i><\/div>\n    <div class=\"file-info\">\n                <h3><a href=\"https:\/\/nuoretjaosallisuus.fi\/sv\/kriterium-11-tjansteinnehavare-och-anstallda-inom-kommunen-far-utbildning-om-ungas-delaktighet\/\">11. Kunskaper<\/a><\/h3>\n                <p>Tj\u00e4nsteinnehavare och anst\u00e4llda inom kommunen f\u00e5r utbildning om ungas delaktighet.<\/p>\n    <\/div>\n<\/div>\n\n<div class=\"material-block\">\n    <div class=\"icon-container\"><i class=\"fal fa-paper-plane\"><\/i><\/div>\n    <div class=\"file-info\">\n                <h3><a href=\"https:\/\/nuoretjaosallisuus.fi\/sv\/kriterium-12-informationen-som-riktas-till-ungdomar-motsvarar-deras-onskemal-och-behov\/\">12. Kommunikation<\/a><\/h3>\n                <p>Kommunikationen till ungdomar motsvarar deras \u00f6nskem\u00e5l och behov.<\/p>\n    <\/div>\n<\/div>","protected":false},"excerpt":{"rendered":"<p>Delaktighet \u00e4r ett begrepp med m\u00e5nga dimensioner. N\u00e4r vi tog fram dessa kvalitetskriterier fokuserade vi p\u00e5 ungdomars m\u00f6jligheter att uttrycka sina \u00e5sikter, p\u00e5verka beslut och f\u00e5 till st\u00e5nd f\u00f6r\u00e4ndring i sin n\u00e4rmaste omgivning. Delaktighet inneb\u00e4r ocks\u00e5 att unga l\u00e4r sig ta ansvar f\u00f6r andra m\u00e4nniskor och f\u00f6r omv\u00e4rlden. M\u00e5let \u00e4r att ungdomar ska k\u00e4nna sig &hellip; <a href=\"https:\/\/nuoretjaosallisuus.fi\/sv\/kvalitetskriterierna-for-ungas-delaktighet\/\" class=\"more-link\">Lue lis\u00e4\u00e4<span class=\"screen-reader-text\"> &#8221;Kvalitetskriterierna f\u00f6r ungas delaktighet&#8221;<\/span><\/a><\/p>\n","protected":false},"author":38,"featured_media":0,"parent":0,"menu_order":0,"comment_status":"closed","ping_status":"closed","template":"","meta":{"_acf_changed":false,"_relevanssi_hide_post":"","_relevanssi_hide_content":"","_relevanssi_pin_for_all":"","_relevanssi_pin_keywords":"","_relevanssi_unpin_keywords":"","_relevanssi_related_keywords":"","_relevanssi_related_include_ids":"","_relevanssi_related_exclude_ids":"","_relevanssi_related_no_append":"","_relevanssi_related_not_related":"","_relevanssi_related_posts":"","_relevanssi_noindex_reason":"","_eb_attr":"","footnotes":""},"class_list":["post-3839","page","type-page","status-publish","hentry"],"acf":[],"yoast_head":"<!-- This site is optimized with the Yoast SEO plugin v27.4 - https:\/\/yoast.com\/product\/yoast-seo-wordpress\/ -->\n<title>Kvalitetskriterierna f\u00f6r ungas delaktighet - Ungas delaktighet<\/title>\n<meta name=\"description\" content=\"Delaktighet \u00e4r ett begrepp med m\u00e5nga dimensioner. N\u00e4r vi tog fram dessa kvalitetskriterier fokuserade vi p\u00e5 ungdomars m\u00f6jligheter att uttrycka sina \u00e5sikter p\u00e5verka beslut och f\u00e5 till st\u00e5nd f\u00f6r\u00e4ndring i sin n\u00e4rmaste omgivning.\" \/>\n<meta name=\"robots\" content=\"index, follow, max-snippet:-1, max-image-preview:large, max-video-preview:-1\" \/>\n<link rel=\"canonical\" href=\"https:\/\/nuoretjaosallisuus.fi\/sv\/kvalitetskriterierna-for-ungas-delaktighet\/\" \/>\n<meta property=\"og:locale\" content=\"sv_SE\" \/>\n<meta property=\"og:type\" content=\"article\" \/>\n<meta property=\"og:title\" content=\"Kvalitetskriterierna f\u00f6r ungas delaktighet - Ungas delaktighet\" \/>\n<meta property=\"og:description\" content=\"Delaktighet \u00e4r ett begrepp med m\u00e5nga dimensioner. N\u00e4r vi tog fram dessa kvalitetskriterier fokuserade vi p\u00e5 ungdomars m\u00f6jligheter att uttrycka sina \u00e5sikter p\u00e5verka beslut och f\u00e5 till st\u00e5nd f\u00f6r\u00e4ndring i sin n\u00e4rmaste omgivning.\" \/>\n<meta property=\"og:url\" content=\"https:\/\/nuoretjaosallisuus.fi\/sv\/kvalitetskriterierna-for-ungas-delaktighet\/\" \/>\n<meta property=\"og:site_name\" content=\"Ungas delaktighet\" \/>\n<meta property=\"article:modified_time\" content=\"2022-12-21T13:56:02+00:00\" \/>\n<meta name=\"twitter:card\" content=\"summary_large_image\" \/>\n<meta name=\"twitter:label1\" content=\"Ber\u00e4knad l\u00e4stid\" \/>\n\t<meta name=\"twitter:data1\" content=\"2 minuter\" \/>\n<script type=\"application\/ld+json\" class=\"yoast-schema-graph\">{\"@context\":\"https:\\\/\\\/schema.org\",\"@graph\":[{\"@type\":\"WebPage\",\"@id\":\"https:\\\/\\\/nuoretjaosallisuus.fi\\\/sv\\\/kvalitetskriterierna-for-ungas-delaktighet\\\/\",\"url\":\"https:\\\/\\\/nuoretjaosallisuus.fi\\\/sv\\\/kvalitetskriterierna-for-ungas-delaktighet\\\/\",\"name\":\"Kvalitetskriterierna f\u00f6r ungas delaktighet - Ungas delaktighet\",\"isPartOf\":{\"@id\":\"https:\\\/\\\/nuoretjaosallisuus.fi\\\/#website\"},\"datePublished\":\"2021-03-05T13:08:12+00:00\",\"dateModified\":\"2022-12-21T13:56:02+00:00\",\"description\":\"Delaktighet \u00e4r ett begrepp med m\u00e5nga dimensioner. N\u00e4r vi tog fram dessa kvalitetskriterier fokuserade vi p\u00e5 ungdomars m\u00f6jligheter att uttrycka sina \u00e5sikter p\u00e5verka beslut och f\u00e5 till st\u00e5nd f\u00f6r\u00e4ndring i sin n\u00e4rmaste omgivning.\",\"inLanguage\":\"sv-SE\",\"potentialAction\":[{\"@type\":\"ReadAction\",\"target\":[\"https:\\\/\\\/nuoretjaosallisuus.fi\\\/sv\\\/kvalitetskriterierna-for-ungas-delaktighet\\\/\"]}]},{\"@type\":\"WebSite\",\"@id\":\"https:\\\/\\\/nuoretjaosallisuus.fi\\\/#website\",\"url\":\"https:\\\/\\\/nuoretjaosallisuus.fi\\\/\",\"name\":\"Ungas delaktighet\",\"description\":\"Onnistunutta osallisuutta nuorille\",\"potentialAction\":[{\"@type\":\"SearchAction\",\"target\":{\"@type\":\"EntryPoint\",\"urlTemplate\":\"https:\\\/\\\/nuoretjaosallisuus.fi\\\/?s={search_term_string}\"},\"query-input\":{\"@type\":\"PropertyValueSpecification\",\"valueRequired\":true,\"valueName\":\"search_term_string\"}}],\"inLanguage\":\"sv-SE\"}]}<\/script>\n<!-- \/ Yoast SEO plugin. -->","yoast_head_json":{"title":"Kvalitetskriterierna f\u00f6r ungas delaktighet - Ungas delaktighet","description":"Delaktighet \u00e4r ett begrepp med m\u00e5nga dimensioner. N\u00e4r vi tog fram dessa kvalitetskriterier fokuserade vi p\u00e5 ungdomars m\u00f6jligheter att uttrycka sina \u00e5sikter p\u00e5verka beslut och f\u00e5 till st\u00e5nd f\u00f6r\u00e4ndring i sin n\u00e4rmaste omgivning.","robots":{"index":"index","follow":"follow","max-snippet":"max-snippet:-1","max-image-preview":"max-image-preview:large","max-video-preview":"max-video-preview:-1"},"canonical":"https:\/\/nuoretjaosallisuus.fi\/sv\/kvalitetskriterierna-for-ungas-delaktighet\/","og_locale":"sv_SE","og_type":"article","og_title":"Kvalitetskriterierna f\u00f6r ungas delaktighet - Ungas delaktighet","og_description":"Delaktighet \u00e4r ett begrepp med m\u00e5nga dimensioner. N\u00e4r vi tog fram dessa kvalitetskriterier fokuserade vi p\u00e5 ungdomars m\u00f6jligheter att uttrycka sina \u00e5sikter p\u00e5verka beslut och f\u00e5 till st\u00e5nd f\u00f6r\u00e4ndring i sin n\u00e4rmaste omgivning.","og_url":"https:\/\/nuoretjaosallisuus.fi\/sv\/kvalitetskriterierna-for-ungas-delaktighet\/","og_site_name":"Ungas delaktighet","article_modified_time":"2022-12-21T13:56:02+00:00","twitter_card":"summary_large_image","twitter_misc":{"Ber\u00e4knad l\u00e4stid":"2 minuter"},"schema":{"@context":"https:\/\/schema.org","@graph":[{"@type":"WebPage","@id":"https:\/\/nuoretjaosallisuus.fi\/sv\/kvalitetskriterierna-for-ungas-delaktighet\/","url":"https:\/\/nuoretjaosallisuus.fi\/sv\/kvalitetskriterierna-for-ungas-delaktighet\/","name":"Kvalitetskriterierna f\u00f6r ungas delaktighet - Ungas delaktighet","isPartOf":{"@id":"https:\/\/nuoretjaosallisuus.fi\/#website"},"datePublished":"2021-03-05T13:08:12+00:00","dateModified":"2022-12-21T13:56:02+00:00","description":"Delaktighet \u00e4r ett begrepp med m\u00e5nga dimensioner. N\u00e4r vi tog fram dessa kvalitetskriterier fokuserade vi p\u00e5 ungdomars m\u00f6jligheter att uttrycka sina \u00e5sikter p\u00e5verka beslut och f\u00e5 till st\u00e5nd f\u00f6r\u00e4ndring i sin n\u00e4rmaste omgivning.","inLanguage":"sv-SE","potentialAction":[{"@type":"ReadAction","target":["https:\/\/nuoretjaosallisuus.fi\/sv\/kvalitetskriterierna-for-ungas-delaktighet\/"]}]},{"@type":"WebSite","@id":"https:\/\/nuoretjaosallisuus.fi\/#website","url":"https:\/\/nuoretjaosallisuus.fi\/","name":"Ungas delaktighet","description":"Onnistunutta osallisuutta nuorille","potentialAction":[{"@type":"SearchAction","target":{"@type":"EntryPoint","urlTemplate":"https:\/\/nuoretjaosallisuus.fi\/?s={search_term_string}"},"query-input":{"@type":"PropertyValueSpecification","valueRequired":true,"valueName":"search_term_string"}}],"inLanguage":"sv-SE"}]}},"_links":{"self":[{"href":"https:\/\/nuoretjaosallisuus.fi\/sv\/wp-json\/wp\/v2\/pages\/3839","targetHints":{"allow":["GET"]}}],"collection":[{"href":"https:\/\/nuoretjaosallisuus.fi\/sv\/wp-json\/wp\/v2\/pages"}],"about":[{"href":"https:\/\/nuoretjaosallisuus.fi\/sv\/wp-json\/wp\/v2\/types\/page"}],"author":[{"embeddable":true,"href":"https:\/\/nuoretjaosallisuus.fi\/sv\/wp-json\/wp\/v2\/users\/38"}],"replies":[{"embeddable":true,"href":"https:\/\/nuoretjaosallisuus.fi\/sv\/wp-json\/wp\/v2\/comments?post=3839"}],"version-history":[{"count":15,"href":"https:\/\/nuoretjaosallisuus.fi\/sv\/wp-json\/wp\/v2\/pages\/3839\/revisions"}],"predecessor-version":[{"id":8016,"href":"https:\/\/nuoretjaosallisuus.fi\/sv\/wp-json\/wp\/v2\/pages\/3839\/revisions\/8016"}],"wp:attachment":[{"href":"https:\/\/nuoretjaosallisuus.fi\/sv\/wp-json\/wp\/v2\/media?parent=3839"}],"curies":[{"name":"wp","href":"https:\/\/api.w.org\/{rel}","templated":true}]}}