{"id":3940,"date":"2021-03-10T13:18:54","date_gmt":"2021-03-10T11:18:54","guid":{"rendered":"https:\/\/nuoretjaosallisuus.fi\/?page_id=3940"},"modified":"2025-06-18T12:17:13","modified_gmt":"2025-06-18T09:17:13","slug":"verksamhetsformer","status":"publish","type":"page","link":"https:\/\/nuoretjaosallisuus.fi\/sv\/verksamhetsformer\/","title":{"rendered":"Verksamhetsformer"},"content":{"rendered":"\n<p>L\u00e5t dig inspireras av olika verksamhetsformer som tagits fram f\u00f6r att engagera ungdomar runt om i Finland.<\/p>\n\n\n<div class=\"material-block\">\n    <div class=\"icon-container\"><\/div>\n    <div class=\"file-info\">\n                <h3><\/h3>\n                <p><\/p>\n    <\/div>\n<\/div>\n\n<div class=\"material-block\">\n    <div class=\"icon-container\"><i class=\"fal fa-handshake\"><\/i><\/div>\n    <div class=\"file-info\">\n                <h3><a href=\"https:\/\/www.kuntaliitto.fi\/bloggaajat\/parempia-palveluja-yhdessa-kehittamalla-cosie2020\">B\u00e4ttre tj\u00e4nster utvecklas i samr\u00e5d: CoSIE2020 (p\u00e5 finska)<\/a><\/h3>\n                <p>Projektet CoSIE2020 (Co-creation of Service Innovation in Europe) har som m\u00e5l att utveckla s\u00e4tten att f\u00f6rb\u00e4ttra tj\u00e4nster som fr\u00e4mjar ungas delaktighet.<\/p>\n    <\/div>\n<\/div>\n\n<div class=\"material-block\">\n    <div class=\"icon-container\"><i class=\"fal fa-search\"><\/i><\/div>\n    <div class=\"file-info\">\n                <h3><a href=\"https:\/\/skolungdom.fi\/skolungdom\/studerandekarer\/\">Elev- och studerandek\u00e5rer<\/a><\/h3>\n                <p>FSS fungerar som st\u00f6d och resursbank f\u00f6r landets svenskspr\u00e5kiga elev- och studerandek\u00e5rer.<\/p>\n    <\/div>\n<\/div>\n\n<div class=\"material-block\">\n    <div class=\"icon-container\"><i class=\"fal fa-share\"><\/i><\/div>\n    <div class=\"file-info\">\n                <h3><a href=\"https:\/\/www.lapsiystavallinenkunta.fi\/sv\">UNICEFs modell Barnv\u00e4nlig kommun<\/a><\/h3>\n                <p>UNICEF bygger tillsammans med kommunerna upp ett barnv\u00e4nligt Finland. Alla kommuner kan ans\u00f6ka om att g\u00e5 med i UNICEFs avgiftsfria modell Barnv\u00e4nlig kommun. Den hj\u00e4lper kommunerna att fr\u00e4mja r\u00e4ttigheterna i synnerhet f\u00f6r de barn som \u00e4r i den svagaste st\u00e4llningen. Modellen baserar sig p\u00e5 FN:s konvention om barnets r\u00e4ttigheter.<\/p>\n    <\/div>\n<\/div>\n\n\n<h2 class=\"wp-block-heading\">Verksamhetsformer utvecklade i kommuner<\/h2>\n\n\n<div class=\"material-block\">\n    <div class=\"icon-container\"><i class=\"fal fa-keyboard\"><\/i><\/div>\n    <div class=\"file-info\">\n                <h3><a href=\"https:\/\/nuortenpalaute.espoo.fi\/sv-FI\/\">Esbo: Egen kanal f\u00f6r ungas respons och f\u00f6rslag<\/a><\/h3>\n                <p>Esbo stad har en egen responskanal f\u00f6r unga. Via responskanalen kan unga s\u00e4nda b\u00e5de respons och olika initiativ till staden. Tanken \u00e4r att g\u00f6ra det l\u00e4tt och smidigt f\u00f6r unga att ge feedback och p\u00e5verka. Kanalen fungerar p\u00e5 svenska, finska och engelska. <\/p>\n    <\/div>\n<\/div>\n\n<div class=\"material-block\">\n    <div class=\"icon-container\"><i class=\"fal fal fa-bullhorn\"><\/i><\/div>\n    <div class=\"file-info\">\n                <h3><a href=\"http:\/\/www.nuortentampere.fi\/lastenparlamentti\/\">Tammerfors: Barnens parlament (p\u00e5 finska)<\/a><\/h3>\n                <p>Barnens parlament \u00e4r en p\u00e5verkanskanal f\u00f6r barn i l\u00e5gstadiet. M\u00e5let \u00e4r att barnens \u00e5sikter ska bli h\u00f6rda i stadens beslutsfattande och att l\u00e4ra barnen demokrati- och p\u00e5verkansf\u00e4rdigheter p\u00e5 ett \u00e5ldersanpassat s\u00e4tt. Verksamheten aktiverar till delaktighet och sker p\u00e5 barnens villkor.<\/p>\n    <\/div>\n<\/div>\n\n<div class=\"material-block\">\n    <div class=\"icon-container\"><i class=\"fal fal fa-users\"><\/i><\/div>\n    <div class=\"file-info\">\n                <h3><a href=\"https:\/\/ruuti.munstadi.fi\/sv\/vad-ar-krut\/\">Helsingfors: Krut<\/a><\/h3>\n                <p>Krut \u00e4r Helsingforsungdomarnas system f\u00f6r p\u00e5verkan. Det tar h\u00e4nsyn till deras m\u00e5ngfald och skapar m\u00f6jligheter f\u00f6r olika ungdomar att fr\u00e4mja saker som de upplever vara viktiga, p\u00e5 ett s\u00e4tt som \u00e4r karakteristiskt f\u00f6r dem.<\/p>\n    <\/div>\n<\/div>\n\n<div class=\"material-block\">\n    <div class=\"icon-container\"><i class=\"fal fal fa-coin\"><\/i><\/div>\n    <div class=\"file-info\">\n                <h3><a href=\"https:\/\/ruuti.munstadi.fi\/sv\/krutbudgeten\/\">Helsingfors: KrutBudgeten<\/a><\/h3>\n                <p>KrutBudgeten \u00e4r Helsingfors modell f\u00f6r deltagande budgetering. Med hj\u00e4lp av den beslutar man om fritidsverksamhet och tj\u00e4nster f\u00f6r ungdomar i samr\u00e5d med de unga.<\/p>\n    <\/div>\n<\/div>\n\n<div class=\"material-block\">\n    <div class=\"icon-container\"><i class=\"fal fal fa-calendar-day\"><\/i><\/div>\n    <div class=\"file-info\">\n                <h3><a href=\"http:\/\/www.nuortentampere.fi\/vaikuttaminen\/\">Tammerfors: 4. luokkalaisten vaikuttamisp\u00e4iv\u00e4 (p\u00e5 finska)<\/a><\/h3>\n                <p>P\u00e5verkansdagen f\u00f6r fj\u00e4rdeklassare har som m\u00e5l att genom aktiv verksamhet l\u00e4ra ut demokrati- och p\u00e5verkansf\u00e4rdigheter och ge information om den egna hemorten och vilka tj\u00e4nster d\u00e4r finns f\u00f6r barn och ungdomar.<\/p>\n    <\/div>\n<\/div>\n\n<div class=\"material-block\">\n    <div class=\"icon-container\"><i class=\"fal fal fa-microphone-stand\"><\/i><\/div>\n    <div class=\"file-info\">\n                <h3><a href=\"http:\/\/www.nuortensuomi.fi\/nuorten-aani-maakunnissa\/\">Projektet Nuorten \u00e4\u00e4ni maakunnissa (p\u00e5 finska)<\/a><\/h3>\n                <p>Projektet Nuorten \u00e4\u00e4ni maakunnissa (ung. De ungas r\u00f6st i landskapen) genomf\u00f6rdes 2017\u20132019 i olika landskap och involverade ungdomar, personer som arbetar med de unga, tj\u00e4nstem\u00e4n och beslutsfattare. I fem landskap grundades en p\u00e5verkansgrupp f\u00f6r ungdomar och olika utbildningar och tillf\u00e4llen i samband med ungas p\u00e5verkansarbete. Ett viktigt perspektiv var att fr\u00e4mja att alla ungdomar ska f\u00e5 sin r\u00f6st h\u00f6rd och testa modeller f\u00f6r ungas delaktighet p\u00e5 ett brett plan och olika p\u00e5verkansm\u00f6jligheter.<\/p>\n    <\/div>\n<\/div>\n\n<div class=\"material-block\">\n    <div class=\"icon-container\"><i class=\"fal fal fa-backpack\"><\/i><\/div>\n    <div class=\"file-info\">\n                <h3><a href=\"https:\/\/www.ouka.fi\/oulu\/nuoret\/nuorten-politiikkakoulu\">Ule\u00e5borg: Nuorten politiikkakoulu (p\u00e5 finska)<\/a><\/h3>\n                <p>Politikskolan Nuorten politiikkakoulu har som m\u00e5l att engagera ungdomar i p\u00e5verkansarbete och ge dem kunskaper och f\u00e4rdigheter som beh\u00f6vs f\u00f6r att p\u00e5verka och delta i samh\u00e4llet. Man f\u00e4ster s\u00e4rskild uppm\u00e4rksamhet vid ungdomar som inte \u00e4nnu deltar eller k\u00e4nner att de kan p\u00e5verka fr\u00e5gor som g\u00e4ller dem sj\u00e4lva eller samh\u00e4llsfr\u00e5gor.<\/p>\n    <\/div>\n<\/div>\n\n<div class=\"material-block\">\n    <div class=\"icon-container\"><i class=\"fal fal fa-money-check-edit\"><\/i><\/div>\n    <div class=\"file-info\">\n                <h3><a href=\"https:\/\/www.ouka.fi\/oulu\/nuoret\/nuorten-nero\">Ule\u00e5borg: Nuorten NERO -toimintaraha (p\u00e5 finska)<\/a><\/h3>\n                <p>NERO \u00e4r ett verksamhetsanslag som ungdomar i Ule\u00e5borg kan ans\u00f6ka om f\u00f6r att planera och genomf\u00f6ra evenemang, sammankomster eller projekt som \u00e4r \u00f6ppna f\u00f6r alla. Ans\u00f6kan om anslag kan l\u00e4mnas under hela \u00e5ret.<\/p>\n    <\/div>\n<\/div>\n\n<div class=\"material-block\">\n    <div class=\"icon-container\"><i class=\"fal fal fa-share\"><\/i><\/div>\n    <div class=\"file-info\">\n                <h3><a href=\"https:\/\/www.turku.fi\/uutinen\/2016-10-21_nuoret-suunnittelevat-digitaalista-turkua\">\u00c5bo: Nuoret digitaalisessa Turussa (p\u00e5 finska)<\/a><\/h3>\n                <p>\u00c5bo stad har ordnat workshoppar p\u00e5 temat ungdomar i den digitala staden d\u00e4r ungdomar involveras i utformningen av digitala tj\u00e4nster. I en serie p\u00e5 tre workshoppar fick ungdomarna presentera sina id\u00e9er om hur tj\u00e4nsterna f\u00f6r unga kunde utvecklas. Det h\u00e4r pilotprojektet gick ut p\u00e5 att med hj\u00e4lp av tj\u00e4nstedesign utveckla en modell f\u00f6r utveckling av digitala tj\u00e4nster.<\/p>\n    <\/div>\n<\/div>\n\n<div class=\"material-block\">\n    <div class=\"icon-container\"><i class=\"fal fal fa-exchange-alt\"><\/i><\/div>\n    <div class=\"file-info\">\n                <h3><a href=\"http:\/\/www.nuortensuomi.fi\/vaikuta-teemapaiva\/\">Temadagen Vaikuta! (p\u00e5 finska)<\/a><\/h3>\n                <p>Nuorten Suomi ry:s temadagar Vaikuta! (ung. P\u00e5verka!) har som m\u00e5l att st\u00e4rka ungdomars samh\u00e4llsdeltagande. Under temadagen f\u00e5r ungdomar och beslutsfattare interagera och man samlar in ungdomars id\u00e9er som st\u00f6d f\u00f6r beslutsfattandet inom kommuner och landskap.<\/p>\n    <\/div>\n<\/div>\n\n<div class=\"material-block\">\n    <div class=\"icon-container\"><i class=\"fal fal fa-comments\"><\/i><\/div>\n    <div class=\"file-info\">\n                <h3><a href=\"https:\/\/www.ombudsman.ax\/nyheter\/ungdomar-diskuterade-ungas-psykiska-halsa-ministrar\">\u00c5land: Ungdomar diskuterade med ministrar om ungas psykiska h\u00e4lsa<\/a><\/h3>\n                <p>Ungdomar p\u00e5 \u00c5land deltog i ett m\u00f6te med landskapsregeringens ministrar, m\u00f6tet ordnades i samarbete med Barnombudsmannen och R\u00e4dda barnen. Utg\u00e5ngspunkt f\u00f6r diskussionen var den svenska versionen av den nordiska barnresolutionen och hur corona pandemin p\u00e5verkar ungas psykiska m\u00e5ende. <\/p>\n    <\/div>\n<\/div>\n\n<div class=\"material-block\">\n    <div class=\"icon-container\"><i class=\"fal fal fa-hashtag\"><\/i><\/div>\n    <div class=\"file-info\">\n                <h3><a href=\"https:\/\/www.instagram.com\/hky_nuoriso\/\">H\u00e4meenkyr\u00f6: Instagram som verktyg f\u00f6r snabba enk\u00e4ter<\/a><\/h3>\n                <p>Instagram kan anv\u00e4ndas som ett l\u00e4tt och snabbt s\u00e4tt att engagera ungdomar. I H\u00e4meenkyr\u00f6 har man exempelvis gjort snabba enk\u00e4ter f\u00f6r ungdomar p\u00e5 Instagram och fr\u00e5gat om vad ungdomarna t\u00e4nker om t.ex. natt\u00f6ppet p\u00e5 ungdomsg\u00e5rden och utvecklingen av tj\u00e4nster i samband med planen f\u00f6r barns och ungdomars v\u00e4lbefinnande.<\/p>\n    <\/div>\n<\/div>\n\n<div class=\"material-block\">\n    <div class=\"icon-container\"><i class=\"fal fal fa-key-skeleton\"><\/i><\/div>\n    <div class=\"file-info\">\n                <h3><a href=\"https:\/\/nuortenakatemia.fi\/nuorten-osallisuudesta-elinvoimaa-vinkkeja-ja-kokemuksia-osallisuuden-edistamiseen-kunnissa\/\">Nuorten osallisuudesta elinvoimaa: Vinkkej\u00e4 ja kokemuksia osallisuuden edist\u00e4miseen kunnissa (p\u00e5 finska)<\/a><\/h3>\n                <p>Den h\u00e4r publikationen av kunskapscentret Osallisuuden osaamiskeskus har utarbetats s\u00e4rskilt med tanke p\u00e5 tj\u00e4nsteinnehavare och medarbetare i kommuner. M\u00e5let \u00e4r att f\u00e5 l\u00e4sarna att reflektera \u00f6ver p\u00e5 vilket s\u00e4tt och med vilka metoder man kan st\u00e4rka ungdomars delaktighet i den dagliga verksamheten inom kommunen.<\/p>\n    <\/div>\n<\/div>\n\n<div class=\"material-block\">\n    <div class=\"icon-container\"><i class=\"fal fa-hands-heart\"><\/i><\/div>\n    <div class=\"file-info\">\n                <h3><a href=\"https:\/\/www.instagram.com\/unik_och_vardefull\/\">Larsmo: Projektet Unik och v\u00e4rdefull<\/a><\/h3>\n                <p>Larsmo, Jakobstad, Kronoby, Nykarleby och Peders\u00f6re kommun samarbetar g\u00e4llande projektet Unik och v\u00e4rdefull, som jobbar f\u00f6r barns r\u00e4ttigheter och v\u00e4lm\u00e5ende inom dagv\u00e5rden. Projektet utg\u00e5r fr\u00e5n barnkonventionen och fokuserar bland annat p\u00e5 barns delaktighet.<\/p>\n    <\/div>\n<\/div>\n\n<div class=\"material-block\">\n    <div class=\"icon-container\"><i class=\"fal fal fa-house\"><\/i><\/div>\n    <div class=\"file-info\">\n                <h3><a href=\"https:\/\/yle.fi\/uutiset\/3-11014056\">Kotka: Ungdomarna ockuperar stadshuset (p\u00e5 finska)<\/a><\/h3>\n                <p>En g\u00e5ng om \u00e5ret ockuperar ungdomarna i Kotka stadshuset med till\u00e5telse under ett evenemang som ordnas av Kotka ungdomsfullm\u00e4ktige. Cirka 550 ungdomar deltog i evenemanget och kom f\u00f6r att bekanta sig med stadens beslutsfattare och f\u00e5 information om aktuella \u00e4renden. Evenemanget har l\u00e5nga anor och ordnas p\u00e5 h\u00f6sten.<\/p>\n    <\/div>\n<\/div>","protected":false},"excerpt":{"rendered":"<p>L\u00e5t dig inspireras av olika verksamhetsformer som tagits fram f\u00f6r att engagera ungdomar runt om i Finland. Verksamhetsformer utvecklade i kommuner<\/p>\n","protected":false},"author":38,"featured_media":0,"parent":0,"menu_order":0,"comment_status":"closed","ping_status":"closed","template":"","meta":{"_acf_changed":false,"_relevanssi_hide_post":"","_relevanssi_hide_content":"","_relevanssi_pin_for_all":"","_relevanssi_pin_keywords":"","_relevanssi_unpin_keywords":"","_relevanssi_related_keywords":"","_relevanssi_related_include_ids":"","_relevanssi_related_exclude_ids":"","_relevanssi_related_no_append":"","_relevanssi_related_not_related":"","_relevanssi_related_posts":"8622,7765,8346,9296,6872,9005","_relevanssi_noindex_reason":"","_eb_attr":"","footnotes":""},"class_list":["post-3940","page","type-page","status-publish","hentry"],"acf":[],"yoast_head":"<!-- This site is optimized with the Yoast SEO plugin v27.4 - https:\/\/yoast.com\/product\/yoast-seo-wordpress\/ -->\n<title>Verksamhetsformer - Ungas delaktighet<\/title>\n<meta name=\"description\" content=\"L\u00e5t dig inspireras av olika verksamhetsformer som tagits fram f\u00f6r att engagera ungdomar runt om i Finland.\" \/>\n<meta name=\"robots\" content=\"index, follow, max-snippet:-1, max-image-preview:large, max-video-preview:-1\" \/>\n<link rel=\"canonical\" href=\"https:\/\/nuoretjaosallisuus.fi\/sv\/verksamhetsformer\/\" \/>\n<meta property=\"og:locale\" content=\"sv_SE\" \/>\n<meta property=\"og:type\" content=\"article\" \/>\n<meta property=\"og:title\" content=\"Verksamhetsformer - Ungas delaktighet\" \/>\n<meta property=\"og:description\" content=\"L\u00e5t dig inspireras av olika verksamhetsformer som tagits fram f\u00f6r att engagera ungdomar runt om i Finland.\" \/>\n<meta property=\"og:url\" content=\"https:\/\/nuoretjaosallisuus.fi\/sv\/verksamhetsformer\/\" \/>\n<meta property=\"og:site_name\" content=\"Ungas delaktighet\" \/>\n<meta property=\"article:modified_time\" content=\"2025-06-18T09:17:13+00:00\" \/>\n<meta name=\"twitter:card\" content=\"summary_large_image\" \/>\n<meta name=\"twitter:label1\" content=\"Ber\u00e4knad l\u00e4stid\" \/>\n\t<meta name=\"twitter:data1\" content=\"1 minut\" \/>\n<script type=\"application\/ld+json\" class=\"yoast-schema-graph\">{\"@context\":\"https:\\\/\\\/schema.org\",\"@graph\":[{\"@type\":\"WebPage\",\"@id\":\"https:\\\/\\\/nuoretjaosallisuus.fi\\\/sv\\\/verksamhetsformer\\\/\",\"url\":\"https:\\\/\\\/nuoretjaosallisuus.fi\\\/sv\\\/verksamhetsformer\\\/\",\"name\":\"Verksamhetsformer - Ungas delaktighet\",\"isPartOf\":{\"@id\":\"https:\\\/\\\/nuoretjaosallisuus.fi\\\/#website\"},\"datePublished\":\"2021-03-10T11:18:54+00:00\",\"dateModified\":\"2025-06-18T09:17:13+00:00\",\"description\":\"L\u00e5t dig inspireras av olika verksamhetsformer som tagits fram f\u00f6r att engagera ungdomar runt om i Finland.\",\"inLanguage\":\"sv-SE\",\"potentialAction\":[{\"@type\":\"ReadAction\",\"target\":[\"https:\\\/\\\/nuoretjaosallisuus.fi\\\/sv\\\/verksamhetsformer\\\/\"]}]},{\"@type\":\"WebSite\",\"@id\":\"https:\\\/\\\/nuoretjaosallisuus.fi\\\/#website\",\"url\":\"https:\\\/\\\/nuoretjaosallisuus.fi\\\/\",\"name\":\"Ungas delaktighet\",\"description\":\"Onnistunutta osallisuutta nuorille\",\"potentialAction\":[{\"@type\":\"SearchAction\",\"target\":{\"@type\":\"EntryPoint\",\"urlTemplate\":\"https:\\\/\\\/nuoretjaosallisuus.fi\\\/?s={search_term_string}\"},\"query-input\":{\"@type\":\"PropertyValueSpecification\",\"valueRequired\":true,\"valueName\":\"search_term_string\"}}],\"inLanguage\":\"sv-SE\"}]}<\/script>\n<!-- \/ Yoast SEO plugin. -->","yoast_head_json":{"title":"Verksamhetsformer - Ungas delaktighet","description":"L\u00e5t dig inspireras av olika verksamhetsformer som tagits fram f\u00f6r att engagera ungdomar runt om i Finland.","robots":{"index":"index","follow":"follow","max-snippet":"max-snippet:-1","max-image-preview":"max-image-preview:large","max-video-preview":"max-video-preview:-1"},"canonical":"https:\/\/nuoretjaosallisuus.fi\/sv\/verksamhetsformer\/","og_locale":"sv_SE","og_type":"article","og_title":"Verksamhetsformer - Ungas delaktighet","og_description":"L\u00e5t dig inspireras av olika verksamhetsformer som tagits fram f\u00f6r att engagera ungdomar runt om i Finland.","og_url":"https:\/\/nuoretjaosallisuus.fi\/sv\/verksamhetsformer\/","og_site_name":"Ungas delaktighet","article_modified_time":"2025-06-18T09:17:13+00:00","twitter_card":"summary_large_image","twitter_misc":{"Ber\u00e4knad l\u00e4stid":"1 minut"},"schema":{"@context":"https:\/\/schema.org","@graph":[{"@type":"WebPage","@id":"https:\/\/nuoretjaosallisuus.fi\/sv\/verksamhetsformer\/","url":"https:\/\/nuoretjaosallisuus.fi\/sv\/verksamhetsformer\/","name":"Verksamhetsformer - Ungas delaktighet","isPartOf":{"@id":"https:\/\/nuoretjaosallisuus.fi\/#website"},"datePublished":"2021-03-10T11:18:54+00:00","dateModified":"2025-06-18T09:17:13+00:00","description":"L\u00e5t dig inspireras av olika verksamhetsformer som tagits fram f\u00f6r att engagera ungdomar runt om i Finland.","inLanguage":"sv-SE","potentialAction":[{"@type":"ReadAction","target":["https:\/\/nuoretjaosallisuus.fi\/sv\/verksamhetsformer\/"]}]},{"@type":"WebSite","@id":"https:\/\/nuoretjaosallisuus.fi\/#website","url":"https:\/\/nuoretjaosallisuus.fi\/","name":"Ungas delaktighet","description":"Onnistunutta osallisuutta nuorille","potentialAction":[{"@type":"SearchAction","target":{"@type":"EntryPoint","urlTemplate":"https:\/\/nuoretjaosallisuus.fi\/?s={search_term_string}"},"query-input":{"@type":"PropertyValueSpecification","valueRequired":true,"valueName":"search_term_string"}}],"inLanguage":"sv-SE"}]}},"_links":{"self":[{"href":"https:\/\/nuoretjaosallisuus.fi\/sv\/wp-json\/wp\/v2\/pages\/3940","targetHints":{"allow":["GET"]}}],"collection":[{"href":"https:\/\/nuoretjaosallisuus.fi\/sv\/wp-json\/wp\/v2\/pages"}],"about":[{"href":"https:\/\/nuoretjaosallisuus.fi\/sv\/wp-json\/wp\/v2\/types\/page"}],"author":[{"embeddable":true,"href":"https:\/\/nuoretjaosallisuus.fi\/sv\/wp-json\/wp\/v2\/users\/38"}],"replies":[{"embeddable":true,"href":"https:\/\/nuoretjaosallisuus.fi\/sv\/wp-json\/wp\/v2\/comments?post=3940"}],"version-history":[{"count":15,"href":"https:\/\/nuoretjaosallisuus.fi\/sv\/wp-json\/wp\/v2\/pages\/3940\/revisions"}],"predecessor-version":[{"id":10946,"href":"https:\/\/nuoretjaosallisuus.fi\/sv\/wp-json\/wp\/v2\/pages\/3940\/revisions\/10946"}],"wp:attachment":[{"href":"https:\/\/nuoretjaosallisuus.fi\/sv\/wp-json\/wp\/v2\/media?parent=3940"}],"curies":[{"name":"wp","href":"https:\/\/api.w.org\/{rel}","templated":true}]}}