{"id":4425,"date":"2021-04-09T14:11:10","date_gmt":"2021-04-09T11:11:10","guid":{"rendered":"https:\/\/nuoretjaosallisuus.fi\/kriteeri-1-vuorovaikutus\/"},"modified":"2022-12-01T16:08:09","modified_gmt":"2022-12-01T14:08:09","slug":"kriteeri-1-vuorovaikutus","status":"publish","type":"page","link":"https:\/\/nuoretjaosallisuus.fi\/sv\/kriteeri-1-vuorovaikutus\/","title":{"rendered":"Kriterium 1: Interaktion"},"content":{"rendered":"\n<h2 class=\"wp-block-heading\">Ungdomar bem\u00f6ts med en lyssnande inst\u00e4llning.<\/h2>\n\n\n\n<p>Delaktigheten grundar sig p\u00e5 interaktionssituationer d\u00e4r alla medverkande m\u00f6ter varandra p\u00e5 ett respektfullt och \u00e4rligt s\u00e4tt. Interaktionen kan ske ansikte mot ansikte eller i digitala milj\u00f6er. M\u00e5let \u00e4r att alla parter upplever att de blir h\u00f6rda och att man samtalar i samf\u00f6rst\u00e5nd. Av kommunens medarbetare kr\u00e4ver detta mod att frig\u00f6ra sig fr\u00e5n sin yrkesroll och yrkesjargong, samt att inse och medge att ungdomar kan ha expertis p\u00e5 olika omr\u00e5den. De b\u00e4sta och mest innovativa l\u00f6sningarna hittas ofta n\u00e4r man \u00e4r nyfiken och \u00f6ppen f\u00f6r olika syns\u00e4tt, samt v\u00e5gar \u00e4ndra sina egna uppfattningar och antaganden n\u00e4r det beh\u00f6vs.<\/p>\n\n\n\n<p><strong>Att \u00f6verv\u00e4ga:<\/strong><\/p>\n\n\n\n<ul class=\"wp-block-list\">\n<li><em>Jag \u00e4r intresserad av och uppskattar ungdomars syns\u00e4tt och \u00e5sikter.<\/em><\/li>\n\n\n\n<li><em>Jag tror att ungdomar har expertis.<\/em><\/li>\n\n\n\n<li><em>Jag har tillr\u00e4ckligt med tid f\u00f6r interaktion med ungdomar innan jag fattar beslut.<\/em><\/li>\n\n\n\n<li><em>Jag beaktar unga personers \u00e5lder och utvecklingsniv\u00e5 i min spr\u00e5kanv\u00e4ndning.<\/em><\/li>\n\n\n\n<li><em>Jag v\u00e5gar \u00e4ndra mina egna uppfattningar och antaganden n\u00e4r det beh\u00f6vs.<\/em><\/li>\n<\/ul>\n","protected":false},"excerpt":{"rendered":"<p>Ungdomar bem\u00f6ts med en lyssnande inst\u00e4llning. Delaktigheten grundar sig p\u00e5 interaktionssituationer d\u00e4r alla medverkande m\u00f6ter varandra p\u00e5 ett respektfullt och \u00e4rligt s\u00e4tt. Interaktionen kan ske ansikte mot ansikte eller i digitala milj\u00f6er. M\u00e5let \u00e4r att alla parter upplever att de blir h\u00f6rda och att man samtalar i samf\u00f6rst\u00e5nd. Av kommunens medarbetare kr\u00e4ver detta mod att &hellip; <a href=\"https:\/\/nuoretjaosallisuus.fi\/sv\/kriteeri-1-vuorovaikutus\/\" class=\"more-link\">Lue lis\u00e4\u00e4<span class=\"screen-reader-text\"> &#8221;Kriterium 1: Interaktion&#8221;<\/span><\/a><\/p>\n","protected":false},"author":38,"featured_media":0,"parent":0,"menu_order":0,"comment_status":"closed","ping_status":"closed","template":"","meta":{"_acf_changed":false,"_relevanssi_hide_post":"","_relevanssi_hide_content":"","_relevanssi_pin_for_all":"","_relevanssi_pin_keywords":"","_relevanssi_unpin_keywords":"","_relevanssi_related_keywords":"","_relevanssi_related_include_ids":"","_relevanssi_related_exclude_ids":"","_relevanssi_related_no_append":"","_relevanssi_related_not_related":"","_relevanssi_related_posts":"","_relevanssi_noindex_reason":"","_eb_attr":"","footnotes":""},"class_list":["post-4425","page","type-page","status-publish","hentry"],"acf":[],"yoast_head":"<!-- This site is optimized with the Yoast SEO plugin v27.4 - https:\/\/yoast.com\/product\/yoast-seo-wordpress\/ -->\n<title>Kriterium 1: Interaktion - Ungas delaktighet<\/title>\n<meta name=\"description\" content=\"Nuoren kohtaaminen on kuuntelevaa. Osallisuuden l\u00e4ht\u00f6kohtana on vuorovaikutustilanne, jossa osapuolet kohtaavat toisensa arvostavasti ja vilpitt\u00f6m\u00e4sti. Vuorovaikutus voi tapahtua joko kasvokkain tai digitaalisesti.\" \/>\n<meta name=\"robots\" content=\"index, follow, max-snippet:-1, max-image-preview:large, max-video-preview:-1\" \/>\n<link rel=\"canonical\" href=\"https:\/\/nuoretjaosallisuus.fi\/sv\/kriteeri-1-vuorovaikutus\/\" \/>\n<meta property=\"og:locale\" content=\"sv_SE\" \/>\n<meta property=\"og:type\" content=\"article\" \/>\n<meta property=\"og:title\" content=\"Kriterium 1: Interaktion - Ungas delaktighet\" \/>\n<meta property=\"og:description\" content=\"Nuoren kohtaaminen on kuuntelevaa. Osallisuuden l\u00e4ht\u00f6kohtana on vuorovaikutustilanne, jossa osapuolet kohtaavat toisensa arvostavasti ja vilpitt\u00f6m\u00e4sti. Vuorovaikutus voi tapahtua joko kasvokkain tai digitaalisesti.\" \/>\n<meta property=\"og:url\" content=\"https:\/\/nuoretjaosallisuus.fi\/sv\/kriteeri-1-vuorovaikutus\/\" \/>\n<meta property=\"og:site_name\" content=\"Ungas delaktighet\" \/>\n<meta property=\"article:modified_time\" content=\"2022-12-01T14:08:09+00:00\" \/>\n<meta name=\"twitter:card\" content=\"summary_large_image\" \/>\n<meta name=\"twitter:label1\" content=\"Ber\u00e4knad l\u00e4stid\" \/>\n\t<meta name=\"twitter:data1\" content=\"1 minut\" \/>\n<script type=\"application\/ld+json\" class=\"yoast-schema-graph\">{\"@context\":\"https:\\\/\\\/schema.org\",\"@graph\":[{\"@type\":\"WebPage\",\"@id\":\"https:\\\/\\\/nuoretjaosallisuus.fi\\\/sv\\\/kriteeri-1-vuorovaikutus\\\/\",\"url\":\"https:\\\/\\\/nuoretjaosallisuus.fi\\\/sv\\\/kriteeri-1-vuorovaikutus\\\/\",\"name\":\"Kriterium 1: Interaktion - Ungas delaktighet\",\"isPartOf\":{\"@id\":\"https:\\\/\\\/nuoretjaosallisuus.fi\\\/#website\"},\"datePublished\":\"2021-04-09T11:11:10+00:00\",\"dateModified\":\"2022-12-01T14:08:09+00:00\",\"description\":\"Nuoren kohtaaminen on kuuntelevaa. Osallisuuden l\u00e4ht\u00f6kohtana on vuorovaikutustilanne, jossa osapuolet kohtaavat toisensa arvostavasti ja vilpitt\u00f6m\u00e4sti. Vuorovaikutus voi tapahtua joko kasvokkain tai digitaalisesti.\",\"inLanguage\":\"sv-SE\",\"potentialAction\":[{\"@type\":\"ReadAction\",\"target\":[\"https:\\\/\\\/nuoretjaosallisuus.fi\\\/sv\\\/kriteeri-1-vuorovaikutus\\\/\"]}]},{\"@type\":\"WebSite\",\"@id\":\"https:\\\/\\\/nuoretjaosallisuus.fi\\\/#website\",\"url\":\"https:\\\/\\\/nuoretjaosallisuus.fi\\\/\",\"name\":\"Ungas delaktighet\",\"description\":\"Onnistunutta osallisuutta nuorille\",\"potentialAction\":[{\"@type\":\"SearchAction\",\"target\":{\"@type\":\"EntryPoint\",\"urlTemplate\":\"https:\\\/\\\/nuoretjaosallisuus.fi\\\/?s={search_term_string}\"},\"query-input\":{\"@type\":\"PropertyValueSpecification\",\"valueRequired\":true,\"valueName\":\"search_term_string\"}}],\"inLanguage\":\"sv-SE\"}]}<\/script>\n<!-- \/ Yoast SEO plugin. -->","yoast_head_json":{"title":"Kriterium 1: Interaktion - Ungas delaktighet","description":"Nuoren kohtaaminen on kuuntelevaa. Osallisuuden l\u00e4ht\u00f6kohtana on vuorovaikutustilanne, jossa osapuolet kohtaavat toisensa arvostavasti ja vilpitt\u00f6m\u00e4sti. Vuorovaikutus voi tapahtua joko kasvokkain tai digitaalisesti.","robots":{"index":"index","follow":"follow","max-snippet":"max-snippet:-1","max-image-preview":"max-image-preview:large","max-video-preview":"max-video-preview:-1"},"canonical":"https:\/\/nuoretjaosallisuus.fi\/sv\/kriteeri-1-vuorovaikutus\/","og_locale":"sv_SE","og_type":"article","og_title":"Kriterium 1: Interaktion - Ungas delaktighet","og_description":"Nuoren kohtaaminen on kuuntelevaa. Osallisuuden l\u00e4ht\u00f6kohtana on vuorovaikutustilanne, jossa osapuolet kohtaavat toisensa arvostavasti ja vilpitt\u00f6m\u00e4sti. Vuorovaikutus voi tapahtua joko kasvokkain tai digitaalisesti.","og_url":"https:\/\/nuoretjaosallisuus.fi\/sv\/kriteeri-1-vuorovaikutus\/","og_site_name":"Ungas delaktighet","article_modified_time":"2022-12-01T14:08:09+00:00","twitter_card":"summary_large_image","twitter_misc":{"Ber\u00e4knad l\u00e4stid":"1 minut"},"schema":{"@context":"https:\/\/schema.org","@graph":[{"@type":"WebPage","@id":"https:\/\/nuoretjaosallisuus.fi\/sv\/kriteeri-1-vuorovaikutus\/","url":"https:\/\/nuoretjaosallisuus.fi\/sv\/kriteeri-1-vuorovaikutus\/","name":"Kriterium 1: Interaktion - Ungas delaktighet","isPartOf":{"@id":"https:\/\/nuoretjaosallisuus.fi\/#website"},"datePublished":"2021-04-09T11:11:10+00:00","dateModified":"2022-12-01T14:08:09+00:00","description":"Nuoren kohtaaminen on kuuntelevaa. Osallisuuden l\u00e4ht\u00f6kohtana on vuorovaikutustilanne, jossa osapuolet kohtaavat toisensa arvostavasti ja vilpitt\u00f6m\u00e4sti. Vuorovaikutus voi tapahtua joko kasvokkain tai digitaalisesti.","inLanguage":"sv-SE","potentialAction":[{"@type":"ReadAction","target":["https:\/\/nuoretjaosallisuus.fi\/sv\/kriteeri-1-vuorovaikutus\/"]}]},{"@type":"WebSite","@id":"https:\/\/nuoretjaosallisuus.fi\/#website","url":"https:\/\/nuoretjaosallisuus.fi\/","name":"Ungas delaktighet","description":"Onnistunutta osallisuutta nuorille","potentialAction":[{"@type":"SearchAction","target":{"@type":"EntryPoint","urlTemplate":"https:\/\/nuoretjaosallisuus.fi\/?s={search_term_string}"},"query-input":{"@type":"PropertyValueSpecification","valueRequired":true,"valueName":"search_term_string"}}],"inLanguage":"sv-SE"}]}},"_links":{"self":[{"href":"https:\/\/nuoretjaosallisuus.fi\/sv\/wp-json\/wp\/v2\/pages\/4425","targetHints":{"allow":["GET"]}}],"collection":[{"href":"https:\/\/nuoretjaosallisuus.fi\/sv\/wp-json\/wp\/v2\/pages"}],"about":[{"href":"https:\/\/nuoretjaosallisuus.fi\/sv\/wp-json\/wp\/v2\/types\/page"}],"author":[{"embeddable":true,"href":"https:\/\/nuoretjaosallisuus.fi\/sv\/wp-json\/wp\/v2\/users\/38"}],"replies":[{"embeddable":true,"href":"https:\/\/nuoretjaosallisuus.fi\/sv\/wp-json\/wp\/v2\/comments?post=4425"}],"version-history":[{"count":5,"href":"https:\/\/nuoretjaosallisuus.fi\/sv\/wp-json\/wp\/v2\/pages\/4425\/revisions"}],"predecessor-version":[{"id":7964,"href":"https:\/\/nuoretjaosallisuus.fi\/sv\/wp-json\/wp\/v2\/pages\/4425\/revisions\/7964"}],"wp:attachment":[{"href":"https:\/\/nuoretjaosallisuus.fi\/sv\/wp-json\/wp\/v2\/media?parent=4425"}],"curies":[{"name":"wp","href":"https:\/\/api.w.org\/{rel}","templated":true}]}}