{"id":4441,"date":"2021-04-09T14:46:01","date_gmt":"2021-04-09T11:46:01","guid":{"rendered":"https:\/\/nuoretjaosallisuus.fi\/kriteeri-3-vapaaehtoisuus\/"},"modified":"2022-12-27T15:36:20","modified_gmt":"2022-12-27T13:36:20","slug":"kriteeri-3-vapaaehtoisuus","status":"publish","type":"page","link":"https:\/\/nuoretjaosallisuus.fi\/sv\/kriteeri-3-vapaaehtoisuus\/","title":{"rendered":"Kriterium 3: Frivillighet"},"content":{"rendered":"\n<h3 class=\"wp-block-heading\">Deltagandet \u00e4r frivilligt och ungdomar uppmuntras att uttrycka sina \u00e5sikter <\/h3>\n\n\n\n<p>Det \u00e4r viktigt att understryka att deltagande alltid \u00e4r frivilligt. Ungdomar beh\u00f6ver information som st\u00f6d f\u00f6r sina beslut att delta i kommunens verksamhet. D\u00e4rf\u00f6r \u00e4r det viktigt att ber\u00e4tta f\u00f6r dem vad man \u00f6nskar att de medverkar i och varf\u00f6r deras deltagande \u00e4r v\u00e4rdefullt. <\/p>\n\n\n\n<p>Ungdomar beh\u00f6ver f\u00e5 begriplig information s\u00e5 att de sj\u00e4lvst\u00e4ndigt kan bilda sin egen uppfattning om saken, och s\u00e5 att de vuxna inte medvetet styr en ung person i en \u00f6nskad riktning eller mot en viss \u00e5sikt. Medarbetarna hos kommunen ska lita p\u00e5 ungdomarnas f\u00f6rm\u00e5ga att bilda sina egna \u00e5sikter.<\/p>\n\n\n\n<p><strong>Att \u00f6verv\u00e4ga:<\/strong><\/p>\n\n\n\n<ul class=\"wp-block-list\">\n<li><em>Jag ber\u00e4ttar f\u00f6r ungdomar som deltar i kommunens verksamhet om aktiviteternas syfte och varf\u00f6r de medverkar.<\/em><\/li>\n\n\n\n<li><em>Jag beaktar att ungdomarnas deltagande grundar sig p\u00e5 frivillighet.&nbsp;<\/em><\/li>\n\n\n\n<li><em>Jag ger ungdomar all den information och r\u00e5d som de beh\u00f6ver f\u00f6r att kunna bilda sin egen \u00e5sikt, utan att med avsikt styra dem mot de resultat som jag \u00f6nskar mig.<\/em><\/li>\n\n\n\n<li><em>Jag ser till att de milj\u00f6er och situationer d\u00e4r ungdomarna kan uttrycka sina \u00e5sikter \u00e4r trygga och respektfulla.<\/em><\/li>\n<\/ul>\n","protected":false},"excerpt":{"rendered":"<p>Deltagandet \u00e4r frivilligt och ungdomar uppmuntras att uttrycka sina \u00e5sikter Det \u00e4r viktigt att understryka att deltagande alltid \u00e4r frivilligt. Ungdomar beh\u00f6ver information som st\u00f6d f\u00f6r sina beslut att delta i kommunens verksamhet. D\u00e4rf\u00f6r \u00e4r det viktigt att ber\u00e4tta f\u00f6r dem vad man \u00f6nskar att de medverkar i och varf\u00f6r deras deltagande \u00e4r v\u00e4rdefullt. Ungdomar &hellip; <a href=\"https:\/\/nuoretjaosallisuus.fi\/sv\/kriteeri-3-vapaaehtoisuus\/\" class=\"more-link\">Lue lis\u00e4\u00e4<span class=\"screen-reader-text\"> &#8221;Kriterium 3: Frivillighet&#8221;<\/span><\/a><\/p>\n","protected":false},"author":38,"featured_media":0,"parent":0,"menu_order":0,"comment_status":"closed","ping_status":"closed","template":"","meta":{"_acf_changed":false,"_relevanssi_hide_post":"","_relevanssi_hide_content":"","_relevanssi_pin_for_all":"","_relevanssi_pin_keywords":"","_relevanssi_unpin_keywords":"","_relevanssi_related_keywords":"","_relevanssi_related_include_ids":"","_relevanssi_related_exclude_ids":"","_relevanssi_related_no_append":"","_relevanssi_related_not_related":"","_relevanssi_related_posts":"","_relevanssi_noindex_reason":"","_eb_attr":"","footnotes":""},"class_list":["post-4441","page","type-page","status-publish","hentry"],"acf":[],"yoast_head":"<!-- This site is optimized with the Yoast SEO plugin v27.4 - https:\/\/yoast.com\/product\/yoast-seo-wordpress\/ -->\n<title>Kriterium 3: Frivillighet - Ungas delaktighet<\/title>\n<meta name=\"description\" content=\"Osallistuminen on vapaaehtoista ja nuorten vapaata mielipiteen ilmaisua tuetaan. Nuoria ei saa pakottaa ilmaisemaan n\u00e4kemyksi\u00e4\u00e4n, vaan osallistumisen on oltava heille vapaaehtoista.\" \/>\n<meta name=\"robots\" content=\"index, follow, max-snippet:-1, max-image-preview:large, max-video-preview:-1\" \/>\n<link rel=\"canonical\" href=\"https:\/\/nuoretjaosallisuus.fi\/sv\/kriteeri-3-vapaaehtoisuus\/\" \/>\n<meta property=\"og:locale\" content=\"sv_SE\" \/>\n<meta property=\"og:type\" content=\"article\" \/>\n<meta property=\"og:title\" content=\"Kriterium 3: Frivillighet - Ungas delaktighet\" \/>\n<meta property=\"og:description\" content=\"Osallistuminen on vapaaehtoista ja nuorten vapaata mielipiteen ilmaisua tuetaan. Nuoria ei saa pakottaa ilmaisemaan n\u00e4kemyksi\u00e4\u00e4n, vaan osallistumisen on oltava heille vapaaehtoista.\" \/>\n<meta property=\"og:url\" content=\"https:\/\/nuoretjaosallisuus.fi\/sv\/kriteeri-3-vapaaehtoisuus\/\" \/>\n<meta property=\"og:site_name\" content=\"Ungas delaktighet\" \/>\n<meta property=\"article:modified_time\" content=\"2022-12-27T13:36:20+00:00\" \/>\n<meta name=\"twitter:card\" content=\"summary_large_image\" \/>\n<meta name=\"twitter:label1\" content=\"Ber\u00e4knad l\u00e4stid\" \/>\n\t<meta name=\"twitter:data1\" content=\"2 minuter\" \/>\n<script type=\"application\/ld+json\" class=\"yoast-schema-graph\">{\"@context\":\"https:\\\/\\\/schema.org\",\"@graph\":[{\"@type\":\"WebPage\",\"@id\":\"https:\\\/\\\/nuoretjaosallisuus.fi\\\/sv\\\/kriteeri-3-vapaaehtoisuus\\\/\",\"url\":\"https:\\\/\\\/nuoretjaosallisuus.fi\\\/sv\\\/kriteeri-3-vapaaehtoisuus\\\/\",\"name\":\"Kriterium 3: Frivillighet - Ungas delaktighet\",\"isPartOf\":{\"@id\":\"https:\\\/\\\/nuoretjaosallisuus.fi\\\/#website\"},\"datePublished\":\"2021-04-09T11:46:01+00:00\",\"dateModified\":\"2022-12-27T13:36:20+00:00\",\"description\":\"Osallistuminen on vapaaehtoista ja nuorten vapaata mielipiteen ilmaisua tuetaan. Nuoria ei saa pakottaa ilmaisemaan n\u00e4kemyksi\u00e4\u00e4n, vaan osallistumisen on oltava heille vapaaehtoista.\",\"inLanguage\":\"sv-SE\",\"potentialAction\":[{\"@type\":\"ReadAction\",\"target\":[\"https:\\\/\\\/nuoretjaosallisuus.fi\\\/sv\\\/kriteeri-3-vapaaehtoisuus\\\/\"]}]},{\"@type\":\"WebSite\",\"@id\":\"https:\\\/\\\/nuoretjaosallisuus.fi\\\/#website\",\"url\":\"https:\\\/\\\/nuoretjaosallisuus.fi\\\/\",\"name\":\"Ungas delaktighet\",\"description\":\"Onnistunutta osallisuutta nuorille\",\"potentialAction\":[{\"@type\":\"SearchAction\",\"target\":{\"@type\":\"EntryPoint\",\"urlTemplate\":\"https:\\\/\\\/nuoretjaosallisuus.fi\\\/?s={search_term_string}\"},\"query-input\":{\"@type\":\"PropertyValueSpecification\",\"valueRequired\":true,\"valueName\":\"search_term_string\"}}],\"inLanguage\":\"sv-SE\"}]}<\/script>\n<!-- \/ Yoast SEO plugin. -->","yoast_head_json":{"title":"Kriterium 3: Frivillighet - Ungas delaktighet","description":"Osallistuminen on vapaaehtoista ja nuorten vapaata mielipiteen ilmaisua tuetaan. Nuoria ei saa pakottaa ilmaisemaan n\u00e4kemyksi\u00e4\u00e4n, vaan osallistumisen on oltava heille vapaaehtoista.","robots":{"index":"index","follow":"follow","max-snippet":"max-snippet:-1","max-image-preview":"max-image-preview:large","max-video-preview":"max-video-preview:-1"},"canonical":"https:\/\/nuoretjaosallisuus.fi\/sv\/kriteeri-3-vapaaehtoisuus\/","og_locale":"sv_SE","og_type":"article","og_title":"Kriterium 3: Frivillighet - Ungas delaktighet","og_description":"Osallistuminen on vapaaehtoista ja nuorten vapaata mielipiteen ilmaisua tuetaan. Nuoria ei saa pakottaa ilmaisemaan n\u00e4kemyksi\u00e4\u00e4n, vaan osallistumisen on oltava heille vapaaehtoista.","og_url":"https:\/\/nuoretjaosallisuus.fi\/sv\/kriteeri-3-vapaaehtoisuus\/","og_site_name":"Ungas delaktighet","article_modified_time":"2022-12-27T13:36:20+00:00","twitter_card":"summary_large_image","twitter_misc":{"Ber\u00e4knad l\u00e4stid":"2 minuter"},"schema":{"@context":"https:\/\/schema.org","@graph":[{"@type":"WebPage","@id":"https:\/\/nuoretjaosallisuus.fi\/sv\/kriteeri-3-vapaaehtoisuus\/","url":"https:\/\/nuoretjaosallisuus.fi\/sv\/kriteeri-3-vapaaehtoisuus\/","name":"Kriterium 3: Frivillighet - Ungas delaktighet","isPartOf":{"@id":"https:\/\/nuoretjaosallisuus.fi\/#website"},"datePublished":"2021-04-09T11:46:01+00:00","dateModified":"2022-12-27T13:36:20+00:00","description":"Osallistuminen on vapaaehtoista ja nuorten vapaata mielipiteen ilmaisua tuetaan. Nuoria ei saa pakottaa ilmaisemaan n\u00e4kemyksi\u00e4\u00e4n, vaan osallistumisen on oltava heille vapaaehtoista.","inLanguage":"sv-SE","potentialAction":[{"@type":"ReadAction","target":["https:\/\/nuoretjaosallisuus.fi\/sv\/kriteeri-3-vapaaehtoisuus\/"]}]},{"@type":"WebSite","@id":"https:\/\/nuoretjaosallisuus.fi\/#website","url":"https:\/\/nuoretjaosallisuus.fi\/","name":"Ungas delaktighet","description":"Onnistunutta osallisuutta nuorille","potentialAction":[{"@type":"SearchAction","target":{"@type":"EntryPoint","urlTemplate":"https:\/\/nuoretjaosallisuus.fi\/?s={search_term_string}"},"query-input":{"@type":"PropertyValueSpecification","valueRequired":true,"valueName":"search_term_string"}}],"inLanguage":"sv-SE"}]}},"_links":{"self":[{"href":"https:\/\/nuoretjaosallisuus.fi\/sv\/wp-json\/wp\/v2\/pages\/4441","targetHints":{"allow":["GET"]}}],"collection":[{"href":"https:\/\/nuoretjaosallisuus.fi\/sv\/wp-json\/wp\/v2\/pages"}],"about":[{"href":"https:\/\/nuoretjaosallisuus.fi\/sv\/wp-json\/wp\/v2\/types\/page"}],"author":[{"embeddable":true,"href":"https:\/\/nuoretjaosallisuus.fi\/sv\/wp-json\/wp\/v2\/users\/38"}],"replies":[{"embeddable":true,"href":"https:\/\/nuoretjaosallisuus.fi\/sv\/wp-json\/wp\/v2\/comments?post=4441"}],"version-history":[{"count":3,"href":"https:\/\/nuoretjaosallisuus.fi\/sv\/wp-json\/wp\/v2\/pages\/4441\/revisions"}],"predecessor-version":[{"id":8050,"href":"https:\/\/nuoretjaosallisuus.fi\/sv\/wp-json\/wp\/v2\/pages\/4441\/revisions\/8050"}],"wp:attachment":[{"href":"https:\/\/nuoretjaosallisuus.fi\/sv\/wp-json\/wp\/v2\/media?parent=4441"}],"curies":[{"name":"wp","href":"https:\/\/api.w.org\/{rel}","templated":true}]}}