{"id":4449,"date":"2021-04-09T14:58:01","date_gmt":"2021-04-09T11:58:01","guid":{"rendered":"https:\/\/nuoretjaosallisuus.fi\/kriteeri-5-tasa-arvoisuus-ja-yhdenvertaisuus\/"},"modified":"2022-12-27T15:42:46","modified_gmt":"2022-12-27T13:42:46","slug":"kriteeri-5-tasa-arvoisuus-ja-yhdenvertaisuus","status":"publish","type":"page","link":"https:\/\/nuoretjaosallisuus.fi\/sv\/kriteeri-5-tasa-arvoisuus-ja-yhdenvertaisuus\/","title":{"rendered":"Kriterium 5: J\u00e4mst\u00e4lldhet och likabehandling"},"content":{"rendered":"\n<h3 class=\"wp-block-heading\">Ungas deltagande sker p\u00e5 j\u00e4mst\u00e4llda och likv\u00e4rdiga grunder.<\/h3>\n\n\n\n<p>Alla ungdomar ska ha m\u00f6jlighet att delta oberoende av bakgrund eller \u00e5sikter. De ungas individuella, spr\u00e5kliga och kulturella behov, liksom tillg\u00e5ng och tillg\u00e4nglighet m\u00e5ste beaktas. S\u00e4rskilt ungdomar med funktionshinder, en m\u00e5ngkulturell bakgrund samt sexuella minoriteter och k\u00f6nsminoriteter upplever diskriminering.<\/p>\n\n\n\n<p>Det \u00e4r viktigt att st\u00f6da lika m\u00f6jligheter till deltagande b\u00e5de bland ungdomar, s\u00e5 att alla f\u00e5r sin r\u00f6st h\u00f6rd, och i f\u00f6rh\u00e5llande till \u00f6vriga kommuninv\u00e5nare, som kan ha b\u00e4ttre f\u00f6ruts\u00e4ttningar och m\u00f6jligheter att framf\u00f6ra sina \u00e5sikter och p\u00e5verka.<\/p>\n\n\n\n<p><strong>Att \u00f6verv\u00e4ga:<\/strong><\/p>\n\n\n\n<ul class=\"wp-block-list\">\n<li><em>Vi fr\u00e5gar ungdomar vilka \u00e4renden inom kommunen som \u00e4r viktiga f\u00f6r dem.<\/em><\/li>\n\n\n\n<li><em>Tj\u00e4nsterna inom min sektor \u00e4r l\u00e4ttillg\u00e4ngliga och l\u00e4tt att anv\u00e4nda f\u00f6r ungdomar med olika bakgrund.<\/em><\/li>\n\n\n\n<li><em>Jag fr\u00e5gar ungdomar om deras \u00e5sikter och \u00f6nskem\u00e5l i fr\u00e5ga om olika tj\u00e4nster.<\/em><\/li>\n\n\n\n<li><em>Jag fr\u00e5gar ungdomar om de tycker att de f\u00e5r information om tj\u00e4nster som p\u00e5verkar deras vardag.<\/em><\/li>\n\n\n\n<li><em>Jag tar med ungdomar i planeringen, utv\u00e4rderingen och utvecklingen av tj\u00e4nster som de anv\u00e4nder.<\/em><\/li>\n<\/ul>\n","protected":false},"excerpt":{"rendered":"<p>Ungas deltagande sker p\u00e5 j\u00e4mst\u00e4llda och likv\u00e4rdiga grunder. Alla ungdomar ska ha m\u00f6jlighet att delta oberoende av bakgrund eller \u00e5sikter. De ungas individuella, spr\u00e5kliga och kulturella behov, liksom tillg\u00e5ng och tillg\u00e4nglighet m\u00e5ste beaktas. S\u00e4rskilt ungdomar med funktionshinder, en m\u00e5ngkulturell bakgrund samt sexuella minoriteter och k\u00f6nsminoriteter upplever diskriminering. Det \u00e4r viktigt att st\u00f6da lika m\u00f6jligheter till &hellip; <a href=\"https:\/\/nuoretjaosallisuus.fi\/sv\/kriteeri-5-tasa-arvoisuus-ja-yhdenvertaisuus\/\" class=\"more-link\">Lue lis\u00e4\u00e4<span class=\"screen-reader-text\"> &#8221;Kriterium 5: J\u00e4mst\u00e4lldhet och likabehandling&#8221;<\/span><\/a><\/p>\n","protected":false},"author":38,"featured_media":0,"parent":0,"menu_order":0,"comment_status":"closed","ping_status":"closed","template":"","meta":{"_acf_changed":false,"_relevanssi_hide_post":"","_relevanssi_hide_content":"","_relevanssi_pin_for_all":"","_relevanssi_pin_keywords":"","_relevanssi_unpin_keywords":"","_relevanssi_related_keywords":"","_relevanssi_related_include_ids":"","_relevanssi_related_exclude_ids":"","_relevanssi_related_no_append":"","_relevanssi_related_not_related":"","_relevanssi_related_posts":"","_relevanssi_noindex_reason":"","_eb_attr":"","footnotes":""},"class_list":["post-4449","page","type-page","status-publish","hentry"],"acf":[],"yoast_head":"<!-- This site is optimized with the Yoast SEO plugin v27.4 - https:\/\/yoast.com\/product\/yoast-seo-wordpress\/ -->\n<title>Kriterium 5: J\u00e4mst\u00e4lldhet och likabehandling - Ungas delaktighet<\/title>\n<meta name=\"description\" content=\"Nuorten osallistuminen on tasa-arvoista ja yhdenvertaista. Jokaisella nuorella on oltava mahdollisuus osallistua riippumatta taustasta tai mielipiteist\u00e4.\" \/>\n<meta name=\"robots\" content=\"index, follow, max-snippet:-1, max-image-preview:large, max-video-preview:-1\" \/>\n<link rel=\"canonical\" href=\"https:\/\/nuoretjaosallisuus.fi\/sv\/kriteeri-5-tasa-arvoisuus-ja-yhdenvertaisuus\/\" \/>\n<meta property=\"og:locale\" content=\"sv_SE\" \/>\n<meta property=\"og:type\" content=\"article\" \/>\n<meta property=\"og:title\" content=\"Kriterium 5: J\u00e4mst\u00e4lldhet och likabehandling - Ungas delaktighet\" \/>\n<meta property=\"og:description\" content=\"Nuorten osallistuminen on tasa-arvoista ja yhdenvertaista. Jokaisella nuorella on oltava mahdollisuus osallistua riippumatta taustasta tai mielipiteist\u00e4.\" \/>\n<meta property=\"og:url\" content=\"https:\/\/nuoretjaosallisuus.fi\/sv\/kriteeri-5-tasa-arvoisuus-ja-yhdenvertaisuus\/\" \/>\n<meta property=\"og:site_name\" content=\"Ungas delaktighet\" \/>\n<meta property=\"article:modified_time\" content=\"2022-12-27T13:42:46+00:00\" \/>\n<meta name=\"twitter:card\" content=\"summary_large_image\" \/>\n<meta name=\"twitter:label1\" content=\"Ber\u00e4knad l\u00e4stid\" \/>\n\t<meta name=\"twitter:data1\" content=\"1 minut\" \/>\n<script type=\"application\/ld+json\" class=\"yoast-schema-graph\">{\"@context\":\"https:\\\/\\\/schema.org\",\"@graph\":[{\"@type\":\"WebPage\",\"@id\":\"https:\\\/\\\/nuoretjaosallisuus.fi\\\/sv\\\/kriteeri-5-tasa-arvoisuus-ja-yhdenvertaisuus\\\/\",\"url\":\"https:\\\/\\\/nuoretjaosallisuus.fi\\\/sv\\\/kriteeri-5-tasa-arvoisuus-ja-yhdenvertaisuus\\\/\",\"name\":\"Kriterium 5: J\u00e4mst\u00e4lldhet och likabehandling - Ungas delaktighet\",\"isPartOf\":{\"@id\":\"https:\\\/\\\/nuoretjaosallisuus.fi\\\/#website\"},\"datePublished\":\"2021-04-09T11:58:01+00:00\",\"dateModified\":\"2022-12-27T13:42:46+00:00\",\"description\":\"Nuorten osallistuminen on tasa-arvoista ja yhdenvertaista. Jokaisella nuorella on oltava mahdollisuus osallistua riippumatta taustasta tai mielipiteist\u00e4.\",\"inLanguage\":\"sv-SE\",\"potentialAction\":[{\"@type\":\"ReadAction\",\"target\":[\"https:\\\/\\\/nuoretjaosallisuus.fi\\\/sv\\\/kriteeri-5-tasa-arvoisuus-ja-yhdenvertaisuus\\\/\"]}]},{\"@type\":\"WebSite\",\"@id\":\"https:\\\/\\\/nuoretjaosallisuus.fi\\\/#website\",\"url\":\"https:\\\/\\\/nuoretjaosallisuus.fi\\\/\",\"name\":\"Ungas delaktighet\",\"description\":\"Onnistunutta osallisuutta nuorille\",\"potentialAction\":[{\"@type\":\"SearchAction\",\"target\":{\"@type\":\"EntryPoint\",\"urlTemplate\":\"https:\\\/\\\/nuoretjaosallisuus.fi\\\/?s={search_term_string}\"},\"query-input\":{\"@type\":\"PropertyValueSpecification\",\"valueRequired\":true,\"valueName\":\"search_term_string\"}}],\"inLanguage\":\"sv-SE\"}]}<\/script>\n<!-- \/ Yoast SEO plugin. -->","yoast_head_json":{"title":"Kriterium 5: J\u00e4mst\u00e4lldhet och likabehandling - Ungas delaktighet","description":"Nuorten osallistuminen on tasa-arvoista ja yhdenvertaista. Jokaisella nuorella on oltava mahdollisuus osallistua riippumatta taustasta tai mielipiteist\u00e4.","robots":{"index":"index","follow":"follow","max-snippet":"max-snippet:-1","max-image-preview":"max-image-preview:large","max-video-preview":"max-video-preview:-1"},"canonical":"https:\/\/nuoretjaosallisuus.fi\/sv\/kriteeri-5-tasa-arvoisuus-ja-yhdenvertaisuus\/","og_locale":"sv_SE","og_type":"article","og_title":"Kriterium 5: J\u00e4mst\u00e4lldhet och likabehandling - Ungas delaktighet","og_description":"Nuorten osallistuminen on tasa-arvoista ja yhdenvertaista. Jokaisella nuorella on oltava mahdollisuus osallistua riippumatta taustasta tai mielipiteist\u00e4.","og_url":"https:\/\/nuoretjaosallisuus.fi\/sv\/kriteeri-5-tasa-arvoisuus-ja-yhdenvertaisuus\/","og_site_name":"Ungas delaktighet","article_modified_time":"2022-12-27T13:42:46+00:00","twitter_card":"summary_large_image","twitter_misc":{"Ber\u00e4knad l\u00e4stid":"1 minut"},"schema":{"@context":"https:\/\/schema.org","@graph":[{"@type":"WebPage","@id":"https:\/\/nuoretjaosallisuus.fi\/sv\/kriteeri-5-tasa-arvoisuus-ja-yhdenvertaisuus\/","url":"https:\/\/nuoretjaosallisuus.fi\/sv\/kriteeri-5-tasa-arvoisuus-ja-yhdenvertaisuus\/","name":"Kriterium 5: J\u00e4mst\u00e4lldhet och likabehandling - Ungas delaktighet","isPartOf":{"@id":"https:\/\/nuoretjaosallisuus.fi\/#website"},"datePublished":"2021-04-09T11:58:01+00:00","dateModified":"2022-12-27T13:42:46+00:00","description":"Nuorten osallistuminen on tasa-arvoista ja yhdenvertaista. Jokaisella nuorella on oltava mahdollisuus osallistua riippumatta taustasta tai mielipiteist\u00e4.","inLanguage":"sv-SE","potentialAction":[{"@type":"ReadAction","target":["https:\/\/nuoretjaosallisuus.fi\/sv\/kriteeri-5-tasa-arvoisuus-ja-yhdenvertaisuus\/"]}]},{"@type":"WebSite","@id":"https:\/\/nuoretjaosallisuus.fi\/#website","url":"https:\/\/nuoretjaosallisuus.fi\/","name":"Ungas delaktighet","description":"Onnistunutta osallisuutta nuorille","potentialAction":[{"@type":"SearchAction","target":{"@type":"EntryPoint","urlTemplate":"https:\/\/nuoretjaosallisuus.fi\/?s={search_term_string}"},"query-input":{"@type":"PropertyValueSpecification","valueRequired":true,"valueName":"search_term_string"}}],"inLanguage":"sv-SE"}]}},"_links":{"self":[{"href":"https:\/\/nuoretjaosallisuus.fi\/sv\/wp-json\/wp\/v2\/pages\/4449","targetHints":{"allow":["GET"]}}],"collection":[{"href":"https:\/\/nuoretjaosallisuus.fi\/sv\/wp-json\/wp\/v2\/pages"}],"about":[{"href":"https:\/\/nuoretjaosallisuus.fi\/sv\/wp-json\/wp\/v2\/types\/page"}],"author":[{"embeddable":true,"href":"https:\/\/nuoretjaosallisuus.fi\/sv\/wp-json\/wp\/v2\/users\/38"}],"replies":[{"embeddable":true,"href":"https:\/\/nuoretjaosallisuus.fi\/sv\/wp-json\/wp\/v2\/comments?post=4449"}],"version-history":[{"count":4,"href":"https:\/\/nuoretjaosallisuus.fi\/sv\/wp-json\/wp\/v2\/pages\/4449\/revisions"}],"predecessor-version":[{"id":8052,"href":"https:\/\/nuoretjaosallisuus.fi\/sv\/wp-json\/wp\/v2\/pages\/4449\/revisions\/8052"}],"wp:attachment":[{"href":"https:\/\/nuoretjaosallisuus.fi\/sv\/wp-json\/wp\/v2\/media?parent=4449"}],"curies":[{"name":"wp","href":"https:\/\/api.w.org\/{rel}","templated":true}]}}