{"id":4453,"date":"2021-04-09T15:03:52","date_gmt":"2021-04-09T12:03:52","guid":{"rendered":"https:\/\/nuoretjaosallisuus.fi\/kriteeri-6-merkityksellisyys\/"},"modified":"2022-12-27T15:44:11","modified_gmt":"2022-12-27T13:44:11","slug":"kriteeri-6-merkityksellisyys","status":"publish","type":"page","link":"https:\/\/nuoretjaosallisuus.fi\/sv\/kriteeri-6-merkityksellisyys\/","title":{"rendered":"Kriterium 6: Betydelsefullhet"},"content":{"rendered":"\n<h3 class=\"wp-block-heading\">Ungdomar p\u00e5verkar saker och tj\u00e4nster som de upplever som betydelsefulla.<\/h3>\n\n\n\n<p>Delaktighet borde vara en verksamhetsprincip som genomsyrar alla kommunala tj\u00e4nster. Det viktiga \u00e4r att tillsammans med ungdomarna reflektera \u00f6ver vilka \u00e4renden och tj\u00e4nster som r\u00f6r unga personer, och vilka saker de vill p\u00e5verka.<\/p>\n\n\n\n<p>Till exempel kan den lokala busstrafikens tidtabeller eller leder f\u00f6r g\u00e5ng-, cykel- och mopedtrafik vara av stor betydelse f\u00f6r ungdomar, f\u00f6r att de ska kunna ta sig till skolan, hobbyn eller h\u00e4lsov\u00e5rdscentralen.<\/p>\n\n\n\n<p><strong>Att \u00f6verv\u00e4ga:<\/strong><\/p>\n\n\n\n<ul class=\"wp-block-list\">\n<li><em>Vi fr\u00e5gar ungdomar vilka \u00e4renden inom kommunen som \u00e4r viktiga f\u00f6r dem.<\/em><\/li>\n\n\n\n<li><em>Tj\u00e4nsterna inom min sektor \u00e4r l\u00e4ttillg\u00e4ngliga och l\u00e4tt att anv\u00e4nda f\u00f6r ungdomar med olika bakgrund.<\/em><\/li>\n\n\n\n<li><em>Jag fr\u00e5gar ungdomar om deras \u00e5sikter och \u00f6nskem\u00e5l i fr\u00e5ga om olika tj\u00e4nster.<\/em><\/li>\n\n\n\n<li><em>Jag fr\u00e5gar ungdomar om de tycker att de f\u00e5r information om tj\u00e4nster som p\u00e5verkar deras vardag.<\/em><\/li>\n\n\n\n<li><em>Jag tar med ungdomar i planeringen, utv\u00e4rderingen och utvecklingen av tj\u00e4nster som de anv\u00e4nder.<\/em><\/li>\n<\/ul>\n","protected":false},"excerpt":{"rendered":"<p>Ungdomar p\u00e5verkar saker och tj\u00e4nster som de upplever som betydelsefulla. Delaktighet borde vara en verksamhetsprincip som genomsyrar alla kommunala tj\u00e4nster. Det viktiga \u00e4r att tillsammans med ungdomarna reflektera \u00f6ver vilka \u00e4renden och tj\u00e4nster som r\u00f6r unga personer, och vilka saker de vill p\u00e5verka. Till exempel kan den lokala busstrafikens tidtabeller eller leder f\u00f6r g\u00e5ng-, cykel- &hellip; <a href=\"https:\/\/nuoretjaosallisuus.fi\/sv\/kriteeri-6-merkityksellisyys\/\" class=\"more-link\">Lue lis\u00e4\u00e4<span class=\"screen-reader-text\"> &#8221;Kriterium 6: Betydelsefullhet&#8221;<\/span><\/a><\/p>\n","protected":false},"author":38,"featured_media":0,"parent":0,"menu_order":0,"comment_status":"closed","ping_status":"closed","template":"","meta":{"_acf_changed":false,"_relevanssi_hide_post":"","_relevanssi_hide_content":"","_relevanssi_pin_for_all":"","_relevanssi_pin_keywords":"","_relevanssi_unpin_keywords":"","_relevanssi_related_keywords":"","_relevanssi_related_include_ids":"","_relevanssi_related_exclude_ids":"","_relevanssi_related_no_append":"","_relevanssi_related_not_related":"","_relevanssi_related_posts":"","_relevanssi_noindex_reason":"","_eb_attr":"","footnotes":""},"class_list":["post-4453","page","type-page","status-publish","hentry"],"acf":[],"yoast_head":"<!-- This site is optimized with the Yoast SEO plugin v27.4 - https:\/\/yoast.com\/product\/yoast-seo-wordpress\/ -->\n<title>Kriterium 6: Betydelsefullhet - Ungas delaktighet<\/title>\n<meta name=\"description\" content=\"Nuoret vaikuttavat asioihin ja palveluihin, jotka he kokevat merkityksellisiksi. Osallisuuden tulisi olla toimintaperiaate, joka l\u00e4p\u00e4isee kaikki kunnalliset palvelut.\" \/>\n<meta name=\"robots\" content=\"index, follow, max-snippet:-1, max-image-preview:large, max-video-preview:-1\" \/>\n<link rel=\"canonical\" href=\"https:\/\/nuoretjaosallisuus.fi\/sv\/kriteeri-6-merkityksellisyys\/\" \/>\n<meta property=\"og:locale\" content=\"sv_SE\" \/>\n<meta property=\"og:type\" content=\"article\" \/>\n<meta property=\"og:title\" content=\"Kriterium 6: Betydelsefullhet - Ungas delaktighet\" \/>\n<meta property=\"og:description\" content=\"Nuoret vaikuttavat asioihin ja palveluihin, jotka he kokevat merkityksellisiksi. Osallisuuden tulisi olla toimintaperiaate, joka l\u00e4p\u00e4isee kaikki kunnalliset palvelut.\" \/>\n<meta property=\"og:url\" content=\"https:\/\/nuoretjaosallisuus.fi\/sv\/kriteeri-6-merkityksellisyys\/\" \/>\n<meta property=\"og:site_name\" content=\"Ungas delaktighet\" \/>\n<meta property=\"article:modified_time\" content=\"2022-12-27T13:44:11+00:00\" \/>\n<meta name=\"twitter:card\" content=\"summary_large_image\" \/>\n<meta name=\"twitter:label1\" content=\"Ber\u00e4knad l\u00e4stid\" \/>\n\t<meta name=\"twitter:data1\" content=\"1 minut\" \/>\n<script type=\"application\/ld+json\" class=\"yoast-schema-graph\">{\"@context\":\"https:\\\/\\\/schema.org\",\"@graph\":[{\"@type\":\"WebPage\",\"@id\":\"https:\\\/\\\/nuoretjaosallisuus.fi\\\/sv\\\/kriteeri-6-merkityksellisyys\\\/\",\"url\":\"https:\\\/\\\/nuoretjaosallisuus.fi\\\/sv\\\/kriteeri-6-merkityksellisyys\\\/\",\"name\":\"Kriterium 6: Betydelsefullhet - Ungas delaktighet\",\"isPartOf\":{\"@id\":\"https:\\\/\\\/nuoretjaosallisuus.fi\\\/#website\"},\"datePublished\":\"2021-04-09T12:03:52+00:00\",\"dateModified\":\"2022-12-27T13:44:11+00:00\",\"description\":\"Nuoret vaikuttavat asioihin ja palveluihin, jotka he kokevat merkityksellisiksi. Osallisuuden tulisi olla toimintaperiaate, joka l\u00e4p\u00e4isee kaikki kunnalliset palvelut.\",\"inLanguage\":\"sv-SE\",\"potentialAction\":[{\"@type\":\"ReadAction\",\"target\":[\"https:\\\/\\\/nuoretjaosallisuus.fi\\\/sv\\\/kriteeri-6-merkityksellisyys\\\/\"]}]},{\"@type\":\"WebSite\",\"@id\":\"https:\\\/\\\/nuoretjaosallisuus.fi\\\/#website\",\"url\":\"https:\\\/\\\/nuoretjaosallisuus.fi\\\/\",\"name\":\"Ungas delaktighet\",\"description\":\"Onnistunutta osallisuutta nuorille\",\"potentialAction\":[{\"@type\":\"SearchAction\",\"target\":{\"@type\":\"EntryPoint\",\"urlTemplate\":\"https:\\\/\\\/nuoretjaosallisuus.fi\\\/?s={search_term_string}\"},\"query-input\":{\"@type\":\"PropertyValueSpecification\",\"valueRequired\":true,\"valueName\":\"search_term_string\"}}],\"inLanguage\":\"sv-SE\"}]}<\/script>\n<!-- \/ Yoast SEO plugin. -->","yoast_head_json":{"title":"Kriterium 6: Betydelsefullhet - Ungas delaktighet","description":"Nuoret vaikuttavat asioihin ja palveluihin, jotka he kokevat merkityksellisiksi. Osallisuuden tulisi olla toimintaperiaate, joka l\u00e4p\u00e4isee kaikki kunnalliset palvelut.","robots":{"index":"index","follow":"follow","max-snippet":"max-snippet:-1","max-image-preview":"max-image-preview:large","max-video-preview":"max-video-preview:-1"},"canonical":"https:\/\/nuoretjaosallisuus.fi\/sv\/kriteeri-6-merkityksellisyys\/","og_locale":"sv_SE","og_type":"article","og_title":"Kriterium 6: Betydelsefullhet - Ungas delaktighet","og_description":"Nuoret vaikuttavat asioihin ja palveluihin, jotka he kokevat merkityksellisiksi. Osallisuuden tulisi olla toimintaperiaate, joka l\u00e4p\u00e4isee kaikki kunnalliset palvelut.","og_url":"https:\/\/nuoretjaosallisuus.fi\/sv\/kriteeri-6-merkityksellisyys\/","og_site_name":"Ungas delaktighet","article_modified_time":"2022-12-27T13:44:11+00:00","twitter_card":"summary_large_image","twitter_misc":{"Ber\u00e4knad l\u00e4stid":"1 minut"},"schema":{"@context":"https:\/\/schema.org","@graph":[{"@type":"WebPage","@id":"https:\/\/nuoretjaosallisuus.fi\/sv\/kriteeri-6-merkityksellisyys\/","url":"https:\/\/nuoretjaosallisuus.fi\/sv\/kriteeri-6-merkityksellisyys\/","name":"Kriterium 6: Betydelsefullhet - Ungas delaktighet","isPartOf":{"@id":"https:\/\/nuoretjaosallisuus.fi\/#website"},"datePublished":"2021-04-09T12:03:52+00:00","dateModified":"2022-12-27T13:44:11+00:00","description":"Nuoret vaikuttavat asioihin ja palveluihin, jotka he kokevat merkityksellisiksi. Osallisuuden tulisi olla toimintaperiaate, joka l\u00e4p\u00e4isee kaikki kunnalliset palvelut.","inLanguage":"sv-SE","potentialAction":[{"@type":"ReadAction","target":["https:\/\/nuoretjaosallisuus.fi\/sv\/kriteeri-6-merkityksellisyys\/"]}]},{"@type":"WebSite","@id":"https:\/\/nuoretjaosallisuus.fi\/#website","url":"https:\/\/nuoretjaosallisuus.fi\/","name":"Ungas delaktighet","description":"Onnistunutta osallisuutta nuorille","potentialAction":[{"@type":"SearchAction","target":{"@type":"EntryPoint","urlTemplate":"https:\/\/nuoretjaosallisuus.fi\/?s={search_term_string}"},"query-input":{"@type":"PropertyValueSpecification","valueRequired":true,"valueName":"search_term_string"}}],"inLanguage":"sv-SE"}]}},"_links":{"self":[{"href":"https:\/\/nuoretjaosallisuus.fi\/sv\/wp-json\/wp\/v2\/pages\/4453","targetHints":{"allow":["GET"]}}],"collection":[{"href":"https:\/\/nuoretjaosallisuus.fi\/sv\/wp-json\/wp\/v2\/pages"}],"about":[{"href":"https:\/\/nuoretjaosallisuus.fi\/sv\/wp-json\/wp\/v2\/types\/page"}],"author":[{"embeddable":true,"href":"https:\/\/nuoretjaosallisuus.fi\/sv\/wp-json\/wp\/v2\/users\/38"}],"replies":[{"embeddable":true,"href":"https:\/\/nuoretjaosallisuus.fi\/sv\/wp-json\/wp\/v2\/comments?post=4453"}],"version-history":[{"count":3,"href":"https:\/\/nuoretjaosallisuus.fi\/sv\/wp-json\/wp\/v2\/pages\/4453\/revisions"}],"predecessor-version":[{"id":8053,"href":"https:\/\/nuoretjaosallisuus.fi\/sv\/wp-json\/wp\/v2\/pages\/4453\/revisions\/8053"}],"wp:attachment":[{"href":"https:\/\/nuoretjaosallisuus.fi\/sv\/wp-json\/wp\/v2\/media?parent=4453"}],"curies":[{"name":"wp","href":"https:\/\/api.w.org\/{rel}","templated":true}]}}