{"id":4462,"date":"2021-04-09T15:22:47","date_gmt":"2021-04-09T12:22:47","guid":{"rendered":"https:\/\/nuoretjaosallisuus.fi\/kriteeri-8-rakenteet\/"},"modified":"2022-12-27T15:47:42","modified_gmt":"2022-12-27T13:47:42","slug":"kriteeri-8-rakenteet","status":"publish","type":"page","link":"https:\/\/nuoretjaosallisuus.fi\/sv\/kriteeri-8-rakenteet\/","title":{"rendered":"Kriterium 8: Strukturer"},"content":{"rendered":"\n<h3 class=\"wp-block-heading\">Ungas p\u00e5verkningsgrupper \u00e4r en del av beslutsfattandet <\/h3>\n\n\n\n<p>Olika p\u00e5verkningsgrupper&nbsp;&nbsp;f\u00f6r ungdomar \u00e4r viktiga strukturer inom kommunen med tanke p\u00e5 ungas delaktighet och f\u00f6r att de ska bli h\u00f6rda. D\u00e4rf\u00f6r \u00e4r det viktigt att ta gruppernas uppgift och arbete p\u00e5 allvar. Deltagarna i dessa grupper m\u00e5ste ha en reell m\u00f6jlighet att delta i planering, beslutsfattande och utv\u00e4rdering. P\u00e5verkningsgrupperna m\u00e5ste kunna skapa verksamhet utifr\u00e5n sina egna utg\u00e5ngspunkter och v\u00e4lja vilka saker de vill ta st\u00e4llning till. <\/p>\n\n\n\n<p>Lagenliga p\u00e5verkningsgrupper \u00e4r ungdomsfullm\u00e4ktige eller motsvarande organ f\u00f6r unga samt elev- och studentk\u00e5rer, men m\u00e5nga andra typer av grupper rekommenderas ocks\u00e5 f\u00f6r att s\u00e5 m\u00e5nga ungdomar som m\u00f6jligt ska kunna delta.<\/p>\n\n\n\n<p><strong>Att \u00f6verv\u00e4ga:<\/strong><\/p>\n\n\n\n<ul class=\"wp-block-list\">\n<li><em>Vi har tillr\u00e4ckligt med strukturer och verksamhetsmodeller i v\u00e5r kommun som m\u00f6jligg\u00f6r v\u00e4xelverkan mellan ungdomar, tj\u00e4nsteinnehavare och politiker, s\u00e5 att ungdomar blir h\u00f6rda i samband med beslutsfattandet.<\/em><\/li>\n\n\n\n<li><em>Ungdomars \u00e5sikter beaktas som j\u00e4mb\u00f6rdiga med vuxnas \u00e5sikter i samband med beslutsfattandet.<\/em><\/li>\n\n\n\n<li><em>P\u00e5verkningsgrupperna f\u00f6r ungdomar \u00e4r sammansatta s\u00e5 att det \u00e4r l\u00e4tt att g\u00e5 med i verksamheten.<\/em><\/li>\n\n\n\n<li><em>Det finns tillr\u00e4ckligt med resurser&nbsp;&nbsp;f\u00f6r ungdomars p\u00e5verkningsgrupper.<\/em><\/li>\n\n\n\n<li><em>Ungdomars p\u00e5verkningsgrupper har m\u00f6jlighet att sj\u00e4lvst\u00e4ndigt planera, genomf\u00f6ra och utveckla sin verksamhet.<\/em><\/li>\n\n\n\n<li><em>Ungdomars p\u00e5verkningsgrupper har m\u00f6jlighet att delta, om de vill, i planeringen och f\u00f6rhandsbed\u00f6mningen av \u00e4renden inom kommunen.<\/em><\/li>\n\n\n\n<li><em>Ungdomarnas representanter har yttrander\u00e4tt och r\u00e4tt att n\u00e4rvara vid alla n\u00e4mnders m\u00f6ten.<\/em><\/li>\n<\/ul>\n","protected":false},"excerpt":{"rendered":"<p>Ungas p\u00e5verkningsgrupper \u00e4r en del av beslutsfattandet Olika p\u00e5verkningsgrupper&nbsp;&nbsp;f\u00f6r ungdomar \u00e4r viktiga strukturer inom kommunen med tanke p\u00e5 ungas delaktighet och f\u00f6r att de ska bli h\u00f6rda. D\u00e4rf\u00f6r \u00e4r det viktigt att ta gruppernas uppgift och arbete p\u00e5 allvar. Deltagarna i dessa grupper m\u00e5ste ha en reell m\u00f6jlighet att delta i planering, beslutsfattande och utv\u00e4rdering. &hellip; <a href=\"https:\/\/nuoretjaosallisuus.fi\/sv\/kriteeri-8-rakenteet\/\" class=\"more-link\">Lue lis\u00e4\u00e4<span class=\"screen-reader-text\"> &#8221;Kriterium 8: Strukturer&#8221;<\/span><\/a><\/p>\n","protected":false},"author":38,"featured_media":0,"parent":0,"menu_order":0,"comment_status":"closed","ping_status":"closed","template":"","meta":{"_acf_changed":false,"_relevanssi_hide_post":"","_relevanssi_hide_content":"","_relevanssi_pin_for_all":"","_relevanssi_pin_keywords":"","_relevanssi_unpin_keywords":"","_relevanssi_related_keywords":"","_relevanssi_related_include_ids":"","_relevanssi_related_exclude_ids":"","_relevanssi_related_no_append":"","_relevanssi_related_not_related":"","_relevanssi_related_posts":"","_relevanssi_noindex_reason":"","_eb_attr":"","footnotes":""},"class_list":["post-4462","page","type-page","status-publish","hentry"],"acf":[],"yoast_head":"<!-- This site is optimized with the Yoast SEO plugin v27.4 - https:\/\/yoast.com\/product\/yoast-seo-wordpress\/ -->\n<title>Kriterium 8: Strukturer - Ungas delaktighet<\/title>\n<meta name=\"description\" content=\"Nuorten vaikuttajaryhm\u00e4t ovat osa p\u00e4\u00e4t\u00f6ksentekoj\u00e4rjestelm\u00e4\u00e4. Nuorten erilaiset vaikuttajaryhm\u00e4t ovat t\u00e4rkeit\u00e4 rakenteita kunnassa nuorten kuulluksi tulemisen ja osallisuuden kannalta, ja niiden teht\u00e4v\u00e4 ja ty\u00f6 on otettava vakavasti.\" \/>\n<meta name=\"robots\" content=\"index, follow, max-snippet:-1, max-image-preview:large, max-video-preview:-1\" \/>\n<link rel=\"canonical\" href=\"https:\/\/nuoretjaosallisuus.fi\/sv\/kriteeri-8-rakenteet\/\" \/>\n<meta property=\"og:locale\" content=\"sv_SE\" \/>\n<meta property=\"og:type\" content=\"article\" \/>\n<meta property=\"og:title\" content=\"Kriterium 8: Strukturer - Ungas delaktighet\" \/>\n<meta property=\"og:description\" content=\"Nuorten vaikuttajaryhm\u00e4t ovat osa p\u00e4\u00e4t\u00f6ksentekoj\u00e4rjestelm\u00e4\u00e4. Nuorten erilaiset vaikuttajaryhm\u00e4t ovat t\u00e4rkeit\u00e4 rakenteita kunnassa nuorten kuulluksi tulemisen ja osallisuuden kannalta, ja niiden teht\u00e4v\u00e4 ja ty\u00f6 on otettava vakavasti.\" \/>\n<meta property=\"og:url\" content=\"https:\/\/nuoretjaosallisuus.fi\/sv\/kriteeri-8-rakenteet\/\" \/>\n<meta property=\"og:site_name\" content=\"Ungas delaktighet\" \/>\n<meta property=\"article:modified_time\" content=\"2022-12-27T13:47:42+00:00\" \/>\n<meta name=\"twitter:card\" content=\"summary_large_image\" \/>\n<meta name=\"twitter:label1\" content=\"Ber\u00e4knad l\u00e4stid\" \/>\n\t<meta name=\"twitter:data1\" content=\"2 minuter\" \/>\n<script type=\"application\/ld+json\" class=\"yoast-schema-graph\">{\"@context\":\"https:\\\/\\\/schema.org\",\"@graph\":[{\"@type\":\"WebPage\",\"@id\":\"https:\\\/\\\/nuoretjaosallisuus.fi\\\/sv\\\/kriteeri-8-rakenteet\\\/\",\"url\":\"https:\\\/\\\/nuoretjaosallisuus.fi\\\/sv\\\/kriteeri-8-rakenteet\\\/\",\"name\":\"Kriterium 8: Strukturer - Ungas delaktighet\",\"isPartOf\":{\"@id\":\"https:\\\/\\\/nuoretjaosallisuus.fi\\\/#website\"},\"datePublished\":\"2021-04-09T12:22:47+00:00\",\"dateModified\":\"2022-12-27T13:47:42+00:00\",\"description\":\"Nuorten vaikuttajaryhm\u00e4t ovat osa p\u00e4\u00e4t\u00f6ksentekoj\u00e4rjestelm\u00e4\u00e4. Nuorten erilaiset vaikuttajaryhm\u00e4t ovat t\u00e4rkeit\u00e4 rakenteita kunnassa nuorten kuulluksi tulemisen ja osallisuuden kannalta, ja niiden teht\u00e4v\u00e4 ja ty\u00f6 on otettava vakavasti.\",\"inLanguage\":\"sv-SE\",\"potentialAction\":[{\"@type\":\"ReadAction\",\"target\":[\"https:\\\/\\\/nuoretjaosallisuus.fi\\\/sv\\\/kriteeri-8-rakenteet\\\/\"]}]},{\"@type\":\"WebSite\",\"@id\":\"https:\\\/\\\/nuoretjaosallisuus.fi\\\/#website\",\"url\":\"https:\\\/\\\/nuoretjaosallisuus.fi\\\/\",\"name\":\"Ungas delaktighet\",\"description\":\"Onnistunutta osallisuutta nuorille\",\"potentialAction\":[{\"@type\":\"SearchAction\",\"target\":{\"@type\":\"EntryPoint\",\"urlTemplate\":\"https:\\\/\\\/nuoretjaosallisuus.fi\\\/?s={search_term_string}\"},\"query-input\":{\"@type\":\"PropertyValueSpecification\",\"valueRequired\":true,\"valueName\":\"search_term_string\"}}],\"inLanguage\":\"sv-SE\"}]}<\/script>\n<!-- \/ Yoast SEO plugin. -->","yoast_head_json":{"title":"Kriterium 8: Strukturer - Ungas delaktighet","description":"Nuorten vaikuttajaryhm\u00e4t ovat osa p\u00e4\u00e4t\u00f6ksentekoj\u00e4rjestelm\u00e4\u00e4. Nuorten erilaiset vaikuttajaryhm\u00e4t ovat t\u00e4rkeit\u00e4 rakenteita kunnassa nuorten kuulluksi tulemisen ja osallisuuden kannalta, ja niiden teht\u00e4v\u00e4 ja ty\u00f6 on otettava vakavasti.","robots":{"index":"index","follow":"follow","max-snippet":"max-snippet:-1","max-image-preview":"max-image-preview:large","max-video-preview":"max-video-preview:-1"},"canonical":"https:\/\/nuoretjaosallisuus.fi\/sv\/kriteeri-8-rakenteet\/","og_locale":"sv_SE","og_type":"article","og_title":"Kriterium 8: Strukturer - Ungas delaktighet","og_description":"Nuorten vaikuttajaryhm\u00e4t ovat osa p\u00e4\u00e4t\u00f6ksentekoj\u00e4rjestelm\u00e4\u00e4. Nuorten erilaiset vaikuttajaryhm\u00e4t ovat t\u00e4rkeit\u00e4 rakenteita kunnassa nuorten kuulluksi tulemisen ja osallisuuden kannalta, ja niiden teht\u00e4v\u00e4 ja ty\u00f6 on otettava vakavasti.","og_url":"https:\/\/nuoretjaosallisuus.fi\/sv\/kriteeri-8-rakenteet\/","og_site_name":"Ungas delaktighet","article_modified_time":"2022-12-27T13:47:42+00:00","twitter_card":"summary_large_image","twitter_misc":{"Ber\u00e4knad l\u00e4stid":"2 minuter"},"schema":{"@context":"https:\/\/schema.org","@graph":[{"@type":"WebPage","@id":"https:\/\/nuoretjaosallisuus.fi\/sv\/kriteeri-8-rakenteet\/","url":"https:\/\/nuoretjaosallisuus.fi\/sv\/kriteeri-8-rakenteet\/","name":"Kriterium 8: Strukturer - Ungas delaktighet","isPartOf":{"@id":"https:\/\/nuoretjaosallisuus.fi\/#website"},"datePublished":"2021-04-09T12:22:47+00:00","dateModified":"2022-12-27T13:47:42+00:00","description":"Nuorten vaikuttajaryhm\u00e4t ovat osa p\u00e4\u00e4t\u00f6ksentekoj\u00e4rjestelm\u00e4\u00e4. Nuorten erilaiset vaikuttajaryhm\u00e4t ovat t\u00e4rkeit\u00e4 rakenteita kunnassa nuorten kuulluksi tulemisen ja osallisuuden kannalta, ja niiden teht\u00e4v\u00e4 ja ty\u00f6 on otettava vakavasti.","inLanguage":"sv-SE","potentialAction":[{"@type":"ReadAction","target":["https:\/\/nuoretjaosallisuus.fi\/sv\/kriteeri-8-rakenteet\/"]}]},{"@type":"WebSite","@id":"https:\/\/nuoretjaosallisuus.fi\/#website","url":"https:\/\/nuoretjaosallisuus.fi\/","name":"Ungas delaktighet","description":"Onnistunutta osallisuutta nuorille","potentialAction":[{"@type":"SearchAction","target":{"@type":"EntryPoint","urlTemplate":"https:\/\/nuoretjaosallisuus.fi\/?s={search_term_string}"},"query-input":{"@type":"PropertyValueSpecification","valueRequired":true,"valueName":"search_term_string"}}],"inLanguage":"sv-SE"}]}},"_links":{"self":[{"href":"https:\/\/nuoretjaosallisuus.fi\/sv\/wp-json\/wp\/v2\/pages\/4462","targetHints":{"allow":["GET"]}}],"collection":[{"href":"https:\/\/nuoretjaosallisuus.fi\/sv\/wp-json\/wp\/v2\/pages"}],"about":[{"href":"https:\/\/nuoretjaosallisuus.fi\/sv\/wp-json\/wp\/v2\/types\/page"}],"author":[{"embeddable":true,"href":"https:\/\/nuoretjaosallisuus.fi\/sv\/wp-json\/wp\/v2\/users\/38"}],"replies":[{"embeddable":true,"href":"https:\/\/nuoretjaosallisuus.fi\/sv\/wp-json\/wp\/v2\/comments?post=4462"}],"version-history":[{"count":3,"href":"https:\/\/nuoretjaosallisuus.fi\/sv\/wp-json\/wp\/v2\/pages\/4462\/revisions"}],"predecessor-version":[{"id":8056,"href":"https:\/\/nuoretjaosallisuus.fi\/sv\/wp-json\/wp\/v2\/pages\/4462\/revisions\/8056"}],"wp:attachment":[{"href":"https:\/\/nuoretjaosallisuus.fi\/sv\/wp-json\/wp\/v2\/media?parent=4462"}],"curies":[{"name":"wp","href":"https:\/\/api.w.org\/{rel}","templated":true}]}}