{"id":4466,"date":"2021-04-09T15:26:44","date_gmt":"2021-04-09T12:26:44","guid":{"rendered":"https:\/\/nuoretjaosallisuus.fi\/kriteeri-9-kaikki-toimialat\/"},"modified":"2022-12-27T15:49:28","modified_gmt":"2022-12-27T13:49:28","slug":"kriteeri-9-kaikki-toimialat","status":"publish","type":"page","link":"https:\/\/nuoretjaosallisuus.fi\/sv\/kriteeri-9-kaikki-toimialat\/","title":{"rendered":"Kriterium 9: Alla sektorer"},"content":{"rendered":"\n<h3 class=\"wp-block-heading\">Ungas delaktighet kan st\u00e4rkas inom alla sektorer <\/h3>\n\n\n\n<p>Att fr\u00e4mja ungas delaktighet ska vara en del av arbetet inom alla sektorer och en del av de kommunanst\u00e4lldas kompentenser. Utvecklingsarbetet m\u00e5ste omfatta s\u00e5v\u00e4l verksamhetskulturen som praxis, strukturer och kommunens strategi, och genomf\u00f6ras s\u00e5 att ungdomar tas med p\u00e5 ett naturligt, regelbundet och automatiskt s\u00e4tt. <\/p>\n\n\n\n<p>Utmaningar som man kan st\u00f6ta p\u00e5 n\u00e4r man vill st\u00e4rka ungdomars deltagande \u00e4r bl.a. negativa attityder samt behovet av att utveckla och bef\u00e4sta praxis och verksamhetsmodeller som \u00e4r \u00f6ppna och interaktiva.<\/p>\n\n\n\n<p><strong>Att \u00f6verv\u00e4ga:<\/strong><\/p>\n\n\n\n<ul class=\"wp-block-list\">\n<li><em>Att fr\u00e4mja ungas delaktighet \u00e4r en del av v\u00e5r kommuns strategi, verksamhetskultur och praxis.<\/em><\/li>\n\n\n\n<li><em>Att unga deltar och p\u00e5verkar \u00e4r en del av vardagen i v\u00e5r kommun.<\/em><\/li>\n\n\n\n<li><em>N\u00e4r vi utvecklar samarbete och v\u00e4xelverkan mellan olika sektorer beaktar vi \u00e4ven hur vi kan f\u00f6rb\u00e4ttra ungas delaktighet.<\/em><\/li>\n\n\n\n<li><em>Ungdomarna utv\u00e4rderar sj\u00e4lva regelbundet hur bra de blir h\u00f6rda i v\u00e5r kommun.<\/em><\/li>\n\n\n\n<li><em>Vi drar nytta av ungdomarnas \u00e5sikter p\u00e5 ett m\u00e5ngsidigt s\u00e4tt i beslutsfattandet.<\/em><\/li>\n\n\n\n<li><em>I v\u00e5r kommun genomf\u00f6r vi systematiskt barnkonsekvensanalyser&nbsp;&nbsp;som en del av beslutsfattandet.<\/em><\/li>\n<\/ul>\n","protected":false},"excerpt":{"rendered":"<p>Ungas delaktighet kan st\u00e4rkas inom alla sektorer Att fr\u00e4mja ungas delaktighet ska vara en del av arbetet inom alla sektorer och en del av de kommunanst\u00e4lldas kompentenser. Utvecklingsarbetet m\u00e5ste omfatta s\u00e5v\u00e4l verksamhetskulturen som praxis, strukturer och kommunens strategi, och genomf\u00f6ras s\u00e5 att ungdomar tas med p\u00e5 ett naturligt, regelbundet och automatiskt s\u00e4tt. Utmaningar som man &hellip; <a href=\"https:\/\/nuoretjaosallisuus.fi\/sv\/kriteeri-9-kaikki-toimialat\/\" class=\"more-link\">Lue lis\u00e4\u00e4<span class=\"screen-reader-text\"> &#8221;Kriterium 9: Alla sektorer&#8221;<\/span><\/a><\/p>\n","protected":false},"author":38,"featured_media":0,"parent":0,"menu_order":0,"comment_status":"closed","ping_status":"closed","template":"","meta":{"_acf_changed":false,"_relevanssi_hide_post":"","_relevanssi_hide_content":"","_relevanssi_pin_for_all":"","_relevanssi_pin_keywords":"","_relevanssi_unpin_keywords":"","_relevanssi_related_keywords":"","_relevanssi_related_include_ids":"","_relevanssi_related_exclude_ids":"","_relevanssi_related_no_append":"","_relevanssi_related_not_related":"","_relevanssi_related_posts":"","_relevanssi_noindex_reason":"","_eb_attr":"","footnotes":""},"class_list":["post-4466","page","type-page","status-publish","hentry"],"acf":[],"yoast_head":"<!-- This site is optimized with the Yoast SEO plugin v27.4 - https:\/\/yoast.com\/product\/yoast-seo-wordpress\/ -->\n<title>Kriterium 9: Alla sektorer - Ungas delaktighet<\/title>\n<meta name=\"robots\" content=\"index, follow, max-snippet:-1, max-image-preview:large, max-video-preview:-1\" \/>\n<link rel=\"canonical\" href=\"https:\/\/nuoretjaosallisuus.fi\/sv\/kriteeri-9-kaikki-toimialat\/\" \/>\n<meta property=\"og:locale\" content=\"sv_SE\" \/>\n<meta property=\"og:type\" content=\"article\" \/>\n<meta property=\"og:title\" content=\"Kriterium 9: Alla sektorer - Ungas delaktighet\" \/>\n<meta property=\"og:description\" content=\"Ungas delaktighet kan st\u00e4rkas inom alla sektorer Att fr\u00e4mja ungas delaktighet ska vara en del av arbetet inom alla sektorer och en del av de kommunanst\u00e4lldas kompentenser. Utvecklingsarbetet m\u00e5ste omfatta s\u00e5v\u00e4l verksamhetskulturen som praxis, strukturer och kommunens strategi, och genomf\u00f6ras s\u00e5 att ungdomar tas med p\u00e5 ett naturligt, regelbundet och automatiskt s\u00e4tt. Utmaningar som man &hellip; Lue lis\u00e4\u00e4 &quot;Kriterium 9: Alla sektorer&quot;\" \/>\n<meta property=\"og:url\" content=\"https:\/\/nuoretjaosallisuus.fi\/sv\/kriteeri-9-kaikki-toimialat\/\" \/>\n<meta property=\"og:site_name\" content=\"Ungas delaktighet\" \/>\n<meta property=\"article:modified_time\" content=\"2022-12-27T13:49:28+00:00\" \/>\n<meta name=\"twitter:card\" content=\"summary_large_image\" \/>\n<meta name=\"twitter:label1\" content=\"Ber\u00e4knad l\u00e4stid\" \/>\n\t<meta name=\"twitter:data1\" content=\"2 minuter\" \/>\n<script type=\"application\/ld+json\" class=\"yoast-schema-graph\">{\"@context\":\"https:\\\/\\\/schema.org\",\"@graph\":[{\"@type\":\"WebPage\",\"@id\":\"https:\\\/\\\/nuoretjaosallisuus.fi\\\/sv\\\/kriteeri-9-kaikki-toimialat\\\/\",\"url\":\"https:\\\/\\\/nuoretjaosallisuus.fi\\\/sv\\\/kriteeri-9-kaikki-toimialat\\\/\",\"name\":\"Kriterium 9: Alla sektorer - Ungas delaktighet\",\"isPartOf\":{\"@id\":\"https:\\\/\\\/nuoretjaosallisuus.fi\\\/#website\"},\"datePublished\":\"2021-04-09T12:26:44+00:00\",\"dateModified\":\"2022-12-27T13:49:28+00:00\",\"inLanguage\":\"sv-SE\",\"potentialAction\":[{\"@type\":\"ReadAction\",\"target\":[\"https:\\\/\\\/nuoretjaosallisuus.fi\\\/sv\\\/kriteeri-9-kaikki-toimialat\\\/\"]}]},{\"@type\":\"WebSite\",\"@id\":\"https:\\\/\\\/nuoretjaosallisuus.fi\\\/#website\",\"url\":\"https:\\\/\\\/nuoretjaosallisuus.fi\\\/\",\"name\":\"Ungas delaktighet\",\"description\":\"Onnistunutta osallisuutta nuorille\",\"potentialAction\":[{\"@type\":\"SearchAction\",\"target\":{\"@type\":\"EntryPoint\",\"urlTemplate\":\"https:\\\/\\\/nuoretjaosallisuus.fi\\\/?s={search_term_string}\"},\"query-input\":{\"@type\":\"PropertyValueSpecification\",\"valueRequired\":true,\"valueName\":\"search_term_string\"}}],\"inLanguage\":\"sv-SE\"}]}<\/script>\n<!-- \/ Yoast SEO plugin. -->","yoast_head_json":{"title":"Kriterium 9: Alla sektorer - Ungas delaktighet","robots":{"index":"index","follow":"follow","max-snippet":"max-snippet:-1","max-image-preview":"max-image-preview:large","max-video-preview":"max-video-preview:-1"},"canonical":"https:\/\/nuoretjaosallisuus.fi\/sv\/kriteeri-9-kaikki-toimialat\/","og_locale":"sv_SE","og_type":"article","og_title":"Kriterium 9: Alla sektorer - Ungas delaktighet","og_description":"Ungas delaktighet kan st\u00e4rkas inom alla sektorer Att fr\u00e4mja ungas delaktighet ska vara en del av arbetet inom alla sektorer och en del av de kommunanst\u00e4lldas kompentenser. Utvecklingsarbetet m\u00e5ste omfatta s\u00e5v\u00e4l verksamhetskulturen som praxis, strukturer och kommunens strategi, och genomf\u00f6ras s\u00e5 att ungdomar tas med p\u00e5 ett naturligt, regelbundet och automatiskt s\u00e4tt. Utmaningar som man &hellip; Lue lis\u00e4\u00e4 \"Kriterium 9: Alla sektorer\"","og_url":"https:\/\/nuoretjaosallisuus.fi\/sv\/kriteeri-9-kaikki-toimialat\/","og_site_name":"Ungas delaktighet","article_modified_time":"2022-12-27T13:49:28+00:00","twitter_card":"summary_large_image","twitter_misc":{"Ber\u00e4knad l\u00e4stid":"2 minuter"},"schema":{"@context":"https:\/\/schema.org","@graph":[{"@type":"WebPage","@id":"https:\/\/nuoretjaosallisuus.fi\/sv\/kriteeri-9-kaikki-toimialat\/","url":"https:\/\/nuoretjaosallisuus.fi\/sv\/kriteeri-9-kaikki-toimialat\/","name":"Kriterium 9: Alla sektorer - Ungas delaktighet","isPartOf":{"@id":"https:\/\/nuoretjaosallisuus.fi\/#website"},"datePublished":"2021-04-09T12:26:44+00:00","dateModified":"2022-12-27T13:49:28+00:00","inLanguage":"sv-SE","potentialAction":[{"@type":"ReadAction","target":["https:\/\/nuoretjaosallisuus.fi\/sv\/kriteeri-9-kaikki-toimialat\/"]}]},{"@type":"WebSite","@id":"https:\/\/nuoretjaosallisuus.fi\/#website","url":"https:\/\/nuoretjaosallisuus.fi\/","name":"Ungas delaktighet","description":"Onnistunutta osallisuutta nuorille","potentialAction":[{"@type":"SearchAction","target":{"@type":"EntryPoint","urlTemplate":"https:\/\/nuoretjaosallisuus.fi\/?s={search_term_string}"},"query-input":{"@type":"PropertyValueSpecification","valueRequired":true,"valueName":"search_term_string"}}],"inLanguage":"sv-SE"}]}},"_links":{"self":[{"href":"https:\/\/nuoretjaosallisuus.fi\/sv\/wp-json\/wp\/v2\/pages\/4466","targetHints":{"allow":["GET"]}}],"collection":[{"href":"https:\/\/nuoretjaosallisuus.fi\/sv\/wp-json\/wp\/v2\/pages"}],"about":[{"href":"https:\/\/nuoretjaosallisuus.fi\/sv\/wp-json\/wp\/v2\/types\/page"}],"author":[{"embeddable":true,"href":"https:\/\/nuoretjaosallisuus.fi\/sv\/wp-json\/wp\/v2\/users\/38"}],"replies":[{"embeddable":true,"href":"https:\/\/nuoretjaosallisuus.fi\/sv\/wp-json\/wp\/v2\/comments?post=4466"}],"version-history":[{"count":3,"href":"https:\/\/nuoretjaosallisuus.fi\/sv\/wp-json\/wp\/v2\/pages\/4466\/revisions"}],"predecessor-version":[{"id":8057,"href":"https:\/\/nuoretjaosallisuus.fi\/sv\/wp-json\/wp\/v2\/pages\/4466\/revisions\/8057"}],"wp:attachment":[{"href":"https:\/\/nuoretjaosallisuus.fi\/sv\/wp-json\/wp\/v2\/media?parent=4466"}],"curies":[{"name":"wp","href":"https:\/\/api.w.org\/{rel}","templated":true}]}}