{"id":4482,"date":"2021-04-09T15:33:15","date_gmt":"2021-04-09T12:33:15","guid":{"rendered":"https:\/\/nuoretjaosallisuus.fi\/kriteeri-11-osaaminen\/"},"modified":"2022-12-27T15:51:51","modified_gmt":"2022-12-27T13:51:51","slug":"kriteeri-11-osaaminen","status":"publish","type":"page","link":"https:\/\/nuoretjaosallisuus.fi\/sv\/kriteeri-11-osaaminen\/","title":{"rendered":"Kriterium 11: Kunskaper"},"content":{"rendered":"\n<h3 class=\"wp-block-heading\"><strong>Tj\u00e4nsteinnehavare och anst\u00e4llda inom kommunen f\u00e5r utbildning om ungas delaktighet<\/strong>.<\/h3>\n\n\n\n<p>F\u00f6r att ungas delaktighet ska realiseras kr\u00e4vs kompetenser av kommunens medarbetare. De m\u00e5ste ha kunskaper om b\u00e5de barncentrerat arbete och delaktighet i allm\u00e4nhet. S\u00e5dana kompetenser f\u00f6ds inte av sig sj\u00e4lv, utan det f\u00f6ruts\u00e4tter introduktion och utbildning f\u00f6r kommunanst\u00e4llda.<\/p>\n\n\n\n<p><strong>Att \u00f6verv\u00e4ga:<\/strong><\/p>\n\n\n\n<ul class=\"wp-block-list\">\n<li><em>Jag har tillr\u00e4ckligt med kunskaper och f\u00e4rdigheter f\u00f6r att fr\u00e4mja ungas delaktighet i mitt arbete.<\/em><\/li>\n\n\n\n<li><em>Jag har m\u00f6jlighet att delta i utbildning om ungas delaktighet.<\/em><\/li>\n\n\n\n<li><em>Jag delar med mig av det jag l\u00e4rt mig om ungas delaktighet och god praxis med mina kolleger.<\/em><\/li>\n\n\n\n<li><em>I v\u00e5r kommun finns en ansvarig akt\u00f6r som jag kan be om r\u00e5d och st\u00f6d av i fr\u00e5ga om ungas delaktighet.<\/em><\/li>\n\n\n\n<li><em>V\u00e5r kommun producerar tillr\u00e4ckligt med information i anknytning till ungdomar som st\u00f6d f\u00f6r beslutsfattandet.<\/em><\/li>\n<\/ul>\n","protected":false},"excerpt":{"rendered":"<p>Tj\u00e4nsteinnehavare och anst\u00e4llda inom kommunen f\u00e5r utbildning om ungas delaktighet. F\u00f6r att ungas delaktighet ska realiseras kr\u00e4vs kompetenser av kommunens medarbetare. De m\u00e5ste ha kunskaper om b\u00e5de barncentrerat arbete och delaktighet i allm\u00e4nhet. S\u00e5dana kompetenser f\u00f6ds inte av sig sj\u00e4lv, utan det f\u00f6ruts\u00e4tter introduktion och utbildning f\u00f6r kommunanst\u00e4llda. Att \u00f6verv\u00e4ga:<\/p>\n","protected":false},"author":38,"featured_media":0,"parent":0,"menu_order":0,"comment_status":"closed","ping_status":"closed","template":"","meta":{"_acf_changed":false,"_relevanssi_hide_post":"","_relevanssi_hide_content":"","_relevanssi_pin_for_all":"","_relevanssi_pin_keywords":"","_relevanssi_unpin_keywords":"","_relevanssi_related_keywords":"","_relevanssi_related_include_ids":"","_relevanssi_related_exclude_ids":"","_relevanssi_related_no_append":"","_relevanssi_related_not_related":"","_relevanssi_related_posts":"","_relevanssi_noindex_reason":"","_eb_attr":"","footnotes":""},"class_list":["post-4482","page","type-page","status-publish","hentry"],"acf":[],"yoast_head":"<!-- This site is optimized with the Yoast SEO plugin v27.4 - https:\/\/yoast.com\/product\/yoast-seo-wordpress\/ -->\n<title>Kriterium 11: Kunskaper - Ungas delaktighet<\/title>\n<meta name=\"description\" content=\"Viranhaltijat ja ty\u00f6ntekij\u00e4t saavat koulutusta nuorten osallisuudesta. Toteutuakseen nuorten osallisuus vaatii osaamista kunnan viranhaltijoilta ja ty\u00f6ntekij\u00f6ilt\u00e4.\" \/>\n<meta name=\"robots\" content=\"index, follow, max-snippet:-1, max-image-preview:large, max-video-preview:-1\" \/>\n<link rel=\"canonical\" href=\"https:\/\/nuoretjaosallisuus.fi\/sv\/kriteeri-11-osaaminen\/\" \/>\n<meta property=\"og:locale\" content=\"sv_SE\" \/>\n<meta property=\"og:type\" content=\"article\" \/>\n<meta property=\"og:title\" content=\"Kriterium 11: Kunskaper - Ungas delaktighet\" \/>\n<meta property=\"og:description\" content=\"Viranhaltijat ja ty\u00f6ntekij\u00e4t saavat koulutusta nuorten osallisuudesta. Toteutuakseen nuorten osallisuus vaatii osaamista kunnan viranhaltijoilta ja ty\u00f6ntekij\u00f6ilt\u00e4.\" \/>\n<meta property=\"og:url\" content=\"https:\/\/nuoretjaosallisuus.fi\/sv\/kriteeri-11-osaaminen\/\" \/>\n<meta property=\"og:site_name\" content=\"Ungas delaktighet\" \/>\n<meta property=\"article:modified_time\" content=\"2022-12-27T13:51:51+00:00\" \/>\n<meta name=\"twitter:card\" content=\"summary_large_image\" \/>\n<meta name=\"twitter:label1\" content=\"Ber\u00e4knad l\u00e4stid\" \/>\n\t<meta name=\"twitter:data1\" content=\"1 minut\" \/>\n<script type=\"application\/ld+json\" class=\"yoast-schema-graph\">{\"@context\":\"https:\\\/\\\/schema.org\",\"@graph\":[{\"@type\":\"WebPage\",\"@id\":\"https:\\\/\\\/nuoretjaosallisuus.fi\\\/sv\\\/kriteeri-11-osaaminen\\\/\",\"url\":\"https:\\\/\\\/nuoretjaosallisuus.fi\\\/sv\\\/kriteeri-11-osaaminen\\\/\",\"name\":\"Kriterium 11: Kunskaper - Ungas delaktighet\",\"isPartOf\":{\"@id\":\"https:\\\/\\\/nuoretjaosallisuus.fi\\\/#website\"},\"datePublished\":\"2021-04-09T12:33:15+00:00\",\"dateModified\":\"2022-12-27T13:51:51+00:00\",\"description\":\"Viranhaltijat ja ty\u00f6ntekij\u00e4t saavat koulutusta nuorten osallisuudesta. Toteutuakseen nuorten osallisuus vaatii osaamista kunnan viranhaltijoilta ja ty\u00f6ntekij\u00f6ilt\u00e4.\",\"inLanguage\":\"sv-SE\",\"potentialAction\":[{\"@type\":\"ReadAction\",\"target\":[\"https:\\\/\\\/nuoretjaosallisuus.fi\\\/sv\\\/kriteeri-11-osaaminen\\\/\"]}]},{\"@type\":\"WebSite\",\"@id\":\"https:\\\/\\\/nuoretjaosallisuus.fi\\\/#website\",\"url\":\"https:\\\/\\\/nuoretjaosallisuus.fi\\\/\",\"name\":\"Ungas delaktighet\",\"description\":\"Onnistunutta osallisuutta nuorille\",\"potentialAction\":[{\"@type\":\"SearchAction\",\"target\":{\"@type\":\"EntryPoint\",\"urlTemplate\":\"https:\\\/\\\/nuoretjaosallisuus.fi\\\/?s={search_term_string}\"},\"query-input\":{\"@type\":\"PropertyValueSpecification\",\"valueRequired\":true,\"valueName\":\"search_term_string\"}}],\"inLanguage\":\"sv-SE\"}]}<\/script>\n<!-- \/ Yoast SEO plugin. -->","yoast_head_json":{"title":"Kriterium 11: Kunskaper - Ungas delaktighet","description":"Viranhaltijat ja ty\u00f6ntekij\u00e4t saavat koulutusta nuorten osallisuudesta. Toteutuakseen nuorten osallisuus vaatii osaamista kunnan viranhaltijoilta ja ty\u00f6ntekij\u00f6ilt\u00e4.","robots":{"index":"index","follow":"follow","max-snippet":"max-snippet:-1","max-image-preview":"max-image-preview:large","max-video-preview":"max-video-preview:-1"},"canonical":"https:\/\/nuoretjaosallisuus.fi\/sv\/kriteeri-11-osaaminen\/","og_locale":"sv_SE","og_type":"article","og_title":"Kriterium 11: Kunskaper - Ungas delaktighet","og_description":"Viranhaltijat ja ty\u00f6ntekij\u00e4t saavat koulutusta nuorten osallisuudesta. Toteutuakseen nuorten osallisuus vaatii osaamista kunnan viranhaltijoilta ja ty\u00f6ntekij\u00f6ilt\u00e4.","og_url":"https:\/\/nuoretjaosallisuus.fi\/sv\/kriteeri-11-osaaminen\/","og_site_name":"Ungas delaktighet","article_modified_time":"2022-12-27T13:51:51+00:00","twitter_card":"summary_large_image","twitter_misc":{"Ber\u00e4knad l\u00e4stid":"1 minut"},"schema":{"@context":"https:\/\/schema.org","@graph":[{"@type":"WebPage","@id":"https:\/\/nuoretjaosallisuus.fi\/sv\/kriteeri-11-osaaminen\/","url":"https:\/\/nuoretjaosallisuus.fi\/sv\/kriteeri-11-osaaminen\/","name":"Kriterium 11: Kunskaper - Ungas delaktighet","isPartOf":{"@id":"https:\/\/nuoretjaosallisuus.fi\/#website"},"datePublished":"2021-04-09T12:33:15+00:00","dateModified":"2022-12-27T13:51:51+00:00","description":"Viranhaltijat ja ty\u00f6ntekij\u00e4t saavat koulutusta nuorten osallisuudesta. Toteutuakseen nuorten osallisuus vaatii osaamista kunnan viranhaltijoilta ja ty\u00f6ntekij\u00f6ilt\u00e4.","inLanguage":"sv-SE","potentialAction":[{"@type":"ReadAction","target":["https:\/\/nuoretjaosallisuus.fi\/sv\/kriteeri-11-osaaminen\/"]}]},{"@type":"WebSite","@id":"https:\/\/nuoretjaosallisuus.fi\/#website","url":"https:\/\/nuoretjaosallisuus.fi\/","name":"Ungas delaktighet","description":"Onnistunutta osallisuutta nuorille","potentialAction":[{"@type":"SearchAction","target":{"@type":"EntryPoint","urlTemplate":"https:\/\/nuoretjaosallisuus.fi\/?s={search_term_string}"},"query-input":{"@type":"PropertyValueSpecification","valueRequired":true,"valueName":"search_term_string"}}],"inLanguage":"sv-SE"}]}},"_links":{"self":[{"href":"https:\/\/nuoretjaosallisuus.fi\/sv\/wp-json\/wp\/v2\/pages\/4482","targetHints":{"allow":["GET"]}}],"collection":[{"href":"https:\/\/nuoretjaosallisuus.fi\/sv\/wp-json\/wp\/v2\/pages"}],"about":[{"href":"https:\/\/nuoretjaosallisuus.fi\/sv\/wp-json\/wp\/v2\/types\/page"}],"author":[{"embeddable":true,"href":"https:\/\/nuoretjaosallisuus.fi\/sv\/wp-json\/wp\/v2\/users\/38"}],"replies":[{"embeddable":true,"href":"https:\/\/nuoretjaosallisuus.fi\/sv\/wp-json\/wp\/v2\/comments?post=4482"}],"version-history":[{"count":3,"href":"https:\/\/nuoretjaosallisuus.fi\/sv\/wp-json\/wp\/v2\/pages\/4482\/revisions"}],"predecessor-version":[{"id":8059,"href":"https:\/\/nuoretjaosallisuus.fi\/sv\/wp-json\/wp\/v2\/pages\/4482\/revisions\/8059"}],"wp:attachment":[{"href":"https:\/\/nuoretjaosallisuus.fi\/sv\/wp-json\/wp\/v2\/media?parent=4482"}],"curies":[{"name":"wp","href":"https:\/\/api.w.org\/{rel}","templated":true}]}}