{"id":464,"date":"2019-06-03T11:20:31","date_gmt":"2019-06-03T08:20:31","guid":{"rendered":"https:\/\/nuoretjaosallisuus.fi\/etusivu\/"},"modified":"2025-06-18T12:54:46","modified_gmt":"2025-06-18T09:54:46","slug":"framsida","status":"publish","type":"page","link":"https:\/\/nuoretjaosallisuus.fi\/sv\/","title":{"rendered":"Framsida"},"content":{"rendered":"","protected":false},"excerpt":{"rendered":"","protected":false},"author":38,"featured_media":0,"parent":0,"menu_order":0,"comment_status":"closed","ping_status":"closed","template":"page-templates\/front-page.php","meta":{"_acf_changed":false,"_relevanssi_hide_post":"","_relevanssi_hide_content":"","_relevanssi_pin_for_all":"","_relevanssi_pin_keywords":"","_relevanssi_unpin_keywords":"","_relevanssi_related_keywords":"","_relevanssi_related_include_ids":"","_relevanssi_related_exclude_ids":"","_relevanssi_related_no_append":"","_relevanssi_related_not_related":"","_relevanssi_related_posts":"6872,9005,9296,7838,9397,8622","_relevanssi_noindex_reason":"","_eb_attr":"","footnotes":""},"class_list":["post-464","page","type-page","status-publish","hentry"],"acf":[],"yoast_head":"<!-- This site is optimized with the Yoast SEO plugin v27.4 - https:\/\/yoast.com\/product\/yoast-seo-wordpress\/ -->\n<title>Framsida - Ungas delaktighet<\/title>\n<meta name=\"description\" content=\"Vi har tagit fram kvalitetskriterier som har f\u00f6r avsikt att st\u00e4rka, utv\u00e4rdera och utveckla ungas delaktighet i kommunal verksamhet. Kvalitetskriterierna kan anv\u00e4ndas som diskussionsunderlag av tj\u00e4nsteinnehavare och anst\u00e4llda inom kommuner.\" \/>\n<meta name=\"robots\" content=\"index, follow, max-snippet:-1, max-image-preview:large, max-video-preview:-1\" \/>\n<link rel=\"canonical\" href=\"https:\/\/nuoretjaosallisuus.fi\/sv\/\" \/>\n<meta property=\"og:locale\" content=\"sv_SE\" \/>\n<meta property=\"og:type\" content=\"article\" \/>\n<meta property=\"og:title\" content=\"Framsida - Ungas delaktighet\" \/>\n<meta property=\"og:description\" content=\"Vi har tagit fram kvalitetskriterier som har f\u00f6r avsikt att st\u00e4rka, utv\u00e4rdera och utveckla ungas delaktighet i kommunal verksamhet. Kvalitetskriterierna kan anv\u00e4ndas som diskussionsunderlag av tj\u00e4nsteinnehavare och anst\u00e4llda inom kommuner.\" \/>\n<meta property=\"og:url\" content=\"https:\/\/nuoretjaosallisuus.fi\/sv\/\" \/>\n<meta property=\"og:site_name\" content=\"Ungas delaktighet\" \/>\n<meta property=\"article:modified_time\" content=\"2025-06-18T09:54:46+00:00\" \/>\n<meta property=\"og:image\" content=\"https:\/\/nuoretjaosallisuus.fi\/wp-content\/uploads\/2021\/04\/N\u00e4ytt\u00f6kuva-2021-4-26-kello-13.03.53.png\" \/>\n<meta name=\"twitter:card\" content=\"summary_large_image\" \/>\n<meta name=\"twitter:image\" content=\"https:\/\/nuoretjaosallisuus.fi\/wp-content\/uploads\/2021\/04\/N\u00e4ytt\u00f6kuva-2021-4-26-kello-13.03.53.png\" \/>\n<script type=\"application\/ld+json\" class=\"yoast-schema-graph\">{\"@context\":\"https:\\\/\\\/schema.org\",\"@graph\":[{\"@type\":\"WebPage\",\"@id\":\"https:\\\/\\\/nuoretjaosallisuus.fi\\\/sv\\\/\",\"url\":\"https:\\\/\\\/nuoretjaosallisuus.fi\\\/sv\\\/\",\"name\":\"Framsida - Ungas delaktighet\",\"isPartOf\":{\"@id\":\"https:\\\/\\\/nuoretjaosallisuus.fi\\\/#website\"},\"datePublished\":\"2019-06-03T08:20:31+00:00\",\"dateModified\":\"2025-06-18T09:54:46+00:00\",\"description\":\"Vi har tagit fram kvalitetskriterier som har f\u00f6r avsikt att st\u00e4rka, utv\u00e4rdera och utveckla ungas delaktighet i kommunal verksamhet. Kvalitetskriterierna kan anv\u00e4ndas som diskussionsunderlag av tj\u00e4nsteinnehavare och anst\u00e4llda inom kommuner.\",\"inLanguage\":\"sv-SE\",\"potentialAction\":[{\"@type\":\"ReadAction\",\"target\":[\"https:\\\/\\\/nuoretjaosallisuus.fi\\\/sv\\\/\"]}]},{\"@type\":\"WebSite\",\"@id\":\"https:\\\/\\\/nuoretjaosallisuus.fi\\\/#website\",\"url\":\"https:\\\/\\\/nuoretjaosallisuus.fi\\\/\",\"name\":\"Ungas delaktighet\",\"description\":\"Onnistunutta osallisuutta nuorille\",\"potentialAction\":[{\"@type\":\"SearchAction\",\"target\":{\"@type\":\"EntryPoint\",\"urlTemplate\":\"https:\\\/\\\/nuoretjaosallisuus.fi\\\/?s={search_term_string}\"},\"query-input\":{\"@type\":\"PropertyValueSpecification\",\"valueRequired\":true,\"valueName\":\"search_term_string\"}}],\"inLanguage\":\"sv-SE\"}]}<\/script>\n<!-- \/ Yoast SEO plugin. -->","yoast_head_json":{"title":"Framsida - Ungas delaktighet","description":"Vi har tagit fram kvalitetskriterier som har f\u00f6r avsikt att st\u00e4rka, utv\u00e4rdera och utveckla ungas delaktighet i kommunal verksamhet. Kvalitetskriterierna kan anv\u00e4ndas som diskussionsunderlag av tj\u00e4nsteinnehavare och anst\u00e4llda inom kommuner.","robots":{"index":"index","follow":"follow","max-snippet":"max-snippet:-1","max-image-preview":"max-image-preview:large","max-video-preview":"max-video-preview:-1"},"canonical":"https:\/\/nuoretjaosallisuus.fi\/sv\/","og_locale":"sv_SE","og_type":"article","og_title":"Framsida - Ungas delaktighet","og_description":"Vi har tagit fram kvalitetskriterier som har f\u00f6r avsikt att st\u00e4rka, utv\u00e4rdera och utveckla ungas delaktighet i kommunal verksamhet. Kvalitetskriterierna kan anv\u00e4ndas som diskussionsunderlag av tj\u00e4nsteinnehavare och anst\u00e4llda inom kommuner.","og_url":"https:\/\/nuoretjaosallisuus.fi\/sv\/","og_site_name":"Ungas delaktighet","article_modified_time":"2025-06-18T09:54:46+00:00","og_image":[{"url":"https:\/\/nuoretjaosallisuus.fi\/wp-content\/uploads\/2021\/04\/N\u00e4ytt\u00f6kuva-2021-4-26-kello-13.03.53.png","type":"","width":"","height":""}],"twitter_card":"summary_large_image","twitter_image":"https:\/\/nuoretjaosallisuus.fi\/wp-content\/uploads\/2021\/04\/N\u00e4ytt\u00f6kuva-2021-4-26-kello-13.03.53.png","schema":{"@context":"https:\/\/schema.org","@graph":[{"@type":"WebPage","@id":"https:\/\/nuoretjaosallisuus.fi\/sv\/","url":"https:\/\/nuoretjaosallisuus.fi\/sv\/","name":"Framsida - Ungas delaktighet","isPartOf":{"@id":"https:\/\/nuoretjaosallisuus.fi\/#website"},"datePublished":"2019-06-03T08:20:31+00:00","dateModified":"2025-06-18T09:54:46+00:00","description":"Vi har tagit fram kvalitetskriterier som har f\u00f6r avsikt att st\u00e4rka, utv\u00e4rdera och utveckla ungas delaktighet i kommunal verksamhet. Kvalitetskriterierna kan anv\u00e4ndas som diskussionsunderlag av tj\u00e4nsteinnehavare och anst\u00e4llda inom kommuner.","inLanguage":"sv-SE","potentialAction":[{"@type":"ReadAction","target":["https:\/\/nuoretjaosallisuus.fi\/sv\/"]}]},{"@type":"WebSite","@id":"https:\/\/nuoretjaosallisuus.fi\/#website","url":"https:\/\/nuoretjaosallisuus.fi\/","name":"Ungas delaktighet","description":"Onnistunutta osallisuutta nuorille","potentialAction":[{"@type":"SearchAction","target":{"@type":"EntryPoint","urlTemplate":"https:\/\/nuoretjaosallisuus.fi\/?s={search_term_string}"},"query-input":{"@type":"PropertyValueSpecification","valueRequired":true,"valueName":"search_term_string"}}],"inLanguage":"sv-SE"}]}},"_links":{"self":[{"href":"https:\/\/nuoretjaosallisuus.fi\/sv\/wp-json\/wp\/v2\/pages\/464","targetHints":{"allow":["GET"]}}],"collection":[{"href":"https:\/\/nuoretjaosallisuus.fi\/sv\/wp-json\/wp\/v2\/pages"}],"about":[{"href":"https:\/\/nuoretjaosallisuus.fi\/sv\/wp-json\/wp\/v2\/types\/page"}],"author":[{"embeddable":true,"href":"https:\/\/nuoretjaosallisuus.fi\/sv\/wp-json\/wp\/v2\/users\/38"}],"replies":[{"embeddable":true,"href":"https:\/\/nuoretjaosallisuus.fi\/sv\/wp-json\/wp\/v2\/comments?post=464"}],"version-history":[{"count":15,"href":"https:\/\/nuoretjaosallisuus.fi\/sv\/wp-json\/wp\/v2\/pages\/464\/revisions"}],"predecessor-version":[{"id":10948,"href":"https:\/\/nuoretjaosallisuus.fi\/sv\/wp-json\/wp\/v2\/pages\/464\/revisions\/10948"}],"wp:attachment":[{"href":"https:\/\/nuoretjaosallisuus.fi\/sv\/wp-json\/wp\/v2\/media?parent=464"}],"curies":[{"name":"wp","href":"https:\/\/api.w.org\/{rel}","templated":true}]}}