{"id":482,"date":"2019-06-17T14:46:52","date_gmt":"2019-06-17T11:46:52","guid":{"rendered":"https:\/\/nuoretjaosallisuus.fi\/tee-itsearviointi\/"},"modified":"2022-08-02T15:38:18","modified_gmt":"2022-08-02T12:38:18","slug":"gor-sjalvutvardering","status":"publish","type":"page","link":"https:\/\/nuoretjaosallisuus.fi\/sv\/gor-sjalvutvardering\/","title":{"rendered":"Sj\u00e4lvutv\u00e4rderingsverktyget NOSTE"},"content":{"rendered":"\n<h1 class=\"wp-block-heading\">V\u00e4lkommen att delta i utv\u00e4rderingen! <\/h1>\n\n\n\n<p class=\"has-medium-font-size\">Denna sj\u00e4lvutv\u00e4rdering \u00e5sk\u00e5dligg\u00f6r hur du beaktar ungdomars delaktighet i ditt arbete. Med hj\u00e4lp av verktyget kan du ocks\u00e5 fundera \u00f6ver hur ungas delaktighet realiseras i din kommun. Sj\u00e4lvutv\u00e4rderingens syfte \u00e4r att utveckla hur du beaktar ungas delaktighet i ditt arbete, inom din sektor och i hela kommunens verksamhet. <\/p>\n\n\n\n<p>Sj\u00e4lvutv\u00e4rderingen&nbsp;besvaras&nbsp;anonymt.&nbsp;L\u00e4s v\u00e5r <a href=\"https:\/\/nuoretjaosallisuus.fi\/sv\/dataskyddsbeskrivning\/\">dataskyddsbeskrivning<\/a>.&nbsp;<\/p>\n\n\n<div class=\"self-valuation-test-summary\">            <div class=\"summary-section card status-not-started border-transparent\">\n                <i class=\"icon fal fa-ballot-check\"><\/i>\n                <h2>Ungdomars upplevelser av delaktighet<\/h2>                                \n                <svg class=\"divider\" version=\"1.1\" xmlns=\"http:\/\/www.w3.org\/2000\/svg\" xmlns:xlink=\"http:\/\/www.w3.org\/1999\/xlink\" x=\"0px\" y=\"0px\" viewBox=\"0 0 50 4\" xml:space=\"preserve\">\n                <line x1=\"3\" y1=\"2\"  x2=\"47\" y2=\"2\" class=\"top\" \/>\n                <\/svg>\n                <p class=\"description\">Grupp I<\/p><div class=\"progress\"><strong>Besvarad : 0\/12<\/strong><\/div><a href=\"https:\/\/nuoretjaosallisuus.fi\/sv\/i-ungdomars-upplevelser-av-delaktighet\/\" class=\"button\">B\u00f6rja <i class=\"fal fa-angle-double-right\"><\/i><\/a><a href=\"https:\/\/nuoretjaosallisuus.fi\/sv\/helhet-i\/\" class=\"secondary-link\">St\u00f6d<\/a><\/div>            <div class=\"summary-section card status-not-started border-transparent\">\n                <i class=\"icon fal fa-handshake-alt\"><\/i>\n                <h2>Ungdomar som samh\u00e4llsresurs<\/h2>                                \n                <svg class=\"divider\" version=\"1.1\" xmlns=\"http:\/\/www.w3.org\/2000\/svg\" xmlns:xlink=\"http:\/\/www.w3.org\/1999\/xlink\" x=\"0px\" y=\"0px\" viewBox=\"0 0 50 4\" xml:space=\"preserve\">\n                <line x1=\"3\" y1=\"2\"  x2=\"47\" y2=\"2\" class=\"top\" \/>\n                <\/svg>\n                <p class=\"description\">Grupp II<\/p><div class=\"progress\"><strong>Besvarad : 0\/12<\/strong><\/div><a href=\"https:\/\/nuoretjaosallisuus.fi\/sv\/ii-ungdomar-som-samhallsresurs\/\" class=\"button\">B\u00f6rja <i class=\"fal fa-angle-double-right\"><\/i><\/a><a href=\"https:\/\/nuoretjaosallisuus.fi\/sv\/helhet_ii\/\" class=\"secondary-link\">St\u00f6d<\/a><\/div>            <div class=\"summary-section card status-not-started border-transparent\">\n                <i class=\"icon fal fa-comment-smile\"><\/i>\n                <h2>Ungdomars m\u00f6jligheter att p\u00e5verka<\/h2>                                \n                <svg class=\"divider\" version=\"1.1\" xmlns=\"http:\/\/www.w3.org\/2000\/svg\" xmlns:xlink=\"http:\/\/www.w3.org\/1999\/xlink\" x=\"0px\" y=\"0px\" viewBox=\"0 0 50 4\" xml:space=\"preserve\">\n                <line x1=\"3\" y1=\"2\"  x2=\"47\" y2=\"2\" class=\"top\" \/>\n                <\/svg>\n                <p class=\"description\">Grupp III<\/p><div class=\"progress\"><strong>Besvarad : 0\/19<\/strong><\/div><a href=\"https:\/\/nuoretjaosallisuus.fi\/sv\/iii-ungdomars-mojligheter-att-paverka\/\" class=\"button\">B\u00f6rja <i class=\"fal fa-angle-double-right\"><\/i><\/a><a href=\"https:\/\/nuoretjaosallisuus.fi\/sv\/helhet-iii\/\" class=\"secondary-link\">St\u00f6d<\/a><\/div>            <div class=\"summary-section card status-not-started border-transparent\">\n                <i class=\"icon fal fa-users\"><\/i>\n                <h2>Skapa m\u00f6jligheter till ungas delaktighet p\u00e5 kommunniv\u00e5<\/h2>                                \n                <svg class=\"divider\" version=\"1.1\" xmlns=\"http:\/\/www.w3.org\/2000\/svg\" xmlns:xlink=\"http:\/\/www.w3.org\/1999\/xlink\" x=\"0px\" y=\"0px\" viewBox=\"0 0 50 4\" xml:space=\"preserve\">\n                <line x1=\"3\" y1=\"2\"  x2=\"47\" y2=\"2\" class=\"top\" \/>\n                <\/svg>\n                <p class=\"description\">Grupp IV<\/p><div class=\"progress\"><strong>Besvarad : 0\/30<\/strong><\/div><a href=\"https:\/\/nuoretjaosallisuus.fi\/sv\/iv-skapa-mojligheter-till-ungas-delaktighet-pa-kommunniva\/\" class=\"button\">B\u00f6rja <i class=\"fal fa-angle-double-right\"><\/i><\/a><a href=\"https:\/\/nuoretjaosallisuus.fi\/sv\/helhet-iv\/\" class=\"secondary-link\">St\u00f6d<\/a><\/div><\/div>\n","protected":false},"excerpt":{"rendered":"<p>V\u00e4lkommen att delta i utv\u00e4rderingen! Denna sj\u00e4lvutv\u00e4rdering \u00e5sk\u00e5dligg\u00f6r hur du beaktar ungdomars delaktighet i ditt arbete. Med hj\u00e4lp av verktyget kan du ocks\u00e5 fundera \u00f6ver hur ungas delaktighet realiseras i din kommun. Sj\u00e4lvutv\u00e4rderingens syfte \u00e4r att utveckla hur du beaktar ungas delaktighet i ditt arbete, inom din sektor och i hela kommunens verksamhet. Sj\u00e4lvutv\u00e4rderingen&nbsp;besvaras&nbsp;anonymt.&nbsp;L\u00e4s v\u00e5r &hellip; <a href=\"https:\/\/nuoretjaosallisuus.fi\/sv\/gor-sjalvutvardering\/\" class=\"more-link\">Lue lis\u00e4\u00e4<span class=\"screen-reader-text\"> &#8221;Sj\u00e4lvutv\u00e4rderingsverktyget NOSTE&#8221;<\/span><\/a><\/p>\n","protected":false},"author":1,"featured_media":0,"parent":0,"menu_order":0,"comment_status":"closed","ping_status":"closed","template":"page-templates\/centered-content-column.php","meta":{"_acf_changed":false,"_relevanssi_hide_post":"","_relevanssi_hide_content":"","_relevanssi_pin_for_all":"","_relevanssi_pin_keywords":"","_relevanssi_unpin_keywords":"","_relevanssi_related_keywords":"","_relevanssi_related_include_ids":"","_relevanssi_related_exclude_ids":"","_relevanssi_related_no_append":"","_relevanssi_related_not_related":"","_relevanssi_related_posts":"","_relevanssi_noindex_reason":"","_eb_attr":"","footnotes":""},"class_list":["post-482","page","type-page","status-publish","hentry"],"acf":[],"yoast_head":"<!-- This site is optimized with the Yoast SEO plugin v27.4 - https:\/\/yoast.com\/product\/yoast-seo-wordpress\/ -->\n<title>Sj\u00e4lvutv\u00e4rderingsverktyget NOSTE - Ungas delaktighet<\/title>\n<meta name=\"robots\" content=\"index, follow, max-snippet:-1, max-image-preview:large, max-video-preview:-1\" \/>\n<link rel=\"canonical\" href=\"https:\/\/nuoretjaosallisuus.fi\/sv\/gor-sjalvutvardering\/\" \/>\n<meta property=\"og:locale\" content=\"sv_SE\" \/>\n<meta property=\"og:type\" content=\"article\" \/>\n<meta property=\"og:title\" content=\"Sj\u00e4lvutv\u00e4rderingsverktyget NOSTE - Ungas delaktighet\" \/>\n<meta property=\"og:description\" content=\"V\u00e4lkommen att delta i utv\u00e4rderingen! Denna sj\u00e4lvutv\u00e4rdering \u00e5sk\u00e5dligg\u00f6r hur du beaktar ungdomars delaktighet i ditt arbete. Med hj\u00e4lp av verktyget kan du ocks\u00e5 fundera \u00f6ver hur ungas delaktighet realiseras i din kommun. Sj\u00e4lvutv\u00e4rderingens syfte \u00e4r att utveckla hur du beaktar ungas delaktighet i ditt arbete, inom din sektor och i hela kommunens verksamhet. Sj\u00e4lvutv\u00e4rderingen&nbsp;besvaras&nbsp;anonymt.&nbsp;L\u00e4s v\u00e5r &hellip; Lue lis\u00e4\u00e4 &quot;Sj\u00e4lvutv\u00e4rderingsverktyget NOSTE&quot;\" \/>\n<meta property=\"og:url\" content=\"https:\/\/nuoretjaosallisuus.fi\/sv\/gor-sjalvutvardering\/\" \/>\n<meta property=\"og:site_name\" content=\"Ungas delaktighet\" \/>\n<meta property=\"article:modified_time\" content=\"2022-08-02T12:38:18+00:00\" \/>\n<meta name=\"twitter:card\" content=\"summary_large_image\" \/>\n<meta name=\"twitter:label1\" content=\"Ber\u00e4knad l\u00e4stid\" \/>\n\t<meta name=\"twitter:data1\" content=\"1 minut\" \/>\n<script type=\"application\/ld+json\" class=\"yoast-schema-graph\">{\"@context\":\"https:\\\/\\\/schema.org\",\"@graph\":[{\"@type\":\"WebPage\",\"@id\":\"https:\\\/\\\/nuoretjaosallisuus.fi\\\/sv\\\/gor-sjalvutvardering\\\/\",\"url\":\"https:\\\/\\\/nuoretjaosallisuus.fi\\\/sv\\\/gor-sjalvutvardering\\\/\",\"name\":\"Sj\u00e4lvutv\u00e4rderingsverktyget NOSTE - Ungas delaktighet\",\"isPartOf\":{\"@id\":\"https:\\\/\\\/nuoretjaosallisuus.fi\\\/#website\"},\"datePublished\":\"2019-06-17T11:46:52+00:00\",\"dateModified\":\"2022-08-02T12:38:18+00:00\",\"inLanguage\":\"sv-SE\",\"potentialAction\":[{\"@type\":\"ReadAction\",\"target\":[\"https:\\\/\\\/nuoretjaosallisuus.fi\\\/sv\\\/gor-sjalvutvardering\\\/\"]}]},{\"@type\":\"WebSite\",\"@id\":\"https:\\\/\\\/nuoretjaosallisuus.fi\\\/#website\",\"url\":\"https:\\\/\\\/nuoretjaosallisuus.fi\\\/\",\"name\":\"Ungas delaktighet\",\"description\":\"Onnistunutta osallisuutta nuorille\",\"potentialAction\":[{\"@type\":\"SearchAction\",\"target\":{\"@type\":\"EntryPoint\",\"urlTemplate\":\"https:\\\/\\\/nuoretjaosallisuus.fi\\\/?s={search_term_string}\"},\"query-input\":{\"@type\":\"PropertyValueSpecification\",\"valueRequired\":true,\"valueName\":\"search_term_string\"}}],\"inLanguage\":\"sv-SE\"}]}<\/script>\n<!-- \/ Yoast SEO plugin. -->","yoast_head_json":{"title":"Sj\u00e4lvutv\u00e4rderingsverktyget NOSTE - Ungas delaktighet","robots":{"index":"index","follow":"follow","max-snippet":"max-snippet:-1","max-image-preview":"max-image-preview:large","max-video-preview":"max-video-preview:-1"},"canonical":"https:\/\/nuoretjaosallisuus.fi\/sv\/gor-sjalvutvardering\/","og_locale":"sv_SE","og_type":"article","og_title":"Sj\u00e4lvutv\u00e4rderingsverktyget NOSTE - Ungas delaktighet","og_description":"V\u00e4lkommen att delta i utv\u00e4rderingen! Denna sj\u00e4lvutv\u00e4rdering \u00e5sk\u00e5dligg\u00f6r hur du beaktar ungdomars delaktighet i ditt arbete. Med hj\u00e4lp av verktyget kan du ocks\u00e5 fundera \u00f6ver hur ungas delaktighet realiseras i din kommun. Sj\u00e4lvutv\u00e4rderingens syfte \u00e4r att utveckla hur du beaktar ungas delaktighet i ditt arbete, inom din sektor och i hela kommunens verksamhet. Sj\u00e4lvutv\u00e4rderingen&nbsp;besvaras&nbsp;anonymt.&nbsp;L\u00e4s v\u00e5r &hellip; Lue lis\u00e4\u00e4 \"Sj\u00e4lvutv\u00e4rderingsverktyget NOSTE\"","og_url":"https:\/\/nuoretjaosallisuus.fi\/sv\/gor-sjalvutvardering\/","og_site_name":"Ungas delaktighet","article_modified_time":"2022-08-02T12:38:18+00:00","twitter_card":"summary_large_image","twitter_misc":{"Ber\u00e4knad l\u00e4stid":"1 minut"},"schema":{"@context":"https:\/\/schema.org","@graph":[{"@type":"WebPage","@id":"https:\/\/nuoretjaosallisuus.fi\/sv\/gor-sjalvutvardering\/","url":"https:\/\/nuoretjaosallisuus.fi\/sv\/gor-sjalvutvardering\/","name":"Sj\u00e4lvutv\u00e4rderingsverktyget NOSTE - Ungas delaktighet","isPartOf":{"@id":"https:\/\/nuoretjaosallisuus.fi\/#website"},"datePublished":"2019-06-17T11:46:52+00:00","dateModified":"2022-08-02T12:38:18+00:00","inLanguage":"sv-SE","potentialAction":[{"@type":"ReadAction","target":["https:\/\/nuoretjaosallisuus.fi\/sv\/gor-sjalvutvardering\/"]}]},{"@type":"WebSite","@id":"https:\/\/nuoretjaosallisuus.fi\/#website","url":"https:\/\/nuoretjaosallisuus.fi\/","name":"Ungas delaktighet","description":"Onnistunutta osallisuutta nuorille","potentialAction":[{"@type":"SearchAction","target":{"@type":"EntryPoint","urlTemplate":"https:\/\/nuoretjaosallisuus.fi\/?s={search_term_string}"},"query-input":{"@type":"PropertyValueSpecification","valueRequired":true,"valueName":"search_term_string"}}],"inLanguage":"sv-SE"}]}},"_links":{"self":[{"href":"https:\/\/nuoretjaosallisuus.fi\/sv\/wp-json\/wp\/v2\/pages\/482","targetHints":{"allow":["GET"]}}],"collection":[{"href":"https:\/\/nuoretjaosallisuus.fi\/sv\/wp-json\/wp\/v2\/pages"}],"about":[{"href":"https:\/\/nuoretjaosallisuus.fi\/sv\/wp-json\/wp\/v2\/types\/page"}],"author":[{"embeddable":true,"href":"https:\/\/nuoretjaosallisuus.fi\/sv\/wp-json\/wp\/v2\/users\/1"}],"replies":[{"embeddable":true,"href":"https:\/\/nuoretjaosallisuus.fi\/sv\/wp-json\/wp\/v2\/comments?post=482"}],"version-history":[{"count":15,"href":"https:\/\/nuoretjaosallisuus.fi\/sv\/wp-json\/wp\/v2\/pages\/482\/revisions"}],"predecessor-version":[{"id":7693,"href":"https:\/\/nuoretjaosallisuus.fi\/sv\/wp-json\/wp\/v2\/pages\/482\/revisions\/7693"}],"wp:attachment":[{"href":"https:\/\/nuoretjaosallisuus.fi\/sv\/wp-json\/wp\/v2\/media?parent=482"}],"curies":[{"name":"wp","href":"https:\/\/api.w.org\/{rel}","templated":true}]}}