{"id":520,"date":"2019-07-08T12:45:27","date_gmt":"2019-07-08T09:45:27","guid":{"rendered":"https:\/\/nuoretjaosallisuus.fi\/itsearvioinnin-ohjeet\/"},"modified":"2021-01-19T18:37:15","modified_gmt":"2021-01-19T16:37:15","slug":"vanliga-fragor","status":"publish","type":"page","link":"https:\/\/nuoretjaosallisuus.fi\/sv\/vanliga-fragor\/","title":{"rendered":"Vanliga fr\u00e5gor"},"content":{"rendered":"\n<h2 class=\"wp-block-heading\">H\u00e4r har vi sammanst\u00e4llt svar p\u00e5\nvanliga fr\u00e5gor<\/h2>\n\n\n\n<p><strong>Varf\u00f6r beh\u00f6ver jag registrera mig?<\/strong><br>Det l\u00f6nar sig att registrera sig. Som registrerad anv\u00e4ndare kan du:<\/p>\n\n\n\n<ul class=\"wp-block-list\"><li>Ta del av dina sj\u00e4lvutv\u00e4rderingars resultat<\/li><li>Spara utv\u00e4rderingen medan du h\u00e5ller p\u00e5 att fylla i den och forts\u00e4tta senare<\/li><li>Samla resultat om ungas delaktighet inom din kommun<\/li><li>Enkelt j\u00e4mf\u00f6ra dina resultat med resultat fr\u00e5n din egen kommun och hela Finland under rubriken Mina svar.<\/li><\/ul>\n\n\n\n<p><strong>I vilket syfte och p\u00e5 vilket s\u00e4tt anv\u00e4nds mina svar och uppgifter?<\/strong><br>Sj\u00e4lvutv\u00e4rderingen besvaras anonymt. Registrerade respondenters svar visas p\u00e5 kommun- och sektorniv\u00e5 under rubriken J\u00e4mf\u00f6r kommuner. Svar av alla respondenter, b\u00e5de registrerade och icke-registrerade, visas p\u00e5 landsniv\u00e5 under rubrikerna Mina svar och J\u00e4mf\u00f6r kommuner.&nbsp;<a href=\"https:\/\/ungasdelaktighet.fi\/tietosuojaseloste\/\">L\u00e4s v\u00e5r dataskyddsbeskrivning<\/a>.<\/p>\n\n\n\n<p><strong>Var kan jag redigera min profil?<\/strong><br>B\u00f6rja med att logga in. Inloggningen finns uppe till h\u00f6ger. Efter det v\u00e4ljer du Min profil&nbsp;i menyn uppe till h\u00f6ger. Du kan redigera f\u00f6ljande uppgifter: kommun, sektor, yrkesben\u00e4mning, e-postadress och l\u00f6senord.<\/p>\n\n\n\n<p><strong>Jag har gl\u00f6mt l\u00f6senordet. Hur g\u00f6r jag?<\/strong><br>Du kan \u00e5terst\u00e4lla ditt l\u00f6senord via denna l\u00e4nk: <a href=\"https:\/\/ungasdelaktighet.fi\/reset-password\/\">Gl\u00f6mt l\u00f6senordet<\/a>. Du f\u00e5r ett tillf\u00e4lligt l\u00f6senord till din e-post. Kom ih\u00e5g att kontrollera ocks\u00e5 skr\u00e4pposten, ifall meddelandet inte kommer till din inkorg. Logga in med det tillf\u00e4lliga l\u00f6senordet och skapa ett nytt l\u00f6senord under Min profil.<\/p>\n\n\n\n<p><strong>Var hittar jag sparade sj\u00e4lvutv\u00e4rderingar?<\/strong><br>Du kan spara en halvf\u00e4rdig utv\u00e4rdering endast om du har en profil i tj\u00e4nsten och \u00e4r inloggad. Om du har sparat en halvf\u00e4rdig utv\u00e4rdering hittar du den p\u00e5 f\u00f6rstasidan uppe till h\u00f6ger. Dina prelimin\u00e4ra svar sparas i 30 dagar och du kan forts\u00e4tta fylla i utv\u00e4rderingen n\u00e4r det passar dig. <\/p>\n\n\n\n<p><strong>Hur ofta kan jag g\u00f6ra en sj\u00e4lvutv\u00e4rdering?<\/strong><br>Du kan fylla i utv\u00e4rderingen s\u00e5 ofta du vill.<\/p>\n\n\n\n<p><strong>Var f\u00e5r jag ytterligare information?<\/strong><br>Du kan kontakta oss antingen genom att fylla i responsblanketten eller skicka e-post till adressen&nbsp;<a href=\"mailto:opinkirjo@opinkirjo.fi\">opinkirjo@opinkirjo.fi<\/a>.<\/p>\n","protected":false},"excerpt":{"rendered":"<p>H\u00e4r har vi sammanst\u00e4llt svar p\u00e5 vanliga fr\u00e5gor Varf\u00f6r beh\u00f6ver jag registrera mig?Det l\u00f6nar sig att registrera sig. Som registrerad anv\u00e4ndare kan du: Ta del av dina sj\u00e4lvutv\u00e4rderingars resultat Spara utv\u00e4rderingen medan du h\u00e5ller p\u00e5 att fylla i den och forts\u00e4tta senare Samla resultat om ungas delaktighet inom din kommun Enkelt j\u00e4mf\u00f6ra dina resultat med &hellip; <a href=\"https:\/\/nuoretjaosallisuus.fi\/sv\/vanliga-fragor\/\" class=\"more-link\">Lue lis\u00e4\u00e4<span class=\"screen-reader-text\"> &#8221;Vanliga fr\u00e5gor&#8221;<\/span><\/a><\/p>\n","protected":false},"author":38,"featured_media":0,"parent":0,"menu_order":0,"comment_status":"closed","ping_status":"closed","template":"","meta":{"_acf_changed":false,"_relevanssi_hide_post":"","_relevanssi_hide_content":"","_relevanssi_pin_for_all":"","_relevanssi_pin_keywords":"","_relevanssi_unpin_keywords":"","_relevanssi_related_keywords":"","_relevanssi_related_include_ids":"","_relevanssi_related_exclude_ids":"","_relevanssi_related_no_append":"","_relevanssi_related_not_related":"","_relevanssi_related_posts":"","_relevanssi_noindex_reason":"","_eb_attr":"","footnotes":""},"class_list":["post-520","page","type-page","status-publish","hentry"],"acf":[],"yoast_head":"<!-- This site is optimized with the Yoast SEO plugin v27.4 - https:\/\/yoast.com\/product\/yoast-seo-wordpress\/ -->\n<title>Vanliga fr\u00e5gor - Ungas delaktighet<\/title>\n<meta name=\"robots\" content=\"index, follow, max-snippet:-1, max-image-preview:large, max-video-preview:-1\" \/>\n<link rel=\"canonical\" href=\"https:\/\/nuoretjaosallisuus.fi\/sv\/vanliga-fragor\/\" \/>\n<meta property=\"og:locale\" content=\"sv_SE\" \/>\n<meta property=\"og:type\" content=\"article\" \/>\n<meta property=\"og:title\" content=\"Vanliga fr\u00e5gor - Ungas delaktighet\" \/>\n<meta property=\"og:description\" content=\"H\u00e4r har vi sammanst\u00e4llt svar p\u00e5 vanliga fr\u00e5gor Varf\u00f6r beh\u00f6ver jag registrera mig?Det l\u00f6nar sig att registrera sig. Som registrerad anv\u00e4ndare kan du: Ta del av dina sj\u00e4lvutv\u00e4rderingars resultat Spara utv\u00e4rderingen medan du h\u00e5ller p\u00e5 att fylla i den och forts\u00e4tta senare Samla resultat om ungas delaktighet inom din kommun Enkelt j\u00e4mf\u00f6ra dina resultat med &hellip; Lue lis\u00e4\u00e4 &quot;Vanliga fr\u00e5gor&quot;\" \/>\n<meta property=\"og:url\" content=\"https:\/\/nuoretjaosallisuus.fi\/sv\/vanliga-fragor\/\" \/>\n<meta property=\"og:site_name\" content=\"Ungas delaktighet\" \/>\n<meta property=\"article:modified_time\" content=\"2021-01-19T16:37:15+00:00\" \/>\n<meta name=\"twitter:card\" content=\"summary_large_image\" \/>\n<meta name=\"twitter:label1\" content=\"Ber\u00e4knad l\u00e4stid\" \/>\n\t<meta name=\"twitter:data1\" content=\"2 minuter\" \/>\n<script type=\"application\/ld+json\" class=\"yoast-schema-graph\">{\"@context\":\"https:\\\/\\\/schema.org\",\"@graph\":[{\"@type\":\"WebPage\",\"@id\":\"https:\\\/\\\/nuoretjaosallisuus.fi\\\/sv\\\/vanliga-fragor\\\/\",\"url\":\"https:\\\/\\\/nuoretjaosallisuus.fi\\\/sv\\\/vanliga-fragor\\\/\",\"name\":\"Vanliga fr\u00e5gor - Ungas delaktighet\",\"isPartOf\":{\"@id\":\"https:\\\/\\\/nuoretjaosallisuus.fi\\\/#website\"},\"datePublished\":\"2019-07-08T09:45:27+00:00\",\"dateModified\":\"2021-01-19T16:37:15+00:00\",\"inLanguage\":\"sv-SE\",\"potentialAction\":[{\"@type\":\"ReadAction\",\"target\":[\"https:\\\/\\\/nuoretjaosallisuus.fi\\\/sv\\\/vanliga-fragor\\\/\"]}]},{\"@type\":\"WebSite\",\"@id\":\"https:\\\/\\\/nuoretjaosallisuus.fi\\\/#website\",\"url\":\"https:\\\/\\\/nuoretjaosallisuus.fi\\\/\",\"name\":\"Ungas delaktighet\",\"description\":\"Onnistunutta osallisuutta nuorille\",\"potentialAction\":[{\"@type\":\"SearchAction\",\"target\":{\"@type\":\"EntryPoint\",\"urlTemplate\":\"https:\\\/\\\/nuoretjaosallisuus.fi\\\/?s={search_term_string}\"},\"query-input\":{\"@type\":\"PropertyValueSpecification\",\"valueRequired\":true,\"valueName\":\"search_term_string\"}}],\"inLanguage\":\"sv-SE\"}]}<\/script>\n<!-- \/ Yoast SEO plugin. -->","yoast_head_json":{"title":"Vanliga fr\u00e5gor - Ungas delaktighet","robots":{"index":"index","follow":"follow","max-snippet":"max-snippet:-1","max-image-preview":"max-image-preview:large","max-video-preview":"max-video-preview:-1"},"canonical":"https:\/\/nuoretjaosallisuus.fi\/sv\/vanliga-fragor\/","og_locale":"sv_SE","og_type":"article","og_title":"Vanliga fr\u00e5gor - Ungas delaktighet","og_description":"H\u00e4r har vi sammanst\u00e4llt svar p\u00e5 vanliga fr\u00e5gor Varf\u00f6r beh\u00f6ver jag registrera mig?Det l\u00f6nar sig att registrera sig. Som registrerad anv\u00e4ndare kan du: Ta del av dina sj\u00e4lvutv\u00e4rderingars resultat Spara utv\u00e4rderingen medan du h\u00e5ller p\u00e5 att fylla i den och forts\u00e4tta senare Samla resultat om ungas delaktighet inom din kommun Enkelt j\u00e4mf\u00f6ra dina resultat med &hellip; Lue lis\u00e4\u00e4 \"Vanliga fr\u00e5gor\"","og_url":"https:\/\/nuoretjaosallisuus.fi\/sv\/vanliga-fragor\/","og_site_name":"Ungas delaktighet","article_modified_time":"2021-01-19T16:37:15+00:00","twitter_card":"summary_large_image","twitter_misc":{"Ber\u00e4knad l\u00e4stid":"2 minuter"},"schema":{"@context":"https:\/\/schema.org","@graph":[{"@type":"WebPage","@id":"https:\/\/nuoretjaosallisuus.fi\/sv\/vanliga-fragor\/","url":"https:\/\/nuoretjaosallisuus.fi\/sv\/vanliga-fragor\/","name":"Vanliga fr\u00e5gor - Ungas delaktighet","isPartOf":{"@id":"https:\/\/nuoretjaosallisuus.fi\/#website"},"datePublished":"2019-07-08T09:45:27+00:00","dateModified":"2021-01-19T16:37:15+00:00","inLanguage":"sv-SE","potentialAction":[{"@type":"ReadAction","target":["https:\/\/nuoretjaosallisuus.fi\/sv\/vanliga-fragor\/"]}]},{"@type":"WebSite","@id":"https:\/\/nuoretjaosallisuus.fi\/#website","url":"https:\/\/nuoretjaosallisuus.fi\/","name":"Ungas delaktighet","description":"Onnistunutta osallisuutta nuorille","potentialAction":[{"@type":"SearchAction","target":{"@type":"EntryPoint","urlTemplate":"https:\/\/nuoretjaosallisuus.fi\/?s={search_term_string}"},"query-input":{"@type":"PropertyValueSpecification","valueRequired":true,"valueName":"search_term_string"}}],"inLanguage":"sv-SE"}]}},"_links":{"self":[{"href":"https:\/\/nuoretjaosallisuus.fi\/sv\/wp-json\/wp\/v2\/pages\/520","targetHints":{"allow":["GET"]}}],"collection":[{"href":"https:\/\/nuoretjaosallisuus.fi\/sv\/wp-json\/wp\/v2\/pages"}],"about":[{"href":"https:\/\/nuoretjaosallisuus.fi\/sv\/wp-json\/wp\/v2\/types\/page"}],"author":[{"embeddable":true,"href":"https:\/\/nuoretjaosallisuus.fi\/sv\/wp-json\/wp\/v2\/users\/38"}],"replies":[{"embeddable":true,"href":"https:\/\/nuoretjaosallisuus.fi\/sv\/wp-json\/wp\/v2\/comments?post=520"}],"version-history":[{"count":13,"href":"https:\/\/nuoretjaosallisuus.fi\/sv\/wp-json\/wp\/v2\/pages\/520\/revisions"}],"predecessor-version":[{"id":3571,"href":"https:\/\/nuoretjaosallisuus.fi\/sv\/wp-json\/wp\/v2\/pages\/520\/revisions\/3571"}],"wp:attachment":[{"href":"https:\/\/nuoretjaosallisuus.fi\/sv\/wp-json\/wp\/v2\/media?parent=520"}],"curies":[{"name":"wp","href":"https:\/\/api.w.org\/{rel}","templated":true}]}}