{"id":834,"date":"2019-08-12T12:03:00","date_gmt":"2019-08-12T09:03:00","guid":{"rendered":"https:\/\/nuoretjaosallisuus.fi\/?page_id=834"},"modified":"2021-01-18T15:27:57","modified_gmt":"2021-01-18T13:27:57","slug":"mina-svar","status":"publish","type":"page","link":"https:\/\/nuoretjaosallisuus.fi\/sv\/mina-svar\/","title":{"rendered":"Mina svar"},"content":{"rendered":"\n<h2 class=\"wp-block-heading\">V\u00e4lkommen att ta del av\nresultaten av din sj\u00e4lvutv\u00e4rdering<\/h2>\n\n\n\n<p>P\u00e5 denna sida\nhittar du alla dina sj\u00e4lvutv\u00e4rderingar och kan f\u00f6lja din utveckling.<\/p>\n\n\n\n<p>Du kan se dina resultat genom att v\u00e4lja\n\u00f6nskad utv\u00e4rdering nedan. Ut\u00f6ver dina egna resultat kan du ocks\u00e5 se resultaten\nf\u00f6r din egen kommun och hela Finland.<\/p>\n","protected":false},"excerpt":{"rendered":"<p>V\u00e4lkommen att ta del av resultaten av din sj\u00e4lvutv\u00e4rdering P\u00e5 denna sida hittar du alla dina sj\u00e4lvutv\u00e4rderingar och kan f\u00f6lja din utveckling. Du kan se dina resultat genom att v\u00e4lja \u00f6nskad utv\u00e4rdering nedan. Ut\u00f6ver dina egna resultat kan du ocks\u00e5 se resultaten f\u00f6r din egen kommun och hela Finland.<\/p>\n","protected":false},"author":1,"featured_media":0,"parent":0,"menu_order":0,"comment_status":"closed","ping_status":"closed","template":"page-templates\/personal-results.php","meta":{"_acf_changed":false,"_relevanssi_hide_post":"","_relevanssi_hide_content":"","_relevanssi_pin_for_all":"","_relevanssi_pin_keywords":"","_relevanssi_unpin_keywords":"","_relevanssi_related_keywords":"","_relevanssi_related_include_ids":"","_relevanssi_related_exclude_ids":"","_relevanssi_related_no_append":"","_relevanssi_related_not_related":"","_relevanssi_related_posts":"","_relevanssi_noindex_reason":"","_eb_attr":"","footnotes":""},"class_list":["post-834","page","type-page","status-publish","hentry"],"acf":[],"yoast_head":"<!-- This site is optimized with the Yoast SEO plugin v27.4 - https:\/\/yoast.com\/product\/yoast-seo-wordpress\/ -->\n<title>Mina svar - Ungas delaktighet<\/title>\n<meta name=\"robots\" content=\"index, follow, max-snippet:-1, max-image-preview:large, max-video-preview:-1\" \/>\n<link rel=\"canonical\" href=\"https:\/\/nuoretjaosallisuus.fi\/sv\/mina-svar\/\" \/>\n<meta property=\"og:locale\" content=\"sv_SE\" \/>\n<meta property=\"og:type\" content=\"article\" \/>\n<meta property=\"og:title\" content=\"Mina svar - Ungas delaktighet\" \/>\n<meta property=\"og:description\" content=\"V\u00e4lkommen att ta del av resultaten av din sj\u00e4lvutv\u00e4rdering P\u00e5 denna sida hittar du alla dina sj\u00e4lvutv\u00e4rderingar och kan f\u00f6lja din utveckling. Du kan se dina resultat genom att v\u00e4lja \u00f6nskad utv\u00e4rdering nedan. Ut\u00f6ver dina egna resultat kan du ocks\u00e5 se resultaten f\u00f6r din egen kommun och hela Finland.\" \/>\n<meta property=\"og:url\" content=\"https:\/\/nuoretjaosallisuus.fi\/sv\/mina-svar\/\" \/>\n<meta property=\"og:site_name\" content=\"Ungas delaktighet\" \/>\n<meta property=\"article:modified_time\" content=\"2021-01-18T13:27:57+00:00\" \/>\n<meta name=\"twitter:card\" content=\"summary_large_image\" \/>\n<meta name=\"twitter:label1\" content=\"Ber\u00e4knad l\u00e4stid\" \/>\n\t<meta name=\"twitter:data1\" content=\"1 minut\" \/>\n<script type=\"application\/ld+json\" class=\"yoast-schema-graph\">{\"@context\":\"https:\\\/\\\/schema.org\",\"@graph\":[{\"@type\":\"WebPage\",\"@id\":\"https:\\\/\\\/nuoretjaosallisuus.fi\\\/sv\\\/mina-svar\\\/\",\"url\":\"https:\\\/\\\/nuoretjaosallisuus.fi\\\/sv\\\/mina-svar\\\/\",\"name\":\"Mina svar - Ungas delaktighet\",\"isPartOf\":{\"@id\":\"https:\\\/\\\/nuoretjaosallisuus.fi\\\/#website\"},\"datePublished\":\"2019-08-12T09:03:00+00:00\",\"dateModified\":\"2021-01-18T13:27:57+00:00\",\"inLanguage\":\"sv-SE\",\"potentialAction\":[{\"@type\":\"ReadAction\",\"target\":[\"https:\\\/\\\/nuoretjaosallisuus.fi\\\/sv\\\/mina-svar\\\/\"]}]},{\"@type\":\"WebSite\",\"@id\":\"https:\\\/\\\/nuoretjaosallisuus.fi\\\/#website\",\"url\":\"https:\\\/\\\/nuoretjaosallisuus.fi\\\/\",\"name\":\"Ungas delaktighet\",\"description\":\"Onnistunutta osallisuutta nuorille\",\"potentialAction\":[{\"@type\":\"SearchAction\",\"target\":{\"@type\":\"EntryPoint\",\"urlTemplate\":\"https:\\\/\\\/nuoretjaosallisuus.fi\\\/?s={search_term_string}\"},\"query-input\":{\"@type\":\"PropertyValueSpecification\",\"valueRequired\":true,\"valueName\":\"search_term_string\"}}],\"inLanguage\":\"sv-SE\"}]}<\/script>\n<!-- \/ Yoast SEO plugin. -->","yoast_head_json":{"title":"Mina svar - Ungas delaktighet","robots":{"index":"index","follow":"follow","max-snippet":"max-snippet:-1","max-image-preview":"max-image-preview:large","max-video-preview":"max-video-preview:-1"},"canonical":"https:\/\/nuoretjaosallisuus.fi\/sv\/mina-svar\/","og_locale":"sv_SE","og_type":"article","og_title":"Mina svar - Ungas delaktighet","og_description":"V\u00e4lkommen att ta del av resultaten av din sj\u00e4lvutv\u00e4rdering P\u00e5 denna sida hittar du alla dina sj\u00e4lvutv\u00e4rderingar och kan f\u00f6lja din utveckling. Du kan se dina resultat genom att v\u00e4lja \u00f6nskad utv\u00e4rdering nedan. Ut\u00f6ver dina egna resultat kan du ocks\u00e5 se resultaten f\u00f6r din egen kommun och hela Finland.","og_url":"https:\/\/nuoretjaosallisuus.fi\/sv\/mina-svar\/","og_site_name":"Ungas delaktighet","article_modified_time":"2021-01-18T13:27:57+00:00","twitter_card":"summary_large_image","twitter_misc":{"Ber\u00e4knad l\u00e4stid":"1 minut"},"schema":{"@context":"https:\/\/schema.org","@graph":[{"@type":"WebPage","@id":"https:\/\/nuoretjaosallisuus.fi\/sv\/mina-svar\/","url":"https:\/\/nuoretjaosallisuus.fi\/sv\/mina-svar\/","name":"Mina svar - Ungas delaktighet","isPartOf":{"@id":"https:\/\/nuoretjaosallisuus.fi\/#website"},"datePublished":"2019-08-12T09:03:00+00:00","dateModified":"2021-01-18T13:27:57+00:00","inLanguage":"sv-SE","potentialAction":[{"@type":"ReadAction","target":["https:\/\/nuoretjaosallisuus.fi\/sv\/mina-svar\/"]}]},{"@type":"WebSite","@id":"https:\/\/nuoretjaosallisuus.fi\/#website","url":"https:\/\/nuoretjaosallisuus.fi\/","name":"Ungas delaktighet","description":"Onnistunutta osallisuutta nuorille","potentialAction":[{"@type":"SearchAction","target":{"@type":"EntryPoint","urlTemplate":"https:\/\/nuoretjaosallisuus.fi\/?s={search_term_string}"},"query-input":{"@type":"PropertyValueSpecification","valueRequired":true,"valueName":"search_term_string"}}],"inLanguage":"sv-SE"}]}},"_links":{"self":[{"href":"https:\/\/nuoretjaosallisuus.fi\/sv\/wp-json\/wp\/v2\/pages\/834","targetHints":{"allow":["GET"]}}],"collection":[{"href":"https:\/\/nuoretjaosallisuus.fi\/sv\/wp-json\/wp\/v2\/pages"}],"about":[{"href":"https:\/\/nuoretjaosallisuus.fi\/sv\/wp-json\/wp\/v2\/types\/page"}],"author":[{"embeddable":true,"href":"https:\/\/nuoretjaosallisuus.fi\/sv\/wp-json\/wp\/v2\/users\/1"}],"replies":[{"embeddable":true,"href":"https:\/\/nuoretjaosallisuus.fi\/sv\/wp-json\/wp\/v2\/comments?post=834"}],"version-history":[{"count":15,"href":"https:\/\/nuoretjaosallisuus.fi\/sv\/wp-json\/wp\/v2\/pages\/834\/revisions"}],"predecessor-version":[{"id":3568,"href":"https:\/\/nuoretjaosallisuus.fi\/sv\/wp-json\/wp\/v2\/pages\/834\/revisions\/3568"}],"wp:attachment":[{"href":"https:\/\/nuoretjaosallisuus.fi\/sv\/wp-json\/wp\/v2\/media?parent=834"}],"curies":[{"name":"wp","href":"https:\/\/api.w.org\/{rel}","templated":true}]}}